{"id":111094,"date":"2021-03-02T00:00:00","date_gmt":"2021-03-02T05:00:00","guid":{"rendered":"http:\/\/gpl-love.com\/es\/producto\/searchwp-coauthors-plus-integration\/"},"modified":"2026-04-10T11:23:54","modified_gmt":"2026-04-10T16:23:54","slug":"searchwp-coauthors-plus-integration","status":"publish","type":"product","link":"https:\/\/gpl-love.com\/es\/producto\/searchwp-coauthors-plus-integration\/","title":{"rendered":"SearchWP CoAuthors Plus Integration 1.2.0"},"content":{"rendered":"<h3>SearchWP CoAuthors Plus Integration Caracteristicas<\/h3>\n<p>La integraci\u00f3n SearchWP Coauthors Plus es una herramienta muy potente y efectiva que refuerza en gran medida y mejora la funcionalidad de b\u00fasqueda de su sitio web, particularmente en el \u00e1mbito de los coautores. Esta integraci\u00f3n integra perfectamente a los coautores en los resultados de b\u00fasqueda, facilitando y racionalizando el proceso para que los usuarios localicen y accedan al contenido dise\u00f1ado por sus autores m\u00e1s queridos y apreciados. Adem\u00e1s, esta integraci\u00f3n cuenta con el beneficio adicional de permitirle personalizar y adaptar la configuraci\u00f3n de b\u00fasqueda espec\u00edficamente para los coautores, lo que le brinda la capacidad de priorizar y organizar meticulosamente los resultados de b\u00fasqueda de acuerdo con el autor o incluso emplear filtros basados \u200b\u200ben etiquetas. Ya sea que administre y supervise un blog din\u00e1mico y vibrante o preside un sitio web de publicaci\u00f3n integral, es pr\u00e1cticamente indiscutible que la integraci\u00f3n de los coautores de SearchWP m\u00e1s constituya un activo invaluable e indispensable que sin duda revolucionar\u00e1 y optimizar\u00e1 y optimizar\u00e1 la experiencia de b\u00fasqueda de sus usuarios estimados.<\/p>\n<ul>\n<li>Permite a los usuarios buscar publicaciones por coautores<\/li>\n<li>Se integra con WordPress Plugin Coauthors Plus para una funcionalidad perfecta<\/li>\n<li>Ofrece opciones de personalizaci\u00f3n para mostrar y clasificar los resultados de b\u00fasqueda<\/li>\n<li>Funciona con la mayor\u00eda de los temas y plantillas de WordPress<\/li>\n<li>Aumenta la funcionalidad del sitio web al proporcionar una experiencia de b\u00fasqueda m\u00e1s eficiente para los usuarios<\/li>\n<li>F\u00e1cil de instalar y usar con una configuraci\u00f3n m\u00ednima requerida<\/li>\n<li>Ahorra tiempo y mejora la navegabilidad del contenido del sitio web<\/li>\n<\/ul>\n","protected":false},"excerpt":{"rendered":"<p>La integraci\u00f3n de SearchWP Coauthors Plus, una herramienta muy potente, ofrece una soluci\u00f3n perfecta entre SearchWP y el complemento Coauthors Plus ampliamente aclamado. Con sus notables capacidades, los usuarios est\u00e1n facultados para buscar sin esfuerzo publicaciones no solo por el autor principal, sino tambi\u00e9n por el coautor o incluso el autor invitado, simplificando as\u00ed el proceso de acceder al contenido deseado. Adem\u00e1s, esta integraci\u00f3n tambi\u00e9n abarca la indexaci\u00f3n autom\u00e1tica de t\u00e9rminos y taxonom\u00edas, garantizando la inclusi\u00f3n integral de todas las publicaciones dentro de los resultados de b\u00fasqueda. Sin lugar a dudas, la integraci\u00f3n SearchWP Coauthors Plus es un activo indispensable para aquellos que buscan mejorar la experiencia de descubrimiento de contenido de su sitio web.<\/p>\n","protected":false},"featured_media":167414,"comment_status":"open","ping_status":"open","template":"","meta":[],"product_brand":[2553],"product_cat":[1214,1206,1211],"product_tag":[1368],"class_list":{"0":"post-111094","1":"product","2":"type-product","3":"status-publish","4":"has-post-thumbnail","6":"product_brand-search-wp","7":"product_cat-personalizacion","8":"product_cat-plugins","9":"product_cat-wordpress-plugins","10":"product_tag-search-wp","11":"member-discount","12":"discount-restricted","14":"first","15":"instock","16":"sale","17":"downloadable","18":"virtual","19":"sold-individually","20":"purchasable","21":"product-type-simple"},"_links":{"self":[{"href":"https:\/\/gpl-love.com\/es\/wp-json\/wp\/v2\/product\/111094","targetHints":{"allow":["GET"]}}],"collection":[{"href":"https:\/\/gpl-love.com\/es\/wp-json\/wp\/v2\/product"}],"about":[{"href":"https:\/\/gpl-love.com\/es\/wp-json\/wp\/v2\/types\/product"}],"replies":[{"embeddable":true,"href":"https:\/\/gpl-love.com\/es\/wp-json\/wp\/v2\/comments?post=111094"}],"wp:featuredmedia":[{"embeddable":true,"href":"https:\/\/gpl-love.com\/es\/wp-json\/wp\/v2\/media\/167414"}],"wp:attachment":[{"href":"https:\/\/gpl-love.com\/es\/wp-json\/wp\/v2\/media?parent=111094"}],"wp:term":[{"taxonomy":"product_brand","embeddable":true,"href":"https:\/\/gpl-love.com\/es\/wp-json\/wp\/v2\/product_brand?post=111094"},{"taxonomy":"product_cat","embeddable":true,"href":"https:\/\/gpl-love.com\/es\/wp-json\/wp\/v2\/product_cat?post=111094"},{"taxonomy":"product_tag","embeddable":true,"href":"https:\/\/gpl-love.com\/es\/wp-json\/wp\/v2\/product_tag?post=111094"}],"curies":[{"name":"wp","href":"https:\/\/api.w.org\/{rel}","templated":true}]}}