{"id":111092,"date":"2024-04-03T00:00:00","date_gmt":"2024-04-03T05:00:00","guid":{"rendered":"http:\/\/gpl-love.com\/es\/producto\/searchwp-boolean-search-query\/"},"modified":"2026-04-10T11:23:54","modified_gmt":"2026-04-10T16:23:54","slug":"searchwp-boolean-search-query","status":"publish","type":"product","link":"https:\/\/gpl-love.com\/es\/producto\/searchwp-boolean-search-query\/","title":{"rendered":"SearchWP Boolean Search Query 1.4.3"},"content":{"rendered":"<h3>SearchWP Boolean Search Query Caracteristicas<\/h3>\n<p>La consulta de b\u00fasqueda Boolean SearchWP es una herramienta incre\u00edblemente robusta y altamente efectiva que proporciona a los usuarios un medio perfecto y optimizado para localizar t\u00e9rminos y frases particulares dentro de su sitio web. Haciendo uso de operadores booleanos, este recurso permite a las personas reducir significativamente sus resultados de b\u00fasqueda mediante la implementaci\u00f3n de criterios espec\u00edficos, como la exclusi\u00f3n de ciertas palabras o frases, la identificaci\u00f3n de coincidencias exactas o la b\u00fasqueda de sin\u00f3nimos. Con esta funcionalidad de b\u00fasqueda avanzada a su disposici\u00f3n, los usuarios pueden acceder a la informaci\u00f3n precisa que requieren, lo que les brinda la oportunidad de conservar el tiempo y los valiosos recursos. Independientemente de si uno tiene la tarea de la gesti\u00f3n de un sitio web expansivo o simplemente est\u00e1 en busca de un m\u00e9todo m\u00e1s eficiente para realizar b\u00fasquedas de informaci\u00f3n, la consulta de b\u00fasqueda booleana SearchWP representa indudablemente un activo invaluable que no debe pasar por alto por ning\u00fan propietario o administrador del sitio web.<\/p>\n<ul>\n<li>Resultados de b\u00fasqueda precisos: la consulta de b\u00fasqueda booleana SearchWP proporciona resultados precisos al permitir a los usuarios usar operadores booleanos, como y, y no refinar sus consultas de b\u00fasqueda.<\/li>\n<li>Personalizaci\u00f3n: la consulta de b\u00fasqueda se puede personalizar para adaptarse a las necesidades y preferencias espec\u00edficas del usuario.<\/li>\n<li>F\u00e1cil de usar: la interfaz es f\u00e1cil de usar, lo que facilita a cualquier persona buscar r\u00e1pida y f\u00e1cilmente el contenido deseado.<\/li>\n<li>Velocidad: la consulta de b\u00fasqueda booleana SearchWP est\u00e1 optimizada para resultados r\u00e1pidos, reduciendo los tiempos de b\u00fasqueda y mejorando la productividad.<\/li>\n<li>Compatibilidad con los sitios de WordPress: el complemento es compatible con los sitios de WordPress, lo que permite a los usuarios de WordPress integrar f\u00e1cilmente el complemento en sus sitios web.<\/li>\n<li>Salida de b\u00fasqueda personalizable: la salida de consulta de b\u00fasqueda booleana de SearchWP se puede personalizar para adaptarse a las preferencias espec\u00edficas del usuario, incluido el orden de los resultados de la b\u00fasqueda y el dise\u00f1o.<\/li>\n<li>Precisi\u00f3n de b\u00fasqueda mejorada: el uso de la consulta de b\u00fasqueda booleana SearchWP mejora la precisi\u00f3n de la b\u00fasqueda y reduce la probabilidad de resultados de b\u00fasqueda irrelevantes.<\/li>\n<li>Integraci\u00f3n con otros complementos: el complemento se puede integrar con otros complementos de WordPress, mejorando a\u00fan m\u00e1s la funcionalidad del sitio web.<\/li>\n<li>Opciones de licencias flexibles: la consulta de b\u00fasqueda de boolean SearchWP est\u00e1 disponible en diferentes modelos de licencias, incluidas licencias de sitios individuales y licencias de sitio ilimitadas, lo que permite a los usuarios seleccionar la mejor opci\u00f3n de licencia para sus necesidades.<\/li>\n<\/ul>\n","protected":false},"excerpt":{"rendered":"<p>La consulta de b\u00fasqueda Boolean SearchWP es un instrumento incre\u00edblemente potente y formidable que le permite refinar y mejorar meticulosamente los resultados de las consultas de b\u00fasqueda realizadas en su sitio web. Al aprovechar las capacidades notables de los operadores booleanos, como y, y no, tiene la capacidad de fabricar consultas de b\u00fasqueda intrincadas y sofisticadas que est\u00e1n meticulosamente personalizadas para satisfacer los requisitos y preferencias \u00fanicas de sus estimados usuarios. El resultado final es una variedad de resultados de b\u00fasqueda exquisitamente refinada y cuidadosamente seleccionada que se alinean impecablemente con los objetivos y deseos precisos de sus estimados usuarios. Al implementar e integrar la consulta de b\u00fasqueda booleana SearchWP en su sitio web, tiene la oportunidad de elevar y mejorar significativamente la experiencia general del usuario, estimulando e impulsando efectivamente la participaci\u00f3n del usuario a alturas sin precedentes.<\/p>\n","protected":false},"featured_media":167413,"comment_status":"open","ping_status":"open","template":"","meta":[],"product_brand":[2553],"product_cat":[1214,1206,1211],"product_tag":[1368],"class_list":{"0":"post-111092","1":"product","2":"type-product","3":"status-publish","4":"has-post-thumbnail","6":"product_brand-search-wp","7":"product_cat-personalizacion","8":"product_cat-plugins","9":"product_cat-wordpress-plugins","10":"product_tag-search-wp","11":"member-discount","12":"discount-restricted","14":"first","15":"instock","16":"sale","17":"downloadable","18":"virtual","19":"sold-individually","20":"purchasable","21":"product-type-simple"},"_links":{"self":[{"href":"https:\/\/gpl-love.com\/es\/wp-json\/wp\/v2\/product\/111092","targetHints":{"allow":["GET"]}}],"collection":[{"href":"https:\/\/gpl-love.com\/es\/wp-json\/wp\/v2\/product"}],"about":[{"href":"https:\/\/gpl-love.com\/es\/wp-json\/wp\/v2\/types\/product"}],"replies":[{"embeddable":true,"href":"https:\/\/gpl-love.com\/es\/wp-json\/wp\/v2\/comments?post=111092"}],"wp:featuredmedia":[{"embeddable":true,"href":"https:\/\/gpl-love.com\/es\/wp-json\/wp\/v2\/media\/167413"}],"wp:attachment":[{"href":"https:\/\/gpl-love.com\/es\/wp-json\/wp\/v2\/media?parent=111092"}],"wp:term":[{"taxonomy":"product_brand","embeddable":true,"href":"https:\/\/gpl-love.com\/es\/wp-json\/wp\/v2\/product_brand?post=111092"},{"taxonomy":"product_cat","embeddable":true,"href":"https:\/\/gpl-love.com\/es\/wp-json\/wp\/v2\/product_cat?post=111092"},{"taxonomy":"product_tag","embeddable":true,"href":"https:\/\/gpl-love.com\/es\/wp-json\/wp\/v2\/product_tag?post=111092"}],"curies":[{"name":"wp","href":"https:\/\/api.w.org\/{rel}","templated":true}]}}