{"id":111090,"date":"2023-02-06T00:00:00","date_gmt":"2023-02-06T05:00:00","guid":{"rendered":"http:\/\/gpl-love.com\/es\/producto\/searchwp-bigcommerce-integration\/"},"modified":"2026-04-10T11:23:53","modified_gmt":"2026-04-10T16:23:53","slug":"searchwp-bigcommerce-integration","status":"publish","type":"product","link":"https:\/\/gpl-love.com\/es\/producto\/searchwp-bigcommerce-integration\/","title":{"rendered":"SearchWP BigCommerce Integration 1.2.0"},"content":{"rendered":"<h3>SearchWP BigCommerce Integration Caracteristicas<\/h3>\n<p>La Integraci\u00f3n BigCommerce SearchWP es una herramienta de b\u00fasqueda integral que se ha desarrollado con el objetivo de mejorar la funcionalidad de b\u00fasqueda de su tienda en l\u00ednea BigCommerce. Esta integraci\u00f3n se integra perfectamente con su tienda BigCommerce preexistente, garantizando as\u00ed una experiencia de b\u00fasqueda mejorada para sus estimados clientes. Con un algoritmos de b\u00fasqueda avanzados y una amplia gama de caracter\u00edsticas s\u00f3lidas como b\u00fasqueda en vivo, tolerancia a errores y resaltado de t\u00e9rminos de b\u00fasqueda, la integraci\u00f3n BigCommerce de SearchWP est\u00e1 meticulosamente dise\u00f1ada para garantizar que sus valiosos clientes puedan encontrar sin esfuerzo y ampliamente los productos espec\u00edficos que est\u00e1n buscando para. Adem\u00e1s, esta integraci\u00f3n ofrece un nivel de personalizaci\u00f3n incomparable, brindando la oportunidad de ejercer un control completo sobre qu\u00e9 productos y p\u00e1ginas se abarcan dentro de los resultados de b\u00fasqueda. En resumen, es inequ\u00edvocamente evidente que la integraci\u00f3n BigCommerce SearchWP es una herramienta indispensable que simplemente no puede ser pasada por alto por ning\u00fan propietario de la tienda Bigcommerce que est\u00e9 realmente comprometido a optimizar la funcionalidad de b\u00fasqueda de su tienda en l\u00ednea.<\/p>\n<ul>\n<li>Integra sin problemas SearchWP con su tienda BigCommerce<\/li>\n<li>Mejora la experiencia de b\u00fasqueda de sus clientes al permitirles encontrar f\u00e1cilmente lo que est\u00e1n buscando<\/li>\n<li>Proporciona resultados de b\u00fasqueda m\u00e1s relevantes mediante la utilizaci\u00f3n de las funciones de b\u00fasqueda avanzadas de SearchWP<\/li>\n<li>Se puede personalizar completamente para adaptarse al dise\u00f1o y el dise\u00f1o de su tienda BigCommerce<\/li>\n<li>Funciona con todos los tipos de productos y categor\u00edas, lo que lo convierte en una soluci\u00f3n vers\u00e1til para cualquier tienda en l\u00ednea<\/li>\n<li>F\u00e1cil de instalar y configurar sin requerido conocimiento de codificaci\u00f3n<\/li>\n<li>Proporciona informes detallados y an\u00e1lisis en consultas de b\u00fasqueda, lo que le permite optimizar su sitio para un mejor rendimiento de b\u00fasqueda<\/li>\n<li>Compatible con la \u00faltima versi\u00f3n de BigCommerce<\/li>\n<li>Actualizado regularmente para garantizar la compatibilidad con nuevas versiones de BigCommerce y SearchWP<\/li>\n<li>Proporciona una excelente atenci\u00f3n al cliente, con un equipo disponible para ayudarlo con cualquier pregunta o problema que pueda encontrar.<\/li>\n<\/ul>\n","protected":false},"excerpt":{"rendered":"<p>SearchWP BigCommerce Integration, un complemento notable, cuenta con la capacidad de integrar a la perfecci\u00f3n su tienda BigCommerce con el complemento SearchWP, aumentando significativamente la funcionalidad de b\u00fasqueda de su tienda. Esta integraci\u00f3n facilita a los clientes en la ubicaci\u00f3n r\u00e1pida y sin esfuerzo de los productos espec\u00edficos que desean. Imbuido de una interfaz que exuda intuitividad, una variedad de opciones de b\u00fasqueda avanzadas y la rapidez incomparable, la integraci\u00f3n BigCommerce SearchWP garantiza un encuentro de b\u00fasqueda incomparable para sus clientes estimados. En consecuencia, esto se traduce en una mayor participaci\u00f3n del cliente, tasas de conversi\u00f3n superiores y cifras de ventas amplificadas para su negocio floreciente.<\/p>\n","protected":false},"featured_media":167412,"comment_status":"open","ping_status":"open","template":"","meta":[],"product_brand":[2553],"product_cat":[1214,1206,1211],"product_tag":[1368],"class_list":{"0":"post-111090","1":"product","2":"type-product","3":"status-publish","4":"has-post-thumbnail","6":"product_brand-search-wp","7":"product_cat-personalizacion","8":"product_cat-plugins","9":"product_cat-wordpress-plugins","10":"product_tag-search-wp","11":"member-discount","12":"discount-restricted","14":"first","15":"instock","16":"sale","17":"downloadable","18":"virtual","19":"sold-individually","20":"purchasable","21":"product-type-simple"},"_links":{"self":[{"href":"https:\/\/gpl-love.com\/es\/wp-json\/wp\/v2\/product\/111090","targetHints":{"allow":["GET"]}}],"collection":[{"href":"https:\/\/gpl-love.com\/es\/wp-json\/wp\/v2\/product"}],"about":[{"href":"https:\/\/gpl-love.com\/es\/wp-json\/wp\/v2\/types\/product"}],"replies":[{"embeddable":true,"href":"https:\/\/gpl-love.com\/es\/wp-json\/wp\/v2\/comments?post=111090"}],"wp:featuredmedia":[{"embeddable":true,"href":"https:\/\/gpl-love.com\/es\/wp-json\/wp\/v2\/media\/167412"}],"wp:attachment":[{"href":"https:\/\/gpl-love.com\/es\/wp-json\/wp\/v2\/media?parent=111090"}],"wp:term":[{"taxonomy":"product_brand","embeddable":true,"href":"https:\/\/gpl-love.com\/es\/wp-json\/wp\/v2\/product_brand?post=111090"},{"taxonomy":"product_cat","embeddable":true,"href":"https:\/\/gpl-love.com\/es\/wp-json\/wp\/v2\/product_cat?post=111090"},{"taxonomy":"product_tag","embeddable":true,"href":"https:\/\/gpl-love.com\/es\/wp-json\/wp\/v2\/product_tag?post=111090"}],"curies":[{"name":"wp","href":"https:\/\/api.w.org\/{rel}","templated":true}]}}