{"id":111088,"date":"2021-02-09T00:00:00","date_gmt":"2021-02-09T05:00:00","guid":{"rendered":"http:\/\/gpl-love.com\/es\/producto\/searchwp-bbpress-integration\/"},"modified":"2026-04-10T11:23:52","modified_gmt":"2026-04-10T16:23:52","slug":"searchwp-bbpress-integration","status":"publish","type":"product","link":"https:\/\/gpl-love.com\/es\/producto\/searchwp-bbpress-integration\/","title":{"rendered":"SearchWP bbPress Integration 1.3.1"},"content":{"rendered":"<h3>SearchWP bbPress Integration Caracteristicas<\/h3>\n<p>La integraci\u00f3n BBPress SearchWP, una herramienta notablemente robusta, exhibe la notable capacidad para capacitar a los usuarios en su b\u00fasqueda para localizar de manera efectiva y expedita contenido pertinente en la vasta extensi\u00f3n de los foros de BBPress. Esta integraci\u00f3n, meticulosamente adaptada y notablemente en sinton\u00eda para aumentar la funcionalidad de b\u00fasqueda innata de BBPress, un complemento WordPress inmensamente bien recibido reverenciado por su capacidad para facilitar la creaci\u00f3n de foros de discusi\u00f3n interactivos e interactivos. Con la integraci\u00f3n de BBPress de Searchwp, entrelazada sin problemas en la tela de su experiencia en l\u00ednea, los usuarios tienen la conveniencia sin precedentes de navegar r\u00e1pidamente a trav\u00e9s de una extensa variedad de temas, respuestas, etiquetas e incluso tipos de publicaciones personalizadas, facilitando as\u00ed su b\u00fasqueda para extraer r\u00e1pidamente el indispensable el indispensable informaci\u00f3n que buscan. En virtud de esta integraci\u00f3n incomparable, los usuarios tienen un sentido incomparable de perforaci\u00f3n, lo que resulta en una amplificaci\u00f3n profunda de eficiencia y productividad. En esencia, la integraci\u00f3n SearchWP BBPress es un activo indispensable, un aliado invaluable, para cualquier sitio web o comunidad en l\u00ednea que tenga la suerte de aprovechar los innumerables beneficios ofrecidos por el empleo de los foros de BBPress.<\/p>\n<ul>\n<li>Integraci\u00f3n perfecta de la funcionalidad de b\u00fasqueda avanzada en sus foros bbpress<\/li>\n<li>Experiencia de usuario mejorada para miembros del foro que buscan temas o hilos espec\u00edficos<\/li>\n<li>Utiliza el potente motor SearchWP para ofrecer resultados de b\u00fasqueda precisos basados \u200b\u200ben la relevancia de las palabras clave<\/li>\n<li>Opciones de visualizaci\u00f3n de resultados de b\u00fasqueda totalmente personalizables para que coincidan con la apariencia de sus foros de BBPress<\/li>\n<li>Admite tipos de publicaciones personalizadas y taxonom\u00edas para resultados de b\u00fasqueda a\u00fan m\u00e1s espec\u00edficos<\/li>\n<li>Proceso de instalaci\u00f3n y configuraci\u00f3n simple sin codificaci\u00f3n requerida<\/li>\n<li>Pago \u00fanico para un suministro de actualizaciones y soporte de por vida<\/li>\n<li>Compatible con la \u00faltima versi\u00f3n de WordPress y BBPress<\/li>\n<li>Desarrollador con filtros y ganchos para opciones de personalizaci\u00f3n avanzada<\/li>\n<li>Garant\u00eda de devoluci\u00f3n de dinero de 30 d\u00edas en todas las compras<\/li>\n<\/ul>\n","protected":false},"excerpt":{"rendered":"<p>SearchWP BBPress Integration es un complemento premium muy buscado que integra armoniosamente el software del foro de discusi\u00f3n ampliamente aclamado, BBPress, con la excepcional funcionalidad de b\u00fasqueda de WordPress que los usuarios adoran. Al emplear de manera efectiva este complemento impresionante, sus estimados usuarios sin duda disfrutar\u00e1n de la experiencia de b\u00fasqueda perfecta, examinando sin esfuerzo temas del foro BBPress y responden con una precisi\u00f3n e importancia incomparables. Tenga la seguridad de que este complemento extraordinario cuenta con una variedad de configuraciones de b\u00fasqueda personalizables, lo que le permite priorizar meticulosamente los resultados de b\u00fasqueda de acuerdo con sus estimadas preferencias. Con la notable integraci\u00f3n de BBPress Searchwp a su disposici\u00f3n, la experiencia del usuario se elevar\u00e1 a alturas sin precedentes, ya que navegar a trav\u00e9s de su estimado sitio web para ubicar la informaci\u00f3n deseada se convierte en muy f\u00e1cil.<\/p>\n","protected":false},"featured_media":167411,"comment_status":"open","ping_status":"open","template":"","meta":[],"product_brand":[2553],"product_cat":[1214,1206,1211],"product_tag":[1368],"class_list":{"0":"post-111088","1":"product","2":"type-product","3":"status-publish","4":"has-post-thumbnail","6":"product_brand-search-wp","7":"product_cat-personalizacion","8":"product_cat-plugins","9":"product_cat-wordpress-plugins","10":"product_tag-search-wp","11":"member-discount","12":"discount-restricted","14":"first","15":"instock","16":"sale","17":"downloadable","18":"virtual","19":"sold-individually","20":"purchasable","21":"product-type-simple"},"_links":{"self":[{"href":"https:\/\/gpl-love.com\/es\/wp-json\/wp\/v2\/product\/111088","targetHints":{"allow":["GET"]}}],"collection":[{"href":"https:\/\/gpl-love.com\/es\/wp-json\/wp\/v2\/product"}],"about":[{"href":"https:\/\/gpl-love.com\/es\/wp-json\/wp\/v2\/types\/product"}],"replies":[{"embeddable":true,"href":"https:\/\/gpl-love.com\/es\/wp-json\/wp\/v2\/comments?post=111088"}],"wp:featuredmedia":[{"embeddable":true,"href":"https:\/\/gpl-love.com\/es\/wp-json\/wp\/v2\/media\/167411"}],"wp:attachment":[{"href":"https:\/\/gpl-love.com\/es\/wp-json\/wp\/v2\/media?parent=111088"}],"wp:term":[{"taxonomy":"product_brand","embeddable":true,"href":"https:\/\/gpl-love.com\/es\/wp-json\/wp\/v2\/product_brand?post=111088"},{"taxonomy":"product_cat","embeddable":true,"href":"https:\/\/gpl-love.com\/es\/wp-json\/wp\/v2\/product_cat?post=111088"},{"taxonomy":"product_tag","embeddable":true,"href":"https:\/\/gpl-love.com\/es\/wp-json\/wp\/v2\/product_tag?post=111088"}],"curies":[{"name":"wp","href":"https:\/\/api.w.org\/{rel}","templated":true}]}}