{"id":111086,"date":"2024-02-15T00:00:00","date_gmt":"2024-02-15T05:00:00","guid":{"rendered":"http:\/\/gpl-love.com\/es\/producto\/residence-real-estate-wordpress-theme\/"},"modified":"2026-04-10T11:23:07","modified_gmt":"2026-04-10T16:23:07","slug":"residence-real-estate-wordpress-theme","status":"publish","type":"product","link":"https:\/\/gpl-love.com\/es\/producto\/residence-real-estate-wordpress-theme\/","title":{"rendered":"Residence Real Estate WordPress Theme 4.11.0"},"content":{"rendered":"<h3>Residence Real Estate WordPress Theme Caracteristicas<\/h3>\n<p>El tema de WordPress de Residence Real Estate es una soluci\u00f3n impecable e ideal adaptada espec\u00edficamente para agentes y agencias inmobiliarias que aspiran a crear un sitio web sofisticado y f\u00e1cil de usar. Incorporando un dise\u00f1o contempor\u00e1neo y simplificado, este tema presenta una extensa gama de caracter\u00edsticas y funcionalidades meticulosamente dise\u00f1adas para permitirle exhibir de manera efectiva sus propiedades y servicios de una manera cautivadora y convincente. Entre los atributos notables abarcados dentro de este tema se encuentran sus opciones de b\u00fasqueda avanzadas, listados de propiedades personalizados, mapas interactivos y un dise\u00f1o receptivo meticulosamente optimizado para una visualizaci\u00f3n perfecta en todos los dispositivos. Al aprovechar el tema de WordPress de Residencia Real Estate, puede dise\u00f1ar sin esfuerzo un sitio web que encarna y representa con precisi\u00f3n su marca mientras simult\u00e1neamente magnetiza a los clientes potenciales.<\/p>\n<ul>\n<li>Dise\u00f1o elegante y moderno que es perfecto para exhibir propiedades residenciales<\/li>\n<li>Dise\u00f1o receptivo que se ve muy bien en cualquier dispositivo, lo que permite a los clientes ver las propiedades en la marcha<\/li>\n<li>M\u00faltiples tipos de publicaciones personalizadas para una f\u00e1cil organizaci\u00f3n de propiedades, agentes y testimonios<\/li>\n<li>Mapas de Google integrados para una f\u00e1cil ubicaci\u00f3n y navegaci\u00f3n a propiedades<\/li>\n<li>Funcionalidad de b\u00fasqueda de propiedades avanzadas para ayudar a los clientes a encontrar el hogar perfecto<\/li>\n<li>Constructor de p\u00e1ginas flexible para personalizar dise\u00f1os y crear p\u00e1ginas \u00fanicas<\/li>\n<li>Funcionalidad de blog incorporada para compartir noticias y actualizaciones de la industria con clientes<\/li>\n<li>Integraci\u00f3n de las redes sociales para f\u00e1cil compartir en plataformas populares<\/li>\n<li>Esquema de color totalmente personalizable para que coincida con su marca y estilo<\/li>\n<li>Actualizaciones regulares para garantizar la compatibilidad con la \u00faltima versi\u00f3n y complementos de WordPress.<\/li>\n<\/ul>\n","protected":false},"excerpt":{"rendered":"<p>El tema de WordPress de Residence Real Estate se destaca como una plantilla de sitio web sorprendente y adaptable que ha sido dise\u00f1ada espec\u00edficamente para agentes y agencias inmobiliarias. Esta plantilla en particular cuenta con una interfaz intuitiva y f\u00e1cil de usar, lo que permite una personalizaci\u00f3n sin esfuerzo, lo que lo convierte en la opci\u00f3n perfecta para mostrar su amplia gama de propiedades y atraer a posibles clientes. Adem\u00e1s, su dise\u00f1o totalmente receptivo permite a los visitantes acceder a su sitio web sin problemas desde cualquier dispositivo, lo que le otorga un nivel incomparable de alcance y flexibilidad. Adem\u00e1s, el tema est\u00e1 equipado con todas las caracter\u00edsticas esenciales que uno esperar\u00eda, incluido un poderoso sistema de b\u00fasqueda y filtro, listados integrales de propiedades, galer\u00edas cautivadoras y mucho m\u00e1s. Adem\u00e1s, tambi\u00e9n abarca botones integrados de redes sociales, formularios de contacto personalizables y una secci\u00f3n de blog meticulosamente dise\u00f1ada que sirve para promover su marca y establecerse como un l\u00edder de pensamiento prominente dentro de la industria. Por lo tanto, con el tema de WordPress de bienes ra\u00edces de residencia, su negocio puede lograr sin esfuerzo el nivel deseado de \u00e9xito en l\u00ednea.<\/p>\n","protected":false},"featured_media":167345,"comment_status":"open","ping_status":"open","template":"","meta":[],"product_brand":[2337],"product_cat":[1381,1237,1238],"product_tag":[1391],"class_list":{"0":"post-111086","1":"product","2":"type-product","3":"status-publish","4":"has-post-thumbnail","6":"product_brand-themeforest","7":"product_cat-bienes-raices","8":"product_cat-temas","9":"product_cat-wordpress-temas","10":"product_tag-themeforest","11":"member-discount","12":"discount-restricted","14":"first","15":"instock","16":"sale","17":"downloadable","18":"virtual","19":"sold-individually","20":"purchasable","21":"product-type-simple"},"_links":{"self":[{"href":"https:\/\/gpl-love.com\/es\/wp-json\/wp\/v2\/product\/111086","targetHints":{"allow":["GET"]}}],"collection":[{"href":"https:\/\/gpl-love.com\/es\/wp-json\/wp\/v2\/product"}],"about":[{"href":"https:\/\/gpl-love.com\/es\/wp-json\/wp\/v2\/types\/product"}],"replies":[{"embeddable":true,"href":"https:\/\/gpl-love.com\/es\/wp-json\/wp\/v2\/comments?post=111086"}],"wp:featuredmedia":[{"embeddable":true,"href":"https:\/\/gpl-love.com\/es\/wp-json\/wp\/v2\/media\/167345"}],"wp:attachment":[{"href":"https:\/\/gpl-love.com\/es\/wp-json\/wp\/v2\/media?parent=111086"}],"wp:term":[{"taxonomy":"product_brand","embeddable":true,"href":"https:\/\/gpl-love.com\/es\/wp-json\/wp\/v2\/product_brand?post=111086"},{"taxonomy":"product_cat","embeddable":true,"href":"https:\/\/gpl-love.com\/es\/wp-json\/wp\/v2\/product_cat?post=111086"},{"taxonomy":"product_tag","embeddable":true,"href":"https:\/\/gpl-love.com\/es\/wp-json\/wp\/v2\/product_tag?post=111086"}],"curies":[{"name":"wp","href":"https:\/\/api.w.org\/{rel}","templated":true}]}}