{"id":111084,"date":"2026-03-03T00:00:00","date_gmt":"2026-03-03T05:00:00","guid":{"rendered":"http:\/\/gpl-love.com\/es\/producto\/greenmart-organic-and-food-woocommerce-theme\/"},"modified":"2026-03-13T17:21:51","modified_gmt":"2026-03-13T22:21:51","slug":"greenmart-organic-and-food-woocommerce-theme","status":"publish","type":"product","link":"https:\/\/gpl-love.com\/es\/producto\/greenmart-organic-and-food-woocommerce-theme\/","title":{"rendered":"GreenMart Organic y Food WooCommerce Theme 4.2.14"},"content":{"rendered":"<h3>GreenMart Organic y Food WooCommerce Theme Caracteristicas<\/h3>\n<p>El tema de GreenMart Organic and Food WooCommerce es una plataforma de comercio electr\u00f3nico que es receptiva y personalizable. Su enfoque principal es atender a empresas org\u00e1nicas y relacionadas con los alimentos, lo que lo convierte en una opci\u00f3n ideal para aquellos en la industria. Con su dise\u00f1o elegante y contempor\u00e1neo, este tema est\u00e1 garantizado para captar la atenci\u00f3n de los consumidores que priorizan productos org\u00e1nicos y saludables. Ofrece una interfaz f\u00e1cil de usar, que permite una f\u00e1cil navegaci\u00f3n y personalizaci\u00f3n de dise\u00f1os para adaptarse a las preferencias individuales. Adem\u00e1s, hay una amplia gama de p\u00e1ginas y plantillas predise\u00f1adas disponibles, simplificando el proceso de configuraci\u00f3n y administraci\u00f3n de una tienda en l\u00ednea. Greenmart tambi\u00e9n cuenta con una s\u00f3lida colecci\u00f3n de herramientas de comercio electr\u00f3nico, incluidos filtros, capacidades de clasificaci\u00f3n y opciones de b\u00fasqueda. Adem\u00e1s, se integra sin problemas con las pasarelas de pago populares y las opciones de env\u00edo, asegurando un proceso de transacci\u00f3n suave y eficiente. Al utilizar las empresas de GreenMart, Org\u00e1nica y de Alimentos, pueden establecer una presencia formidable en l\u00ednea al tiempo que brinda a los clientes una experiencia de compra perfecta y agradable.<\/p>\n<ul>\n<li>Dise\u00f1ado espec\u00edficamente para tiendas y mercados de alimentos org\u00e1nicos<\/li>\n<li>Totalmente compatible con WooCommerce y WordPress<\/li>\n<li>Incluye complementos premium como Revolution Slider y Visual Composer<\/li>\n<li>Responsiva m\u00f3vil y retina lista para una visualizaci\u00f3n \u00f3ptima en cualquier dispositivo<\/li>\n<li>M\u00faltiples dise\u00f1os de la p\u00e1gina de inicio, estilos de encabezado y pie de p\u00e1gina para elegir<\/li>\n<li>Filtros de productos incorporados y barra de b\u00fasqueda para una f\u00e1cil navegaci\u00f3n<\/li>\n<li>Integraci\u00f3n de las redes sociales e \u00edconos sociales personalizados<\/li>\n<li>Traducci\u00f3n lista para la internacionalizaci\u00f3n perfecta<\/li>\n<li>Instalaci\u00f3n de demostraci\u00f3n de un solo clic para una f\u00e1cil configuraci\u00f3n<\/li>\n<li>SEO optimizado para mejorar la visibilidad en los motores de b\u00fasqueda<\/li>\n<\/ul>\n","protected":false},"excerpt":{"rendered":"<p>Greenmart es un tema excepcional de WooCommerce dise\u00f1ado espec\u00edficamente para tiendas en l\u00ednea que se especializan en la venta de productos org\u00e1nicos o comestibles. Este tema ofrece una soluci\u00f3n moderna e innovadora que satisface las necesidades \u00fanicas de tales negocios. Al aprovechar un dise\u00f1o limpio y receptivo, GreenMart garantiza una experiencia de navegaci\u00f3n perfecta y f\u00e1cil de usar, lo que permite a los clientes navegar sin esfuerzo a trav\u00e9s del sitio y localizar f\u00e1cilmente los productos que cumplen con sus requisitos espec\u00edficos. Adem\u00e1s, el tema ofrece una gran cantidad de caracter\u00edsticas personalizables y m\u00faltiples dise\u00f1os de p\u00e1gina de inicio, lo que permite a las empresas mostrar sus art\u00edculos frescos y org\u00e1nicos de una manera elegante y visualmente cautivadora. Vale la pena se\u00f1alar que Greenmart est\u00e1 basado en la \u00faltima versi\u00f3n de WooCommerce, que otorga acceso a una amplia gama de caracter\u00edsticas y funcionalidades avanzadas. Estos incluyen un proceso de pago suave y simplificado, una interfaz de usuario intuitiva y una selecci\u00f3n robusta de complementos que mejoran a\u00fan m\u00e1s la experiencia general del usuario. Como resultado, Greenmart se destaca como una excelente opci\u00f3n para las tiendas de comestibles en l\u00ednea, independientemente de su escala o magnitud. Ya sea que est\u00e9 operando una peque\u00f1a tienda org\u00e1nica o administrando un negocio de comercio electr\u00f3nico a gran escala, GreenMart es la soluci\u00f3n \u00f3ptima para crear un sitio web visualmente atractivo, f\u00e1cil de usar y de alto rendimiento que sin duda cautivar\u00e1 e involucrar\u00e1 a su p\u00fablico objetivo.<\/p>\n","protected":false},"featured_media":166387,"comment_status":"open","ping_status":"open","template":"","meta":[],"product_brand":[2337],"product_cat":[1263,1264,1237],"product_tag":[1391],"class_list":{"0":"post-111084","1":"product","2":"type-product","3":"status-publish","4":"has-post-thumbnail","6":"product_brand-themeforest","7":"product_cat-comercio-electronico-temas","8":"product_cat-negocio","9":"product_cat-temas","10":"product_tag-themeforest","11":"member-discount","12":"discount-restricted","14":"first","15":"instock","16":"sale","17":"downloadable","18":"virtual","19":"sold-individually","20":"purchasable","21":"product-type-simple"},"_links":{"self":[{"href":"https:\/\/gpl-love.com\/es\/wp-json\/wp\/v2\/product\/111084","targetHints":{"allow":["GET"]}}],"collection":[{"href":"https:\/\/gpl-love.com\/es\/wp-json\/wp\/v2\/product"}],"about":[{"href":"https:\/\/gpl-love.com\/es\/wp-json\/wp\/v2\/types\/product"}],"replies":[{"embeddable":true,"href":"https:\/\/gpl-love.com\/es\/wp-json\/wp\/v2\/comments?post=111084"}],"wp:featuredmedia":[{"embeddable":true,"href":"https:\/\/gpl-love.com\/es\/wp-json\/wp\/v2\/media\/166387"}],"wp:attachment":[{"href":"https:\/\/gpl-love.com\/es\/wp-json\/wp\/v2\/media?parent=111084"}],"wp:term":[{"taxonomy":"product_brand","embeddable":true,"href":"https:\/\/gpl-love.com\/es\/wp-json\/wp\/v2\/product_brand?post=111084"},{"taxonomy":"product_cat","embeddable":true,"href":"https:\/\/gpl-love.com\/es\/wp-json\/wp\/v2\/product_cat?post=111084"},{"taxonomy":"product_tag","embeddable":true,"href":"https:\/\/gpl-love.com\/es\/wp-json\/wp\/v2\/product_tag?post=111084"}],"curies":[{"name":"wp","href":"https:\/\/api.w.org\/{rel}","templated":true}]}}