{"id":111082,"date":"2026-02-14T00:00:00","date_gmt":"2026-02-14T05:00:00","guid":{"rendered":"http:\/\/gpl-love.com\/es\/producto\/diza-pharmacy-store-elementor-woocommerce-theme\/"},"modified":"2026-03-13T17:19:20","modified_gmt":"2026-03-13T22:19:20","slug":"diza-pharmacy-store-elementor-woocommerce-theme","status":"publish","type":"product","link":"https:\/\/gpl-love.com\/es\/producto\/diza-pharmacy-store-elementor-woocommerce-theme\/","title":{"rendered":"Diza Pharmacy Store Elementor WooCommerce Theme 1.3.17"},"content":{"rendered":"<h3>Diza Pharmacy Store Elementor WooCommerce Theme Caracteristicas<\/h3>\n<p>El tema de Diza Pharmacy Store WooCommerce es un tema extremadamente funcional y altamente personalizable que ha sido dise\u00f1ado espec\u00edficamente para satisfacer las necesidades y requisitos de las farmacias en l\u00ednea. Su dise\u00f1o est\u00e9ticamente agradable y de vanguardia se combina perfectamente con su interfaz f\u00e1cil de usar para proporcionar a los clientes una experiencia de navegaci\u00f3n perfecta, lo que les permite localizar y adquirir sin esfuerzo los productos deseados. Este tema ofrece una gran cantidad de opciones de dise\u00f1o, esquemas de color y elementos de dise\u00f1o que se pueden personalizar sin esfuerzo usando Elementor, lo que lo convierte en el ep\u00edtome de la perfecci\u00f3n para las empresas que se esfuerzan por establecer un emporio de farmacia en l\u00ednea distintivo y sofisticado. Adem\u00e1s, el tema es totalmente receptivo y meticulosamente optimizado para los motores de b\u00fasqueda, lo que garantiza que su sitio web ser\u00e1 accesible sin esfuerzo y sea visible para una amplia gama de usuarios. En general, el tema de Diza Pharmacy Store Elementor WooCommerce es una opci\u00f3n ejemplar para cualquier farmacia en l\u00ednea que se esfuerza por elevar su presencia digital y aumentar sus cifras de ventas.<\/p>\n<ul>\n<li>Dise\u00f1o moderno y profesional dise\u00f1ado espec\u00edficamente para tiendas de farmacia<\/li>\n<li>Construido en Elementor Page Builder para una f\u00e1cil personalizaci\u00f3n y flexibilidad<\/li>\n<li>Totalmente compatible con WooCommerce para la integraci\u00f3n de la tienda en l\u00ednea sin interrupciones<\/li>\n<li>P\u00e1gina de inicio personalizable incluida con secciones predise\u00f1adas para productos destacados, testimonios y m\u00e1s<\/li>\n<li>Opciones de dise\u00f1o de listado de productos m\u00faltiples para elegir<\/li>\n<li>Funcionalidad de b\u00fasqueda avanzada para ayudar a los clientes a encontrar lo que necesitan de manera r\u00e1pida y f\u00e1cil<\/li>\n<li>Integraci\u00f3n con las principales pasarelas de pago para transacciones seguras en l\u00ednea<\/li>\n<li>El dise\u00f1o receptivo m\u00f3vil asegura que su tienda se vea muy bien en cualquier dispositivo<\/li>\n<li>SEO optimizado para ayudar a su tienda a clasificar m\u00e1s alto en los resultados del motor de b\u00fasqueda<\/li>\n<li>Actualizaciones regulares y soporte dedicado de los creadores de temas.<\/li>\n<\/ul>\n","protected":false},"excerpt":{"rendered":"<p>Experimente una soluci\u00f3n de comercio electr\u00f3nico incomparable con el tema de Diza Pharmacy Store Elementor WooCommerce. Este tema es perfecto para las tiendas de farmacia en l\u00ednea, que proporciona un dise\u00f1o elegante y profesional que seguramente atraer\u00e1 a clientes potenciales. Construido con el constructor de p\u00e1ginas Elementor, permite una f\u00e1cil personalizaci\u00f3n, incluso para aquellos sin conocimiento de codificaci\u00f3n. Con la integraci\u00f3n de WooCommerce, administrar su tienda en l\u00ednea se convierte en muy f\u00e1cil. El tema tambi\u00e9n es muy receptivo, asegurando una experiencia de compra perfecta en cualquier dispositivo. Diza Pharmacy Store Elementor WooCommerce Theme cuenta con optimizaci\u00f3n de SEO para una mayor visibilidad en l\u00ednea, y tambi\u00e9n incluye una funci\u00f3n de blog para compartir consejos de salud e informaci\u00f3n de productos. Eleve su tienda de farmacia en l\u00ednea con nuestro tema f\u00e1cil de usar y rico en funciones.<\/p>\n","protected":false},"featured_media":165794,"comment_status":"open","ping_status":"open","template":"","meta":[],"product_brand":[2337],"product_cat":[1263,1264,1237],"product_tag":[1391],"class_list":{"0":"post-111082","1":"product","2":"type-product","3":"status-publish","4":"has-post-thumbnail","6":"product_brand-themeforest","7":"product_cat-comercio-electronico-temas","8":"product_cat-negocio","9":"product_cat-temas","10":"product_tag-themeforest","11":"member-discount","12":"discount-restricted","14":"first","15":"instock","16":"sale","17":"downloadable","18":"virtual","19":"sold-individually","20":"purchasable","21":"product-type-simple"},"_links":{"self":[{"href":"https:\/\/gpl-love.com\/es\/wp-json\/wp\/v2\/product\/111082","targetHints":{"allow":["GET"]}}],"collection":[{"href":"https:\/\/gpl-love.com\/es\/wp-json\/wp\/v2\/product"}],"about":[{"href":"https:\/\/gpl-love.com\/es\/wp-json\/wp\/v2\/types\/product"}],"replies":[{"embeddable":true,"href":"https:\/\/gpl-love.com\/es\/wp-json\/wp\/v2\/comments?post=111082"}],"wp:featuredmedia":[{"embeddable":true,"href":"https:\/\/gpl-love.com\/es\/wp-json\/wp\/v2\/media\/165794"}],"wp:attachment":[{"href":"https:\/\/gpl-love.com\/es\/wp-json\/wp\/v2\/media?parent=111082"}],"wp:term":[{"taxonomy":"product_brand","embeddable":true,"href":"https:\/\/gpl-love.com\/es\/wp-json\/wp\/v2\/product_brand?post=111082"},{"taxonomy":"product_cat","embeddable":true,"href":"https:\/\/gpl-love.com\/es\/wp-json\/wp\/v2\/product_cat?post=111082"},{"taxonomy":"product_tag","embeddable":true,"href":"https:\/\/gpl-love.com\/es\/wp-json\/wp\/v2\/product_tag?post=111082"}],"curies":[{"name":"wp","href":"https:\/\/api.w.org\/{rel}","templated":true}]}}