{"id":111080,"date":"2026-04-07T00:00:00","date_gmt":"2026-04-07T05:00:00","guid":{"rendered":"http:\/\/gpl-love.com\/es\/producto\/phox-hosting-wordpress-and-whmcs-theme\/"},"modified":"2026-04-10T11:21:32","modified_gmt":"2026-04-10T16:21:32","slug":"phox-hosting-wordpress-and-whmcs-theme","status":"publish","type":"product","link":"https:\/\/gpl-love.com\/es\/producto\/phox-hosting-wordpress-and-whmcs-theme\/","title":{"rendered":"Phox Hosting WordPress y WHMCS Theme 2.5.9"},"content":{"rendered":"<h3>Phox Hosting WordPress y WHMCS Theme Caracteristicas<\/h3>\n<p>Phox que aloja el tema de WordPress y WHMCS, reconocido por su poder y flexibilidad, ha sido meticulosamente elaborado para satisfacer las demandas espec\u00edficas de las empresas de alojamiento web. Con capacidades de personalizaci\u00f3n completa y de personalizaci\u00f3n incomparables, los usuarios pueden modificar a los sitios web de moda sin esfuerzo que son \u00fanicos y exudan un aura profesional. Este tema se integra armoniosamente con WordPress y WHMCS, lo que lo convierte en el ep\u00edtome de la excelencia para las empresas que brindan servicios de alojamiento web. Con una extensa gama de caracter\u00edsticas y opciones a su disposici\u00f3n, como una variedad de alternativas de dise\u00f1o, esquemas de color infinitos y posibilidades de personalizaci\u00f3n de van Sitio web de alojamiento web. Ya sea que sea un desarrollador experimentado o un novato, este tema es extraordinariamente f\u00e1cil de usar e indiscutiblemente lo capacitar\u00e1 para construir un sitio web que comete atenci\u00f3n sin esfuerzo y se distingue de sus contempor\u00e1neos.<\/p>\n<ul>\n<li>Un tema profesional y personalizable para WordPress y WHMCS<\/li>\n<li>Perfecto para los negocios de alojamiento y registro de dominio<\/li>\n<li>Incluye caracter\u00edsticas como administraci\u00f3n de facturaci\u00f3n, sistema de soporte de boletos y b\u00fasqueda de dominio integrada<\/li>\n<li>F\u00e1cil de usar y configurar con una interfaz f\u00e1cil de usar<\/li>\n<li>Dise\u00f1o totalmente receptivo que se ve muy bien en todos los dispositivos<\/li>\n<li>Viene con una gama de dise\u00f1os preconstruidos y opciones de personalizaci\u00f3n para que su sitio web sea realmente \u00fanico<\/li>\n<li>Codificaci\u00f3n y optimizaci\u00f3n de alta calidad para velocidades de carga r\u00e1pida y optimizaci\u00f3n de SEO<\/li>\n<li>Compatible con todos los principales navegadores y WooCommerce<\/li>\n<li>Incluye una variedad de c\u00f3digos cortos \u00fatiles y widgets<\/li>\n<li>Actualizado regularmente con nuevas funciones y correcciones de errores para un rendimiento \u00f3ptimo.<\/li>\n<\/ul>\n","protected":false},"excerpt":{"rendered":"<p>Phox Hosting, un tema contempor\u00e1neo y multifac\u00e9tico de WordPress y WHMCS, ha sido meticulosamente elaborado para las empresas de alojamiento web y tecnolog\u00eda. Con un dise\u00f1o pr\u00edstino y sofisticado, este tema presenta una mir\u00edada de opciones personalizables y se integra sin problemas con WHMCS, lo que le permite construir sin esfuerzo un sitio web convincente y refinado para mostrar sus estimados servicios de alojamiento. Imbitado con un dise\u00f1o receptivo, efectos de paralaje, soporte SSL, funcionalidad de b\u00fasqueda de dominio y una variedad de otras caracter\u00edsticas de vanguardia, su sitio web exudar\u00e1 a la est\u00e9tica incomparable y operar\u00e1 con una precisi\u00f3n incomparable. Independientemente de si se est\u00e1 embarcando en un viaje inaugural en el \u00e1mbito de los servicios de alojamiento o que se esfuerza por revitalizar su presencia en l\u00ednea existente, el alojamiento de Phox surge como la soluci\u00f3n por excelencia que sin duda superar\u00e1 sus elevadas expectativas.<\/p>\n","protected":false},"featured_media":167211,"comment_status":"open","ping_status":"open","template":"","meta":[],"product_brand":[2337],"product_cat":[1307,1237,1238],"product_tag":[1391],"class_list":{"0":"post-111080","1":"product","2":"type-product","3":"status-publish","4":"has-post-thumbnail","6":"product_brand-themeforest","7":"product_cat-negocio-wordpress-temas","8":"product_cat-temas","9":"product_cat-wordpress-temas","10":"product_tag-themeforest","11":"member-discount","12":"discount-restricted","14":"first","15":"instock","16":"sale","17":"downloadable","18":"virtual","19":"sold-individually","20":"purchasable","21":"product-type-simple"},"_links":{"self":[{"href":"https:\/\/gpl-love.com\/es\/wp-json\/wp\/v2\/product\/111080","targetHints":{"allow":["GET"]}}],"collection":[{"href":"https:\/\/gpl-love.com\/es\/wp-json\/wp\/v2\/product"}],"about":[{"href":"https:\/\/gpl-love.com\/es\/wp-json\/wp\/v2\/types\/product"}],"replies":[{"embeddable":true,"href":"https:\/\/gpl-love.com\/es\/wp-json\/wp\/v2\/comments?post=111080"}],"wp:featuredmedia":[{"embeddable":true,"href":"https:\/\/gpl-love.com\/es\/wp-json\/wp\/v2\/media\/167211"}],"wp:attachment":[{"href":"https:\/\/gpl-love.com\/es\/wp-json\/wp\/v2\/media?parent=111080"}],"wp:term":[{"taxonomy":"product_brand","embeddable":true,"href":"https:\/\/gpl-love.com\/es\/wp-json\/wp\/v2\/product_brand?post=111080"},{"taxonomy":"product_cat","embeddable":true,"href":"https:\/\/gpl-love.com\/es\/wp-json\/wp\/v2\/product_cat?post=111080"},{"taxonomy":"product_tag","embeddable":true,"href":"https:\/\/gpl-love.com\/es\/wp-json\/wp\/v2\/product_tag?post=111080"}],"curies":[{"name":"wp","href":"https:\/\/api.w.org\/{rel}","templated":true}]}}