{"id":111078,"date":"2021-03-07T00:00:00","date_gmt":"2021-03-07T05:00:00","guid":{"rendered":"http:\/\/gpl-love.com\/es\/producto\/multinews-multipurpose-news-magazine-theme\/"},"modified":"2026-04-10T11:17:19","modified_gmt":"2026-04-10T16:17:19","slug":"multinews-multipurpose-news-magazine-theme","status":"publish","type":"product","link":"https:\/\/gpl-love.com\/es\/producto\/multinews-multipurpose-news-magazine-theme\/","title":{"rendered":"Multinews Multipurpose News Magazine Theme 2.8"},"content":{"rendered":"<h3>Multinews Multipurpose News Magazine Theme Caracteristicas<\/h3>\n<p>El tema de la revista Multinews MultipUrpose News es una plantilla de sitio web de noticias extensa y adaptable que se adapta perfectamente a los portales de noticias contempor\u00e1neos, revistas en l\u00ednea, blogs y otros sitios web editoriales. Con su naturaleza integral y vers\u00e1til, este tema presenta un dise\u00f1o limpio y elegante que es totalmente receptivo y personalizable. Cuenta con una variedad de caracter\u00edsticas potentes, que incluyen un constructor de p\u00e1ginas de arrastrar y soltar, diversas variaciones de la p\u00e1gina de inicio y una amplia selecci\u00f3n de widgets. En esencia, Multinews ofrece una soluci\u00f3n f\u00e1cil de usar para elaborar sin esfuerzo un sitio web profesional y visualmente cautivador que atiende a todos sus requisitos. Va m\u00e1s all\u00e1 de la est\u00e9tica incorporando la optimizaci\u00f3n de SEO, la integraci\u00f3n perfecta con las plataformas de redes sociales y una multitud de espacios publicitarios, todos los cuales le permiten monetizar de manera efectiva su sitio web y atraer a un p\u00fablico m\u00e1s amplio. Independientemente de si aspira a difundir las noticias de \u00faltima hora, involucrar a los lectores con caracter\u00edsticas en profundidad o curar contenido multimedia, el tema de la revista Multinews MultipurSose News ofrece todas las herramientas necesarias para establecer una publicaci\u00f3n en l\u00ednea impresionante.<\/p>\n<ul>\n<li>Tema altamente personalizable y f\u00e1cil de usar<\/li>\n<li>Dise\u00f1ado espec\u00edficamente para crear sitios web de noticias y revistas<\/li>\n<li>Ofrece m\u00faltiples dise\u00f1os de p\u00e1gina de inicio para elegir<\/li>\n<li>Incluye opciones avanzadas para organizar y clasificar su contenido.<\/li>\n<li>Proporciona un poderoso constructor de p\u00e1ginas para crear dise\u00f1os de p\u00e1gina \u00fanicos<\/li>\n<li>Integraci\u00f3n de redes sociales incorporadas para alentar el intercambio y el compromiso<\/li>\n<li>Admite varias funciones multimedia como videos, galer\u00edas y archivos de audio<\/li>\n<li>El dise\u00f1o receptivo m\u00f3vil garantiza una experiencia de usuario perfecta en cualquier dispositivo<\/li>\n<li>Viene equipado con herramientas de optimizaci\u00f3n de SEO para ayudar a aumentar la clasificaci\u00f3n de su sitio web<\/li>\n<li>Las actualizaciones peri\u00f3dicas y la atenci\u00f3n al cliente proporcionaron mejoras y asistencia continuas.<\/li>\n<\/ul>\n","protected":false},"excerpt":{"rendered":"<p>El tema de la revista Multinews MultipUrpose News es un tema de WordPress incre\u00edblemente vers\u00e1til y din\u00e1mico que ha sido meticulosamente dise\u00f1ado para atender la creaci\u00f3n de revistas, portales de noticias y blogs profesionales y cautivadores. Este tema est\u00e1 lleno de una extensa variedad de caracter\u00edsticas y opciones de personalizaci\u00f3n que le permiten mostrar su contenido en varios formatos cautivadores, que van desde videos atractivos e im\u00e1genes cautivadoras hasta texto informativo. Adem\u00e1s, este tema proporciona sin esfuerzo a sus visitantes una experiencia intuitiva y f\u00e1cil de usar que se garantiza que los dejar\u00e1 completamente impresionados. El tema de Multinews va m\u00e1s all\u00e1 al contar con un dise\u00f1o sin problemas y una s\u00f3lida optimizaci\u00f3n de SEO, asegurando que su sitio web permanezca sin esfuerzo accesible y sea atractivo visualmente en una extensa gama de dispositivos. Adem\u00e1s, este tema desempe\u00f1a un papel fundamental en la elevaci\u00f3n de la visibilidad de su sitio web y aumentando la participaci\u00f3n del usuario, solidificando efectivamente su estado como una imprescindible absoluta para blogueros, periodistas y editores en l\u00ednea por igual. Con todas sus caracter\u00edsticas y capacidades notables, el tema de la revista MultineWs MultipUrpose News Sirve como la soluci\u00f3n definitiva para crear sin esfuerzo un portal de noticias en l\u00ednea visualmente impresionante e incre\u00edblemente exitoso.<\/p>\n","protected":false},"featured_media":166836,"comment_status":"open","ping_status":"open","template":"","meta":[],"product_brand":[2337],"product_cat":[1245,1237,1238],"product_tag":[1391],"class_list":{"0":"post-111078","1":"product","2":"type-product","3":"status-publish","4":"has-post-thumbnail","6":"product_brand-themeforest","7":"product_cat-blog-revista","8":"product_cat-temas","9":"product_cat-wordpress-temas","10":"product_tag-themeforest","11":"member-discount","12":"discount-restricted","14":"first","15":"instock","16":"sale","17":"downloadable","18":"virtual","19":"sold-individually","20":"purchasable","21":"product-type-simple"},"_links":{"self":[{"href":"https:\/\/gpl-love.com\/es\/wp-json\/wp\/v2\/product\/111078","targetHints":{"allow":["GET"]}}],"collection":[{"href":"https:\/\/gpl-love.com\/es\/wp-json\/wp\/v2\/product"}],"about":[{"href":"https:\/\/gpl-love.com\/es\/wp-json\/wp\/v2\/types\/product"}],"replies":[{"embeddable":true,"href":"https:\/\/gpl-love.com\/es\/wp-json\/wp\/v2\/comments?post=111078"}],"wp:featuredmedia":[{"embeddable":true,"href":"https:\/\/gpl-love.com\/es\/wp-json\/wp\/v2\/media\/166836"}],"wp:attachment":[{"href":"https:\/\/gpl-love.com\/es\/wp-json\/wp\/v2\/media?parent=111078"}],"wp:term":[{"taxonomy":"product_brand","embeddable":true,"href":"https:\/\/gpl-love.com\/es\/wp-json\/wp\/v2\/product_brand?post=111078"},{"taxonomy":"product_cat","embeddable":true,"href":"https:\/\/gpl-love.com\/es\/wp-json\/wp\/v2\/product_cat?post=111078"},{"taxonomy":"product_tag","embeddable":true,"href":"https:\/\/gpl-love.com\/es\/wp-json\/wp\/v2\/product_tag?post=111078"}],"curies":[{"name":"wp","href":"https:\/\/api.w.org\/{rel}","templated":true}]}}