{"id":111076,"date":"2026-04-21T00:00:00","date_gmt":"2026-04-21T05:00:00","guid":{"rendered":"http:\/\/gpl-love.com\/es\/producto\/kapee-fashion-store-woocommerce-theme\/"},"modified":"2026-04-21T11:15:42","modified_gmt":"2026-04-21T16:15:42","slug":"kapee-fashion-store-woocommerce-theme","status":"publish","type":"product","link":"https:\/\/gpl-love.com\/es\/producto\/kapee-fashion-store-woocommerce-theme\/","title":{"rendered":"Kapee Fashion Store WooCommerce Theme 1.7.1"},"content":{"rendered":"<h3>Kapee Fashion Store WooCommerce Theme Caracteristicas<\/h3>\n<p>El tema de Kapee Fashion Store WooCommerce es un tema de WordPress extremadamente maleable y receptivo, adaptado espec\u00edficamente para emporio de moda virtual. Este tema proporciona una amplia gama de caracter\u00edsticas y opciones que le brindan la capacidad de forjar una boutique en l\u00ednea incomparable y est\u00e9ticamente cautivadora en un mero asunto de momentos. Aprovechando su intuitivo constructor de p\u00e1ginas de arrastrar y soltar, puede moda sin esfuerzo y personalizar el dise\u00f1o, tonos, tipos de letra de su boutique y otras facetas estil\u00edsticas para alinearse sin problemas con la identidad \u00fanica de su marca. Adem\u00e1s, este tema es totalmente compatible con el complemento de WooCommerce prevalente, lo que le permite administrar sin esfuerzo la mercanc\u00eda, el inventario y las transacciones de su boutique, todo desde un tablero singular. Adem\u00e1s, el tema de Kapee Fashion Store WooCommerce est\u00e1 proporcionado con una mir\u00edada de plantillas y demostraciones predise\u00f1adas, que sirven como recursos invaluables para impulsar el dise\u00f1o de su boutique en l\u00ednea. En general, este tema proporciona una soluci\u00f3n robusta y vers\u00e1til para los establecimientos de moda que anhelan elaborar una presencia virtual visualmente impresionante y operacionalmente eficiente.<\/p>\n<ul>\n<li>Tema de WooCommerce dise\u00f1ado profesionalmente para tiendas de comercio electr\u00f3nico de moda<\/li>\n<li>Dise\u00f1o totalmente receptivo para una experiencia de usuario perfecta en todos los dispositivos<\/li>\n<li>M\u00faltiples dise\u00f1os de la p\u00e1gina de inicio y variaciones de encabezado para elegir<\/li>\n<li>Esquemas de color personalizables y opciones de tipograf\u00eda para la consistencia de la marca<\/li>\n<li>Integraci\u00f3n con complementos populares de WooCommerce como Lista de deseos, Compare y Rapid View<\/li>\n<li>Soporte incorporado para la funci\u00f3n de zoom de im\u00e1genes de productos<\/li>\n<li>Builder de p\u00e1gina de arrastrar y soltar f\u00e1ciles de usar para la personalizaci\u00f3n sin codificar<\/li>\n<li>SEO optimizado para clasificaciones de motores de b\u00fasqueda m\u00e1s altos<\/li>\n<li>Traducci\u00f3n lista para el alcance de la audiencia global<\/li>\n<li>Instalaci\u00f3n de demostraci\u00f3n de un solo clic para una configuraci\u00f3n sin esfuerzo<\/li>\n<li>Documentaci\u00f3n extensa y equipo de apoyo dedicado para asistencia<\/li>\n<\/ul>\n","protected":false},"excerpt":{"rendered":"<p>El tema de WooCommerce de Kapee Fashion es un tema de WordPress de alta calidad que ha sido meticulosamente elaborado con el fin de servir tiendas en l\u00ednea, con un enfoque particular en aquellos que operan en la industria de la moda. Este tema excepcional cuenta con un dise\u00f1o est\u00e9ticamente agradable, contempor\u00e1neo y personalizable, lo que le permite presentar sus productos de la manera m\u00e1s atractiva visualmente posible. Con una amplia gama de caracter\u00edsticas sobresalientes a su disposici\u00f3n, que incluye un dise\u00f1o receptivo, una integraci\u00f3n perfecta con el complemento de WooCommerce y las capacidades de personalizaci\u00f3n robustas, Kapee le permite establecer sin esfuerzo una tienda en l\u00ednea distintiva y pulida que est\u00e1 obligada a cautivar a los clientes e impulsar el crecimiento de las ventas .<\/p>\n","protected":false},"featured_media":166546,"comment_status":"open","ping_status":"open","template":"","meta":[],"product_brand":[2337],"product_cat":[1263,1264,1237],"product_tag":[1391],"class_list":{"0":"post-111076","1":"product","2":"type-product","3":"status-publish","4":"has-post-thumbnail","6":"product_brand-themeforest","7":"product_cat-comercio-electronico-temas","8":"product_cat-negocio","9":"product_cat-temas","10":"product_tag-themeforest","11":"member-discount","12":"discount-restricted","14":"first","15":"instock","16":"sale","17":"downloadable","18":"virtual","19":"sold-individually","20":"purchasable","21":"product-type-simple"},"_links":{"self":[{"href":"https:\/\/gpl-love.com\/es\/wp-json\/wp\/v2\/product\/111076","targetHints":{"allow":["GET"]}}],"collection":[{"href":"https:\/\/gpl-love.com\/es\/wp-json\/wp\/v2\/product"}],"about":[{"href":"https:\/\/gpl-love.com\/es\/wp-json\/wp\/v2\/types\/product"}],"replies":[{"embeddable":true,"href":"https:\/\/gpl-love.com\/es\/wp-json\/wp\/v2\/comments?post=111076"}],"wp:featuredmedia":[{"embeddable":true,"href":"https:\/\/gpl-love.com\/es\/wp-json\/wp\/v2\/media\/166546"}],"wp:attachment":[{"href":"https:\/\/gpl-love.com\/es\/wp-json\/wp\/v2\/media?parent=111076"}],"wp:term":[{"taxonomy":"product_brand","embeddable":true,"href":"https:\/\/gpl-love.com\/es\/wp-json\/wp\/v2\/product_brand?post=111076"},{"taxonomy":"product_cat","embeddable":true,"href":"https:\/\/gpl-love.com\/es\/wp-json\/wp\/v2\/product_cat?post=111076"},{"taxonomy":"product_tag","embeddable":true,"href":"https:\/\/gpl-love.com\/es\/wp-json\/wp\/v2\/product_tag?post=111076"}],"curies":[{"name":"wp","href":"https:\/\/api.w.org\/{rel}","templated":true}]}}