{"id":111020,"date":"2026-03-25T00:00:00","date_gmt":"2026-03-25T05:00:00","guid":{"rendered":"http:\/\/gpl-love.com\/es\/producto\/all-in-one-seo-pro-wordpress-plugin\/"},"modified":"2026-03-25T17:15:16","modified_gmt":"2026-03-25T22:15:16","slug":"all-in-one-seo-wordpress-plugin","status":"publish","type":"product","link":"https:\/\/gpl-love.com\/es\/producto\/all-in-one-seo-wordpress-plugin\/","title":{"rendered":"All In One SEO PRO WordPress Plugin 4.9.0"},"content":{"rendered":"<h3>All In One SEO PRO WordPress Plugin Caracteristicas<\/h3>\n<p>El complemento All in One SEO Pro WordPress, una herramienta incre\u00edblemente integral, tiene el prop\u00f3sito de racionalizar y mejorar los esfuerzos de optimizaci\u00f3n de los motores de b\u00fasqueda. Al proporcionarle la capacidad de optimizar sin esfuerzo el contenido y las metaetiquetas de su sitio web, contribuye enormemente a elevar su rango dentro de las p\u00e1ginas de resultados del motor de b\u00fasqueda. Ofreciendo una gran cantidad de caracter\u00edsticas notables, que van desde la optimizaci\u00f3n de palabras clave hasta la creaci\u00f3n de mapa del sitio XML e incluso la integraci\u00f3n de Google Analytics, este complemento indudablemente se destaca. Con su interfaz notablemente f\u00e1cil de usar y sus herramientas de optimizaci\u00f3n excepcionalmente potentes, el complemento All in One SEO Pro WordPress es realmente un activo indispensable para cualquier propietario del sitio web que busque mejorar su presencia en l\u00ednea.<\/p>\n<ul>\n<li>Aumente la optimizaci\u00f3n de motores de b\u00fasqueda de su sitio web (SEO) con facilidad utilizando el complemento All in One SEO Pro WordPress.<\/li>\n<li>Personalice sus t\u00edtulos de SEO y meta descripciones para las p\u00e1ginas de resultados de los motores de b\u00fasqueda (SERPS).<\/li>\n<li>Controle c\u00f3mo aparece su contenido en las plataformas de redes sociales con metaetiquetas sociales.<\/li>\n<li>La funcionalidad de mapa del sitio XML ayuda a los motores de b\u00fasqueda a rastrear e indexar el contenido de su sitio de manera m\u00e1s eficiente.<\/li>\n<li>Genere autom\u00e1ticamente datos estructurados Schema.org para mejorar la visibilidad de su sitio en los resultados de b\u00fasqueda.<\/li>\n<li>Monitoree la salud de SEO de su sitio con an\u00e1lisis incorporados y caracter\u00edsticas de informes.<\/li>\n<li>Las caracter\u00edsticas avanzadas, como SEO local, Video SEO y WooCommerce SEO, est\u00e1n disponibles con la versi\u00f3n Pro del complemento.<\/li>\n<li>Actualizaciones regulares y atenci\u00f3n al cliente aseguran que su sitio se mantenga por delante del juego cuando se trata de SEO.<\/li>\n<\/ul>\n","protected":false},"excerpt":{"rendered":"<p>\u00a1Eleve la visibilidad de su sitio web con el complemento All in One SEO Pro WordPress! Este complemento innovador es una herramienta imprescindible para los propietarios de sitios web que buscan mejorar sus esfuerzos de optimizaci\u00f3n de motores de b\u00fasqueda. Sus caracter\u00edsticas clave incluyen el soporte de mapa del sitio XML, el soporte de Google AMP y las URL can\u00f3nicas avanzadas, lo que garantiza que su sitio sea f\u00e1cilmente descubierta y se clasifica en los motores de b\u00fasqueda. El complemento tambi\u00e9n admite SEO en tipos de publicaciones personalizadas y genera metaetics autom\u00e1ticamente. El complemento All in One SEO Pro ofrece soporte API para desarrolladores, lo que lo convierte en una herramienta vers\u00e1til para varias aplicaciones. Adem\u00e1s, est\u00e1 listo para la traducci\u00f3n, lo que lo convierte en una excelente opci\u00f3n para sitios web multiling\u00fces. Con este complemento, puede asegurarse de que su sitio web se destaque, atraiga m\u00e1s tr\u00e1fico y ofrece una experiencia de usuario superior. Actualice su sitio con el complemento All in One SEO Pro WordPress hoy y presencie los beneficios de las soluciones de SEO avanzadas.<\/p>\n","protected":false},"featured_media":165351,"comment_status":"open","ping_status":"closed","template":"","meta":[],"product_brand":[2360],"product_cat":[1206,1360,1211],"product_tag":[2310],"class_list":{"0":"post-111020","1":"product","2":"type-product","3":"status-publish","4":"has-post-thumbnail","6":"product_brand-aioseo","7":"product_cat-plugins","8":"product_cat-seo","9":"product_cat-wordpress-plugins","10":"product_tag-aioseo","11":"member-discount","12":"discount-restricted","14":"first","15":"instock","16":"sale","17":"downloadable","18":"virtual","19":"sold-individually","20":"purchasable","21":"product-type-simple"},"_links":{"self":[{"href":"https:\/\/gpl-love.com\/es\/wp-json\/wp\/v2\/product\/111020","targetHints":{"allow":["GET"]}}],"collection":[{"href":"https:\/\/gpl-love.com\/es\/wp-json\/wp\/v2\/product"}],"about":[{"href":"https:\/\/gpl-love.com\/es\/wp-json\/wp\/v2\/types\/product"}],"replies":[{"embeddable":true,"href":"https:\/\/gpl-love.com\/es\/wp-json\/wp\/v2\/comments?post=111020"}],"wp:featuredmedia":[{"embeddable":true,"href":"https:\/\/gpl-love.com\/es\/wp-json\/wp\/v2\/media\/165351"}],"wp:attachment":[{"href":"https:\/\/gpl-love.com\/es\/wp-json\/wp\/v2\/media?parent=111020"}],"wp:term":[{"taxonomy":"product_brand","embeddable":true,"href":"https:\/\/gpl-love.com\/es\/wp-json\/wp\/v2\/product_brand?post=111020"},{"taxonomy":"product_cat","embeddable":true,"href":"https:\/\/gpl-love.com\/es\/wp-json\/wp\/v2\/product_cat?post=111020"},{"taxonomy":"product_tag","embeddable":true,"href":"https:\/\/gpl-love.com\/es\/wp-json\/wp\/v2\/product_tag?post=111020"}],"curies":[{"name":"wp","href":"https:\/\/api.w.org\/{rel}","templated":true}]}}