{"id":111007,"date":"2025-05-01T00:00:00","date_gmt":"2025-05-01T05:00:00","guid":{"rendered":"http:\/\/gpl-love.com\/es\/producto\/lusion-multipurpose-ecommerce-wordpress-theme\/"},"modified":"2026-03-13T17:23:51","modified_gmt":"2026-03-13T22:23:51","slug":"lusion-multipurpose-ecommerce-wordpress-theme","status":"publish","type":"product","link":"https:\/\/gpl-love.com\/es\/producto\/lusion-multipurpose-ecommerce-wordpress-theme\/","title":{"rendered":"Lusion Multipurpose eCommerce WordPress Theme 2.1.8"},"content":{"rendered":"<h3>Lusion Multipurpose eCommerce WordPress Theme Caracteristicas<\/h3>\n<p>El tema del comercio electr\u00f3nico multiprop\u00f3sito de Lusion WordPress cuenta con una notable versatilidad y un poder impresionante, todo destinado a facilitar la creaci\u00f3n de una tienda en l\u00ednea visualmente atractiva y perfecta. Este tema est\u00e1 repleto de una variedad de caracter\u00edsticas altamente pr\u00e1cticas, incluida una p\u00e1gina de inicio totalmente personalizable, p\u00e1ginas de productos y proceso de pago. Con su dise\u00f1o modular, los usuarios pueden introducir o extraer sin esfuerzo secciones y adaptar el dise\u00f1o para satisfacer sus requisitos espec\u00edficos. Adem\u00e1s, este tema es totalmente receptivo, asegurando su apariencia sorprendente en todos los dispositivos. Adem\u00e1s, gracias a su integraci\u00f3n perfecta con complementos de renombre como WooCommerce y Elementor, los usuarios pueden disfrutar de la libertad de incorporar funcionalidades suplementarias seg\u00fan lo necesario. Independientemente de si uno est\u00e1 en el negocio de la venta de productos f\u00edsicos, descargas digitales o servicios, optando por el tema de WordPress de comercio electr\u00f3nico multiprop\u00f3sito Lusion garantiza la creaci\u00f3n de una tienda en l\u00ednea profesional y altamente efectiva.<\/p>\n<ul>\n<li>Un tema de WordPress de comercio electr\u00f3nico totalmente personalizable dise\u00f1ado para uso multiprop\u00f3sito<\/li>\n<li>Viene con m\u00e1s de 20 opciones de dise\u00f1o de p\u00e1gina de inicio para elegir<\/li>\n<li>Ofrece una amplia gama de p\u00e1ginas y plantillas preconstruidas, que incluyen p\u00e1ginas de productos, p\u00e1ginas de pago y p\u00e1ginas de blogs<\/li>\n<li>Presenta un dise\u00f1o receptivo, lo que lo hace accesible en todos los dispositivos<\/li>\n<li>Soporte incorporado para WooCommerce, lo que facilita la configuraci\u00f3n de una tienda en l\u00ednea<\/li>\n<li>SEO optimizado para una mejor clasificaci\u00f3n de motores de b\u00fasqueda<\/li>\n<li>Opciones de personalizaci\u00f3n f\u00e1cil de usar, que incluyen un constructor de p\u00e1ginas de arrastrar y soltar y varias opciones de color y fuente<\/li>\n<li>Incluye m\u00faltiples soporte de idiomas para el p\u00fablico global<\/li>\n<li>Ofrece una amplia documentaci\u00f3n y atenci\u00f3n al cliente para ayudar con cualquier problema.<\/li>\n<li>Actualizado regularmente con nuevas caracter\u00edsticas y mejoras para mejorar la experiencia del usuario.<\/li>\n<\/ul>\n","protected":false},"excerpt":{"rendered":"<p>El tema de WordPress de comercio electr\u00f3nico multiprop\u00f3sito de lusion se presenta como la soluci\u00f3n definitiva para las personas que buscan establecer una tienda en l\u00ednea extraordinaria. Con un dise\u00f1o sofisticado y contempor\u00e1neo, este tema proporciona una gran cantidad de opciones de personalizaci\u00f3n y una variedad de caracter\u00edsticas robustas que facilitan la configuraci\u00f3n y administraci\u00f3n sin esfuerzo de su tienda. La capacidad de respuesta de este tema asegura que su sitio web exude excelencia en cualquier dispositivo, mientras que el intuitivo Builder de arrastrar y soltar le facilita las p\u00e1ginas web de moda r\u00e1pida y sin esfuerzo y personalizar su sitio. Adem\u00e1s, el tema se integra armoniosamente con WooCommerce, lo que le permite embarcarse en el viaje de las ventas de productos desde el inicio de su tienda en l\u00ednea. Ya sea que posee un negocio diminuto u opere como un minorista grandioso, el tema de comercio electr\u00f3nico multiprop\u00f3sito de Lusion WordPress proporciona todo lo esencial para la realizaci\u00f3n de una tienda en l\u00ednea triunfante pr\u00f3spera.<\/p>\n","protected":false},"featured_media":166640,"comment_status":"open","ping_status":"open","template":"","meta":[],"product_brand":[2337],"product_cat":[1263,1397,1237],"product_tag":[1391],"class_list":{"0":"post-111007","1":"product","2":"type-product","3":"status-publish","4":"has-post-thumbnail","6":"product_brand-themeforest","7":"product_cat-comercio-electronico-temas","8":"product_cat-de-multiples-fines-comercio-electronico-temas","9":"product_cat-temas","10":"product_tag-themeforest","11":"member-discount","12":"discount-restricted","14":"first","15":"instock","16":"sale","17":"downloadable","18":"virtual","19":"sold-individually","20":"purchasable","21":"product-type-simple"},"_links":{"self":[{"href":"https:\/\/gpl-love.com\/es\/wp-json\/wp\/v2\/product\/111007","targetHints":{"allow":["GET"]}}],"collection":[{"href":"https:\/\/gpl-love.com\/es\/wp-json\/wp\/v2\/product"}],"about":[{"href":"https:\/\/gpl-love.com\/es\/wp-json\/wp\/v2\/types\/product"}],"replies":[{"embeddable":true,"href":"https:\/\/gpl-love.com\/es\/wp-json\/wp\/v2\/comments?post=111007"}],"wp:featuredmedia":[{"embeddable":true,"href":"https:\/\/gpl-love.com\/es\/wp-json\/wp\/v2\/media\/166640"}],"wp:attachment":[{"href":"https:\/\/gpl-love.com\/es\/wp-json\/wp\/v2\/media?parent=111007"}],"wp:term":[{"taxonomy":"product_brand","embeddable":true,"href":"https:\/\/gpl-love.com\/es\/wp-json\/wp\/v2\/product_brand?post=111007"},{"taxonomy":"product_cat","embeddable":true,"href":"https:\/\/gpl-love.com\/es\/wp-json\/wp\/v2\/product_cat?post=111007"},{"taxonomy":"product_tag","embeddable":true,"href":"https:\/\/gpl-love.com\/es\/wp-json\/wp\/v2\/product_tag?post=111007"}],"curies":[{"name":"wp","href":"https:\/\/api.w.org\/{rel}","templated":true}]}}