{"id":111005,"date":"2025-02-16T00:00:00","date_gmt":"2025-02-16T05:00:00","guid":{"rendered":"http:\/\/gpl-love.com\/es\/producto\/oshine-multipurpose-creative-theme\/"},"modified":"2026-04-10T11:20:28","modified_gmt":"2026-04-10T16:20:28","slug":"oshine-multipurpose-creative-theme","status":"publish","type":"product","link":"https:\/\/gpl-love.com\/es\/producto\/oshine-multipurpose-creative-theme\/","title":{"rendered":"Oshine Multipurpose Creative Theme 7.2.6"},"content":{"rendered":"<h3>Oshine Multipurpose Creative Theme Caracteristicas<\/h3>\n<p>El tema creativo de Oshine MultipUrpose se destaca como un tema extremadamente potente y adaptable, que atiende brillantemente a aquellos que buscan forjar un sitio web exquisitamente impresionante. Su repertorio de caracter\u00edsticas y opciones es diverso y abundante, lo que brinda a los usuarios la oportunidad de adaptar sus sitios con precisi\u00f3n a sus especificaciones \u00fanicas. Uno de sus atributos notables radica en su multiplicidad de dise\u00f1os de demostraci\u00f3n, lo que permite a las personas moda sin esfuerzo la est\u00e9tica perfecta para su sitio web con un simple toque o clic. Adem\u00e1s, Oshine cuenta con una capacidad de respuesta completa, lo que la hace compatible y visualmente atractiva en una variedad de dispositivos, desde computadoras de escritorio tradicionales hasta tel\u00e9fonos m\u00f3viles modernos. Ya sea que uno asumiera el papel de un blogger, fot\u00f3grafo o emprendedor, el tema creativo de Oshine Multipurpose surge sin esfuerzo como la opci\u00f3n \u00f3ptima para curar un sitio web que emana profesionalismo y elegancia, obteniendo la adoraci\u00f3n de sus visitantes.<\/p>\n<ul>\n<li>Altamente personalizable y vers\u00e1til<\/li>\n<li>50+ demostraciones y plantillas \u00fanicas incluidas<\/li>\n<li>Interfaz intuitiva y f\u00e1cil de usar<\/li>\n<li>Construido en las \u00faltimas tecnolog\u00edas web<\/li>\n<li>Dise\u00f1o totalmente receptivo para todos los dispositivos y tama\u00f1os de pantalla<\/li>\n<li>Opciones de color ilimitadas y opciones de tipograf\u00eda<\/li>\n<li>Configuraci\u00f3n de tipograf\u00eda avanzada<\/li>\n<li>SEO optimizado para clasificaciones de motores de b\u00fasqueda m\u00e1s altos<\/li>\n<li>Compatibilidad con complementos populares como WooCommerce y WPML<\/li>\n<li>Documentaci\u00f3n extensa y atenci\u00f3n al cliente de primer nivel<\/li>\n<li>Actualizaciones y mejoras regulares para garantizar un rendimiento \u00f3ptimo<\/li>\n<li>Integraci\u00f3n de las redes sociales para un f\u00e1cil intercambio y conectividad<\/li>\n<li>Rendimiento impresionante con tiempos de carga r\u00e1pidos y hinchaz\u00f3n de p\u00e1gina m\u00ednima<\/li>\n<li>Multiling\u00fce y listo para la traducci\u00f3n para atractivo global<\/li>\n<li>Elementos de dise\u00f1o innovadores y atractivos para que su sitio web se destaque<\/li>\n<\/ul>\n","protected":false},"excerpt":{"rendered":"<p>El tema creativo de Oshine MultipurSose es un tema incre\u00edblemente vers\u00e1til y de dise\u00f1o din\u00e1mico que atiende a una amplia gama de proyectos creativos. Cuenta con una extensa colecci\u00f3n de demostraciones y plantillas preconstruidas, lo que permite a los usuarios adaptarlo a la perfecci\u00f3n para su marca, estilo o prop\u00f3sito espec\u00edfico. Adem\u00e1s, este tema abarca una multitud de elementos de dise\u00f1o, caracter\u00edsticas y herramientas que capacitan a los usuarios para crear sitios web, carteras, blogs e incluso plataformas de comercio electr\u00f3nico sin esfuerzo. Adem\u00e1s, su interfaz de arrastrar y soltar f\u00e1cilmente con usuarios y su documentaci\u00f3n integral lo hacen igualmente accesible y f\u00e1cil de usar tanto para novatos como para profesionales experimentados. Independientemente de si se identifica como dise\u00f1ador, fot\u00f3grafo, artista o propietario de negocios, el tema creativo de Oshine Multipurpose se erige inequ\u00edvocamente como la mejor opci\u00f3n para materializar su visi\u00f3n creativa en una realidad tangible.<\/p>\n","protected":false},"featured_media":167114,"comment_status":"open","ping_status":"open","template":"","meta":[],"product_brand":[2337],"product_cat":[1239,1237,1238],"product_tag":[1391],"class_list":{"0":"post-111005","1":"product","2":"type-product","3":"status-publish","4":"has-post-thumbnail","6":"product_brand-themeforest","7":"product_cat-de-multiples-fines","8":"product_cat-temas","9":"product_cat-wordpress-temas","10":"product_tag-themeforest","11":"member-discount","12":"discount-restricted","14":"first","15":"instock","16":"sale","17":"downloadable","18":"virtual","19":"sold-individually","20":"purchasable","21":"product-type-simple"},"_links":{"self":[{"href":"https:\/\/gpl-love.com\/es\/wp-json\/wp\/v2\/product\/111005","targetHints":{"allow":["GET"]}}],"collection":[{"href":"https:\/\/gpl-love.com\/es\/wp-json\/wp\/v2\/product"}],"about":[{"href":"https:\/\/gpl-love.com\/es\/wp-json\/wp\/v2\/types\/product"}],"replies":[{"embeddable":true,"href":"https:\/\/gpl-love.com\/es\/wp-json\/wp\/v2\/comments?post=111005"}],"wp:featuredmedia":[{"embeddable":true,"href":"https:\/\/gpl-love.com\/es\/wp-json\/wp\/v2\/media\/167114"}],"wp:attachment":[{"href":"https:\/\/gpl-love.com\/es\/wp-json\/wp\/v2\/media?parent=111005"}],"wp:term":[{"taxonomy":"product_brand","embeddable":true,"href":"https:\/\/gpl-love.com\/es\/wp-json\/wp\/v2\/product_brand?post=111005"},{"taxonomy":"product_cat","embeddable":true,"href":"https:\/\/gpl-love.com\/es\/wp-json\/wp\/v2\/product_cat?post=111005"},{"taxonomy":"product_tag","embeddable":true,"href":"https:\/\/gpl-love.com\/es\/wp-json\/wp\/v2\/product_tag?post=111005"}],"curies":[{"name":"wp","href":"https:\/\/api.w.org\/{rel}","templated":true}]}}