{"id":111003,"date":"2022-02-15T00:00:00","date_gmt":"2022-02-15T05:00:00","guid":{"rendered":"http:\/\/gpl-love.com\/es\/producto\/woocommerce-ultimate-points-and-rewards\/"},"modified":"2026-03-09T08:26:09","modified_gmt":"2026-03-09T13:26:09","slug":"woocommerce-ultimate-points-and-rewards","status":"publish","type":"product","link":"https:\/\/gpl-love.com\/es\/producto\/woocommerce-ultimate-points-and-rewards\/","title":{"rendered":"WooCommerce Ultimate Points And Rewards 2.2.1"},"content":{"rendered":"<h3>WooCommerce Ultimate Points And Rewards Caracteristicas<\/h3>\n<p>WooCommerce Ultimate Points and Rewards, un complemento extremadamente potente, permite a los propietarios de la tienda de comercio electr\u00f3nico a integrar sin problemas un mecanismo gratificante para su estimada clientela. Mediante este notable complemento, los clientes pueden acumular puntos a trav\u00e9s de diversas actividades, que van desde realizar compras hasta referir conocidos y escribir cr\u00edticas de productos. Posteriormente, estos puntos acumulados se pueden intercambiar por atraer privilegios, como descuentos, mercanc\u00edas de cortes\u00eda u otros incentivos atractivos. La notable adaptabilidad del complemento permite a los propietarios de tiendas establecer regulaciones meticulosas que rigen la adquisici\u00f3n y la redenci\u00f3n de puntos, al tiempo que les permite crear esquemas de recompensa a medida. Tal herramienta multifac\u00e9tica no solo fomenta la lealtad de los clientes inquebrantables, sino que tambi\u00e9n sirve como impulso para las ventas aumentadas y una mayor participaci\u00f3n del cliente. En esencia, es inequ\u00edvocamente innegable que los puntos finales de WooCommerce y las recompensas se mantengan inequ\u00edvocamente como un complemento indispensable para cualquier establecimiento de comercio electr\u00f3nico que se esfuerce ambiciosamente para incorporar un sistema de recompensas eficaz.<\/p>\n<ul>\n<li>Permite a los propietarios de tiendas crear programas de recompensas para clientes que fomenten las compras repetidas y la lealtad del cliente<\/li>\n<li>Los puntos se pueden obtener a trav\u00e9s de diversas acciones, como realizar compras, dejar revisiones de productos o referir nuevos clientes<\/li>\n<li>Los puntos se pueden canjear por descuentos o productos gratuitos en futuras compras<\/li>\n<li>Los propietarios de las tiendas tienen la capacidad de establecer valores y reglas de puntos para ganar y canjear puntos<\/li>\n<li>Los clientes pueden rastrear sus puntos y recompensas a trav\u00e9s del tablero de su cuenta<\/li>\n<li>Admite m\u00faltiples idiomas y monedas para una base global de clientes<\/li>\n<li>Se integra a la perfecci\u00f3n con WooCommerce, la plataforma de comercio electr\u00f3nico m\u00e1s popular del mundo<\/li>\n<li>F\u00e1cil de instalar y personalizar sin necesidad de codificaci\u00f3n<\/li>\n<li>Proporciona informes y an\u00e1lisis detallados del comportamiento del cliente y la efectividad del programa de recompensas.<\/li>\n<\/ul>\n","protected":false},"excerpt":{"rendered":"<p>WooCommerce Ultimate Points and Rewards es un complemento altamente sofisticado dise\u00f1ado para capacitar a los propietarios de tiendas en l\u00ednea en su b\u00fasqueda de recompensar a los clientes por sus compras y varias otras acciones. Este complemento excepcional le otorga la capacidad de elaborar un programa de lealtad notablemente vers\u00e1til que se puede adaptar para alinearse con precisi\u00f3n con sus requisitos comerciales \u00fanicos. Al aprovechar la potencia de este complemento, sus valiosos clientes tendr\u00e1n la oportunidad de acumular puntos a trav\u00e9s de sus compras o referencias, que posteriormente se pueden canjear por descuentos atrayentes o incluso productos de cortes\u00eda. La belleza de este complemento radica en su capacidad para permitirle establecer diversas reglas de puntos, asignar valores de puntos espec\u00edficos a sus diversos productos y ejercer un control completo sobre las opciones disponibles para canjear estos preciosos puntos. Adem\u00e1s, este complemento cuenta con un sistema de puntos perfectamente adaptable, notificaciones inteligentes y una interfaz incre\u00edblemente f\u00e1cil de usar, todo lo cual funciona en perfecta armon\u00eda para facilitar la gesti\u00f3n sin esfuerzo de su programa de recompensas. A trav\u00e9s de la utilizaci\u00f3n de puntos y recompensas de WooCommerce Ultimate, podr\u00e1 elevar sin esfuerzo su retenci\u00f3n de clientes, fomentar la lealtad inquebrantable y, en \u00faltima instancia, generar un crecimiento sustancial de las ventas.<\/p>\n","protected":false},"featured_media":168293,"comment_status":"open","ping_status":"open","template":"","meta":[],"product_brand":[2339],"product_cat":[1207,1225,1206],"product_tag":[1256],"class_list":{"0":"post-111003","1":"product","2":"type-product","3":"status-publish","4":"has-post-thumbnail","6":"product_brand-codecanyon","7":"product_cat-comercio-electronico-plugins","8":"product_cat-marketing","9":"product_cat-plugins","10":"product_tag-codecanyon","11":"member-discount","12":"discount-restricted","14":"first","15":"instock","16":"sale","17":"downloadable","18":"virtual","19":"sold-individually","20":"purchasable","21":"product-type-simple"},"_links":{"self":[{"href":"https:\/\/gpl-love.com\/es\/wp-json\/wp\/v2\/product\/111003","targetHints":{"allow":["GET"]}}],"collection":[{"href":"https:\/\/gpl-love.com\/es\/wp-json\/wp\/v2\/product"}],"about":[{"href":"https:\/\/gpl-love.com\/es\/wp-json\/wp\/v2\/types\/product"}],"replies":[{"embeddable":true,"href":"https:\/\/gpl-love.com\/es\/wp-json\/wp\/v2\/comments?post=111003"}],"wp:featuredmedia":[{"embeddable":true,"href":"https:\/\/gpl-love.com\/es\/wp-json\/wp\/v2\/media\/168293"}],"wp:attachment":[{"href":"https:\/\/gpl-love.com\/es\/wp-json\/wp\/v2\/media?parent=111003"}],"wp:term":[{"taxonomy":"product_brand","embeddable":true,"href":"https:\/\/gpl-love.com\/es\/wp-json\/wp\/v2\/product_brand?post=111003"},{"taxonomy":"product_cat","embeddable":true,"href":"https:\/\/gpl-love.com\/es\/wp-json\/wp\/v2\/product_cat?post=111003"},{"taxonomy":"product_tag","embeddable":true,"href":"https:\/\/gpl-love.com\/es\/wp-json\/wp\/v2\/product_tag?post=111003"}],"curies":[{"name":"wp","href":"https:\/\/api.w.org\/{rel}","templated":true}]}}