{"id":111001,"date":"2025-12-12T00:00:00","date_gmt":"2025-12-12T05:00:00","guid":{"rendered":"http:\/\/gpl-love.com\/es\/producto\/flatsome-multi-purpose-responsive-woocommerce-theme\/"},"modified":"2026-03-13T17:20:55","modified_gmt":"2026-03-13T22:20:55","slug":"flatsome-multi-purpose-responsive-woocommerce-theme","status":"publish","type":"product","link":"https:\/\/gpl-love.com\/es\/producto\/flatsome-multi-purpose-responsive-woocommerce-theme\/","title":{"rendered":"Flatsome Multi Purpose WooCommerce Theme 3.20.4"},"content":{"rendered":"<h3>Flatsome Multi Purpose WooCommerce Theme Caracteristicas<\/h3>\n<p>Flatsome, un tema vers\u00e1til de WooCommerce, ha sido meticulosamente elaborado para producir sitios web de comercio electr\u00f3nico visualmente impresionantes y altamente profesionales. Este tema ofrece una gran cantidad de opciones de personalizaci\u00f3n f\u00e1cil de usar, otorgando a los usuarios la capacidad de modificar sin esfuerzo todos y cada uno de los aspectos de su sitio web, desde la tipograf\u00eda hasta los colores y el dise\u00f1o. Adem\u00e1s, FlatSome cuenta con una variedad de demostraciones prefabricadas, facilitando un proceso de iniciaci\u00f3n r\u00e1pido y sin complicaciones para los usuarios. Adem\u00e1s, este tema se ha optimizado diligentemente para garantizar un rendimiento impecable en una variedad de dispositivos m\u00f3viles, garantizando as\u00ed una experiencia de usuario perfecta e inmersiva. A la luz de sus atributos excepcionales y su interfaz intuitiva dise\u00f1ada, FlatTysome, sin duda, representa una opci\u00f3n indispensable para las personas que buscan establecer una plataforma de comercio electr\u00f3nico que exude tanto la sofisticaci\u00f3n como la funcionalidad. Por lo tanto, debido a sus poderosas caracter\u00edsticas y elegancia innata, este tema es una necesidad absoluta para cualquier propietario de la tienda en l\u00ednea.<\/p>\n<ul>\n<li>Un dise\u00f1o profesional y elegante para un sitio web de comercio electr\u00f3nico<\/li>\n<li>Compatible con el complemento de WooCommerce, que permite una gesti\u00f3n de tiendas en l\u00ednea f\u00e1cil y f\u00e1cil<\/li>\n<li>M\u00faltiples plantillas predise\u00f1adas para diferentes tipos de negocios, incluidas la moda, la electr\u00f3nica y los muebles<\/li>\n<li>Dise\u00f1o personalizable y opciones de color para adaptarse a la marca \u00fanica de su negocio<\/li>\n<li>Dise\u00f1o receptivo para garantizar que su sitio web se vea genial en todos los dispositivos y tama\u00f1os de pantalla<\/li>\n<li>Constructor de p\u00e1gina de arrastrar y soltar incorporado para una f\u00e1cil personalizaci\u00f3n del sitio web<\/li>\n<li>Optimizado para motores de b\u00fasqueda, ayudando a mejorar la clasificaci\u00f3n del sitio web y atraer m\u00e1s clientes<\/li>\n<li>Incluye soporte para pasarelas de pago populares, como PayPal y Stripe, lo que facilita a los clientes completar las transacciones en su sitio web<\/li>\n<li>Las caracter\u00edsticas adicionales, como la integraci\u00f3n de las redes sociales y las revisiones de los clientes, para mejorar la experiencia del usuario y aumentar las conversiones.<\/li>\n<\/ul>\n","protected":false},"excerpt":{"rendered":"<p>El tema de WooCommerce multiprop\u00f3sito FlatSome es una opci\u00f3n ideal para las personas en busca de una soluci\u00f3n integral y sofisticada para construir una tienda en l\u00ednea que exuda profesionalismo. Equipado con un dise\u00f1o elegante y est\u00e9ticamente agradable, as\u00ed como una gran cantidad de caracter\u00edsticas robustas, este tema ofrece a los usuarios la capacidad de exhibir sin esfuerzo su surtido de mercanc\u00edas, todo al tiempo que garantiza un encuentro sin costura y gratificante para los posibles compradores. Independientemente de si se especializa en la provisi\u00f3n de bienes tangibles o productos digitales, FlatSome posee todos los componentes esenciales necesarios para fabricar un mercado en l\u00ednea exquisito y cautivador que sin duda atraer\u00e1 a una nueva clientela, al tiempo que fomentan simult\u00e1neamente la lealtad y el patrocinio continuo. Por lo tanto, \u00bfpor qu\u00e9 prolongar la espera? \u00a1Aproveche la oportunidad de adquirir el notable tema de WooCommerce de fines m\u00faltiples notables hoy, y comenzar la materializaci\u00f3n de su aspiraci\u00f3n de larga data para establecer un emporio en l\u00ednea notable y pr\u00f3spero!<\/p>\n","protected":false},"featured_media":166117,"comment_status":"open","ping_status":"open","template":"","meta":[],"product_brand":[2337],"product_cat":[1263,1397,1237],"product_tag":[1391],"class_list":{"0":"post-111001","1":"product","2":"type-product","3":"status-publish","4":"has-post-thumbnail","6":"product_brand-themeforest","7":"product_cat-comercio-electronico-temas","8":"product_cat-de-multiples-fines-comercio-electronico-temas","9":"product_cat-temas","10":"product_tag-themeforest","11":"member-discount","12":"discount-restricted","14":"first","15":"instock","16":"sale","17":"downloadable","18":"virtual","19":"sold-individually","20":"purchasable","21":"product-type-simple"},"_links":{"self":[{"href":"https:\/\/gpl-love.com\/es\/wp-json\/wp\/v2\/product\/111001","targetHints":{"allow":["GET"]}}],"collection":[{"href":"https:\/\/gpl-love.com\/es\/wp-json\/wp\/v2\/product"}],"about":[{"href":"https:\/\/gpl-love.com\/es\/wp-json\/wp\/v2\/types\/product"}],"replies":[{"embeddable":true,"href":"https:\/\/gpl-love.com\/es\/wp-json\/wp\/v2\/comments?post=111001"}],"wp:featuredmedia":[{"embeddable":true,"href":"https:\/\/gpl-love.com\/es\/wp-json\/wp\/v2\/media\/166117"}],"wp:attachment":[{"href":"https:\/\/gpl-love.com\/es\/wp-json\/wp\/v2\/media?parent=111001"}],"wp:term":[{"taxonomy":"product_brand","embeddable":true,"href":"https:\/\/gpl-love.com\/es\/wp-json\/wp\/v2\/product_brand?post=111001"},{"taxonomy":"product_cat","embeddable":true,"href":"https:\/\/gpl-love.com\/es\/wp-json\/wp\/v2\/product_cat?post=111001"},{"taxonomy":"product_tag","embeddable":true,"href":"https:\/\/gpl-love.com\/es\/wp-json\/wp\/v2\/product_tag?post=111001"}],"curies":[{"name":"wp","href":"https:\/\/api.w.org\/{rel}","templated":true}]}}