{"id":110974,"date":"2025-08-03T00:00:00","date_gmt":"2025-08-03T05:00:00","guid":{"rendered":"http:\/\/gpl-love.com\/es\/producto\/woocommerce-store-credit\/"},"modified":"2026-03-09T08:25:50","modified_gmt":"2026-03-09T13:25:50","slug":"woocommerce-store-credit","status":"publish","type":"product","link":"https:\/\/gpl-love.com\/es\/producto\/woocommerce-store-credit\/","title":{"rendered":"WooCommerce Store Credit 5.1.2"},"content":{"rendered":"<h3>WooCommerce Store Credit Caracteristicas<\/h3>\n<p>El cr\u00e9dito de la tienda WooCommerce es una herramienta incre\u00edblemente robusta y efectiva que sirve como un medio para administrar eficientemente los cr\u00e9ditos y reembolsos de los clientes. Este complemento excepcional le ofrece la capacidad de generar sin esfuerzo el cr\u00e9dito de la tienda espec\u00edficamente para sus clientes, brind\u00e1ndoles la oportunidad de realizar compras en su tienda en l\u00ednea utilizando este cr\u00e9dito. Adem\u00e1s, este complemento le permite monitorear sin problemas y realizar un seguimiento de los saldos de cr\u00e9dito de la tienda, al tiempo que le otorga la capacidad de emitir reembolsos en forma de cr\u00e9dito de la tienda. Adem\u00e1s de estas caracter\u00edsticas convenientes, el complemento ofrece la notable flexibilidad de personalizar los mensajes y notificaciones de cr\u00e9dito de la tienda para alinearse perfectamente con la identidad de su marca. Esta soluci\u00f3n vers\u00e1til demuestra ser ideal para fomentar y cultivar la lealtad del cliente, al tiempo que impulsa el crecimiento de las ventas simult\u00e1neamente. Al utilizar el cr\u00e9dito de la tienda WooCommerce, puede optimizar de manera efectiva su proceso de gesti\u00f3n de reembolso y cr\u00e9dito completo, lo que finalmente da como resultado una experiencia de compra incomparable para sus valiosos clientes.<\/p>\n<ul>\n<li>Proporciona la funcionalidad de cr\u00e9dito de la tienda para las tiendas WooCommerce<\/li>\n<li>Permite a los clientes comprar y\/o recibir cr\u00e9dito de la tienda como regalo<\/li>\n<li>Admite m\u00faltiples tipos y valores de cr\u00e9dito de la tienda<\/li>\n<li>Se puede usar como m\u00e9todo de pago durante el pago<\/li>\n<li>Aplica autom\u00e1ticamente el cr\u00e9dito de la tienda a los pedidos<\/li>\n<li>Proporciona herramientas integrales de gesti\u00f3n de cr\u00e9dito de la tienda para los propietarios de tiendas<\/li>\n<li>Ofrece varias opciones de personalizaci\u00f3n para que coincida con la marca de la tienda<\/li>\n<li>Incluye informes detallados y an\u00e1lisis sobre el uso del cr\u00e9dito de la tienda<\/li>\n<li>Se integra a la perfecci\u00f3n con los m\u00e9todos existentes de pago y env\u00edo de WooCommerce<\/li>\n<li>Proporciona una excelente atenci\u00f3n al cliente y actualizaciones peri\u00f3dicas para la compatibilidad con nuevas versiones de WooCommerce.<\/li>\n<\/ul>\n","protected":false},"excerpt":{"rendered":"<p>La implementaci\u00f3n de WooCommerce Store Credit ofrece a los clientes un medio muy conveniente y notablemente flexible para administrar efectivamente los saldos de cr\u00e9dito de su tienda. Este complemento excepcional permite a los clientes acceder y monitorear sin esfuerzo el saldo de cr\u00e9dito de su tienda, as\u00ed como a aplicarlo sin esfuerzo a sus pedidos. Adem\u00e1s, a los clientes incluso se les otorga la notable capacidad de compartir generosamente su cr\u00e9dito con sus queridos amigos y familiares apreciados. Adem\u00e1s, los propietarios de tiendas tienen la notable capacidad para establecer y hacer cumplir las regulaciones que rigen la adquisici\u00f3n y utilizaci\u00f3n de dicho cr\u00e9dito de la tienda. Esta caracter\u00edstica extraordinaria transforma fundamentalmente el cr\u00e9dito de la tienda de WooCommerce en una herramienta incre\u00edblemente potente para atraer y retener a los clientes con \u00e9xito. En consecuencia, ya sea que est\u00e9 operando y supervisando un programa de fidelizaci\u00f3n o simplemente desee proporcionar a sus valiosos clientes una experiencia de compra personalizada y personalizada m\u00e1s exclusiva, el cr\u00e9dito de WooCommerce Store indudablemente representa la soluci\u00f3n definitiva.<\/p>\n","protected":false},"featured_media":168281,"comment_status":"open","ping_status":"open","template":"","meta":[],"product_brand":[2344],"product_cat":[1207,1248,1206],"product_tag":[1423],"class_list":{"0":"post-110974","1":"product","2":"type-product","3":"status-publish","4":"has-post-thumbnail","6":"product_brand-woocommerce","7":"product_cat-comercio-electronico-plugins","8":"product_cat-personalizacion-comercio-electronico-plugins","9":"product_cat-plugins","10":"product_tag-woocommerce","11":"member-discount","12":"discount-restricted","14":"first","15":"instock","16":"sale","17":"downloadable","18":"virtual","19":"sold-individually","20":"purchasable","21":"product-type-simple"},"_links":{"self":[{"href":"https:\/\/gpl-love.com\/es\/wp-json\/wp\/v2\/product\/110974","targetHints":{"allow":["GET"]}}],"collection":[{"href":"https:\/\/gpl-love.com\/es\/wp-json\/wp\/v2\/product"}],"about":[{"href":"https:\/\/gpl-love.com\/es\/wp-json\/wp\/v2\/types\/product"}],"replies":[{"embeddable":true,"href":"https:\/\/gpl-love.com\/es\/wp-json\/wp\/v2\/comments?post=110974"}],"wp:featuredmedia":[{"embeddable":true,"href":"https:\/\/gpl-love.com\/es\/wp-json\/wp\/v2\/media\/168281"}],"wp:attachment":[{"href":"https:\/\/gpl-love.com\/es\/wp-json\/wp\/v2\/media?parent=110974"}],"wp:term":[{"taxonomy":"product_brand","embeddable":true,"href":"https:\/\/gpl-love.com\/es\/wp-json\/wp\/v2\/product_brand?post=110974"},{"taxonomy":"product_cat","embeddable":true,"href":"https:\/\/gpl-love.com\/es\/wp-json\/wp\/v2\/product_cat?post=110974"},{"taxonomy":"product_tag","embeddable":true,"href":"https:\/\/gpl-love.com\/es\/wp-json\/wp\/v2\/product_tag?post=110974"}],"curies":[{"name":"wp","href":"https:\/\/api.w.org\/{rel}","templated":true}]}}