{"id":110970,"date":"2026-03-25T00:00:00","date_gmt":"2026-03-25T05:00:00","guid":{"rendered":"http:\/\/gpl-love.com\/es\/producto\/mailster-email-newsletter-plugin-for-wordpress\/"},"modified":"2026-03-25T17:15:56","modified_gmt":"2026-03-25T22:15:56","slug":"mailster-email-newsletter-plugin-for-wordpress","status":"publish","type":"product","link":"https:\/\/gpl-love.com\/es\/producto\/mailster-email-newsletter-plugin-for-wordpress\/","title":{"rendered":"Mailster Email Newsletter WordPress Plugin 4.1.17"},"content":{"rendered":"<h3>Mailster Email Newsletter WordPress Plugin Caracteristicas<\/h3>\n<p>El bolet\u00edn de correo electr\u00f3nico de Mailster, el complemento de WordPress es una herramienta notablemente robusta y f\u00e1cil de usar que sirve para facilitar la creaci\u00f3n, administraci\u00f3n y env\u00edo de boletines de correo electr\u00f3nico altamente profesionales directamente a trav\u00e9s de su sitio web de WordPress. Con Mailster a su disposici\u00f3n, obtiene acceso a una multitud de caracter\u00edsticas convenientes que le permiten dise\u00f1ar y personalizar sin esfuerzo sus boletines, establecer listas de correo espec\u00edficas, controlar de cerca el progreso de sus campa\u00f1as de correo electr\u00f3nico y analizar meticulosamente el rendimiento de sus campa\u00f1as a trav\u00e9s de sus campa\u00f1as provisi\u00f3n de informes completos. Este complemento est\u00e1 repleto de una gran cantidad de funcionalidades impresionantes, incluido un editor de arrastrar y soltar, la capacidad de llevar a cabo campa\u00f1as de correo electr\u00f3nico automatizadas, la capacidad de adaptarse perfectamente a diferentes dispositivos a trav\u00e9s del dise\u00f1o receptivo, la opci\u00f3n de participar en pruebas A\/B, las pruebas A\/B, las Disponibilidad de herramientas anal\u00edticas avanzadas, la posibilidad de integrarse con plataformas de terceros y muchos otros atributos notables. Es importante tener en cuenta que Mailster es ideal para personas que participan activamente en los esfuerzos comerciales, aquellos que operan como bloggers, profesionales de marketing y, de hecho, cualquier otra persona que aspira a aumentar los niveles de participaci\u00f3n y fortalecer sus relaciones con sus valorados suscriptores. Ya sea que sea un novato en el \u00e1mbito del marketing por correo electr\u00f3nico o un experto experimentado, Mailster realmente simplifica el proceso de generar boletines visualmente impresionantes que producen resultados positivos.<\/p>\n<ul>\n<li>Instalaci\u00f3n f\u00e1cil y configuraci\u00f3n para una integraci\u00f3n perfecta con WordPress<\/li>\n<li>Plantillas de correo electr\u00f3nico personalizables para que coincidan con su marca y mensaje<\/li>\n<li>Campa\u00f1as automatizadas de boletines para ahorrar tiempo y esfuerzo<\/li>\n<li>Gesti\u00f3n avanzada de suscriptores para divulgaci\u00f3n dirigida<\/li>\n<li>An\u00e1lisis de correo electr\u00f3nico detallado para rastrear el rendimiento y ajustar la estrategia<\/li>\n<li>Integraci\u00f3n perfecta con los populares servicios de marketing por correo electr\u00f3nico<\/li>\n<li>Opci\u00f3n para incluir botones de compartir social para un alcance m\u00e1s amplio<\/li>\n<li>Dise\u00f1o amigable para dispositivos m\u00f3viles para una visualizaci\u00f3n optimizada en cualquier dispositivo<\/li>\n<li>Equipo de apoyo dedicado para asistencia con cualquier pregunta o problema.<\/li>\n<\/ul>\n","protected":false},"excerpt":{"rendered":"<p>Mailster es un complemento de WordPress notable e innovador de WordPress que ayuda en gran medida a las empresas en la intrincada tarea de dise\u00f1ar y transmitir boletines visualmente cautivadores a sus estimados suscriptores. Con las asombrosas capacidades de Mailster, los usuarios reciben el privilegio de seleccionar de una amplia gama de plantillas meticulosamente elaboradas, cuidadosamente adaptadas para cumplir con sus distintas preferencias, o incluso profundizar en el \u00e1mbito de la creatividad ilimitada al dise\u00f1ar su propia plantilla. Adem\u00e1s, la interfaz altamente intuitiva de este complemento notable permite a los usuarios manipular y refinar sin esfuerzo el dise\u00f1o de su bolet\u00edn, al tiempo que integra sin problemas el contenido cautivador de una multitud de fuentes, incluidas, entre otras, publicaciones de WordPress y plataformas externas.<\/p>\n","protected":false},"featured_media":166654,"comment_status":"open","ping_status":"open","template":"","meta":[],"product_brand":[2339],"product_cat":[1232,1206,1211],"product_tag":[1256],"class_list":{"0":"post-110970","1":"product","2":"type-product","3":"status-publish","4":"has-post-thumbnail","6":"product_brand-codecanyon","7":"product_cat-marketing-wordpress-plugins","8":"product_cat-plugins","9":"product_cat-wordpress-plugins","10":"product_tag-codecanyon","11":"member-discount","12":"discount-restricted","14":"first","15":"instock","16":"sale","17":"downloadable","18":"virtual","19":"sold-individually","20":"purchasable","21":"product-type-simple"},"_links":{"self":[{"href":"https:\/\/gpl-love.com\/es\/wp-json\/wp\/v2\/product\/110970","targetHints":{"allow":["GET"]}}],"collection":[{"href":"https:\/\/gpl-love.com\/es\/wp-json\/wp\/v2\/product"}],"about":[{"href":"https:\/\/gpl-love.com\/es\/wp-json\/wp\/v2\/types\/product"}],"replies":[{"embeddable":true,"href":"https:\/\/gpl-love.com\/es\/wp-json\/wp\/v2\/comments?post=110970"}],"wp:featuredmedia":[{"embeddable":true,"href":"https:\/\/gpl-love.com\/es\/wp-json\/wp\/v2\/media\/166654"}],"wp:attachment":[{"href":"https:\/\/gpl-love.com\/es\/wp-json\/wp\/v2\/media?parent=110970"}],"wp:term":[{"taxonomy":"product_brand","embeddable":true,"href":"https:\/\/gpl-love.com\/es\/wp-json\/wp\/v2\/product_brand?post=110970"},{"taxonomy":"product_cat","embeddable":true,"href":"https:\/\/gpl-love.com\/es\/wp-json\/wp\/v2\/product_cat?post=110970"},{"taxonomy":"product_tag","embeddable":true,"href":"https:\/\/gpl-love.com\/es\/wp-json\/wp\/v2\/product_tag?post=110970"}],"curies":[{"name":"wp","href":"https:\/\/api.w.org\/{rel}","templated":true}]}}