{"id":110959,"date":"2021-02-24T00:00:00","date_gmt":"2021-02-24T05:00:00","guid":{"rendered":"http:\/\/gpl-love.com\/es\/producto\/woocommerce-variations-in-table\/"},"modified":"2026-03-09T08:26:23","modified_gmt":"2026-03-09T13:26:23","slug":"woocommerce-variations-in-table","status":"publish","type":"product","link":"https:\/\/gpl-love.com\/es\/producto\/woocommerce-variations-in-table\/","title":{"rendered":"WooCommerce Variations In Table 1.0.8"},"content":{"rendered":"<h3>WooCommerce Variations In Table Caracteristicas<\/h3>\n<p>Las variaciones de WooCommerce en la tabla son un complemento incre\u00edblemente robusto e impactante que ofrece a los usuarios la capacidad de presentar las variaciones del producto de una manera excepcionalmente estructurada. Al transformar las variaciones est\u00e1ndar, seleccione el men\u00fa desplegable en un formato de tabla visualmente atractivo, este complemento muestra convenientemente todas las variaciones en una ubicaci\u00f3n centralizada. Esta funcionalidad simplifica significativamente el proceso para los clientes, ya que pueden comparar y contrastar sin esfuerzo las variaciones del producto, lo que finalmente les permite identificar la opci\u00f3n \u00f3ptima para sus necesidades. Adem\u00e1s, la apariencia de la tabla se puede personalizar para alinearse sin problemas con el tema del sitio web, al tiempo que proporciona la opci\u00f3n de exhibir exclusivamente informaci\u00f3n pertinente. Sin lugar a dudas, este complemento indispensable es una necesidad absoluta para cualquier tienda WooCommerce que cuenta con una variedad diversificada de productos.<\/p>\n<ul>\n<li>Mostrar variaciones del producto de WooCommerce en un formato de tabla<\/li>\n<li>Compare de manera r\u00e1pida y f\u00e1cil las diferentes variaciones lado a lado<\/li>\n<li>Personalice el dise\u00f1o de la tabla para que se ajuste a sus necesidades y preferencias espec\u00edficas<\/li>\n<li>Totalmente compatible con una amplia gama de temas y complementos de WooCommerce<\/li>\n<li>Ideal para administrar grandes inventarios de productos con muchas variaciones.<\/li>\n<li>Integraci\u00f3n perfecta con la plataforma y panel de WooCommerce<\/li>\n<li>La interfaz intuitiva y f\u00e1cil de usar hace que la gesti\u00f3n de las variaciones sea simple y directa<\/li>\n<li>Agiliza el proceso de creaci\u00f3n y gesti\u00f3n de variaciones de productos para su tienda en l\u00ednea<\/li>\n<li>Ayuda a mejorar la experiencia del cliente presentando opciones de productos de manera clara y organizada.<\/li>\n<li>Aumenta las ventas facilitando que los clientes encuentren y seleccionen la variaci\u00f3n exacta que satisfaga sus necesidades.<\/li>\n<\/ul>\n","protected":false},"excerpt":{"rendered":"<p>Se ha introducido la funcionalidad de convertir las variaciones de WooCommerce convencionales en un formato que es m\u00e1s f\u00e1cil de usar e intuitivo, es decir, un formato de tabla. Esta modificaci\u00f3n tiene como objetivo mejorar la facilidad con la que los clientes pueden seleccionar sus opciones de productos deseadas. Adem\u00e1s, el dise\u00f1o de esta caracter\u00edstica es personalizable y receptivo, lo que garantiza una experiencia de compra perfecta y simplificada en todo tipo de dispositivos.<\/p>\n","protected":false},"featured_media":168302,"comment_status":"open","ping_status":"open","template":"","meta":[],"product_brand":[2339],"product_cat":[1207,1248,1206],"product_tag":[1256],"class_list":{"0":"post-110959","1":"product","2":"type-product","3":"status-publish","4":"has-post-thumbnail","6":"product_brand-codecanyon","7":"product_cat-comercio-electronico-plugins","8":"product_cat-personalizacion-comercio-electronico-plugins","9":"product_cat-plugins","10":"product_tag-codecanyon","11":"member-discount","12":"discount-restricted","14":"first","15":"instock","16":"sale","17":"downloadable","18":"virtual","19":"sold-individually","20":"purchasable","21":"product-type-simple"},"_links":{"self":[{"href":"https:\/\/gpl-love.com\/es\/wp-json\/wp\/v2\/product\/110959","targetHints":{"allow":["GET"]}}],"collection":[{"href":"https:\/\/gpl-love.com\/es\/wp-json\/wp\/v2\/product"}],"about":[{"href":"https:\/\/gpl-love.com\/es\/wp-json\/wp\/v2\/types\/product"}],"replies":[{"embeddable":true,"href":"https:\/\/gpl-love.com\/es\/wp-json\/wp\/v2\/comments?post=110959"}],"wp:featuredmedia":[{"embeddable":true,"href":"https:\/\/gpl-love.com\/es\/wp-json\/wp\/v2\/media\/168302"}],"wp:attachment":[{"href":"https:\/\/gpl-love.com\/es\/wp-json\/wp\/v2\/media?parent=110959"}],"wp:term":[{"taxonomy":"product_brand","embeddable":true,"href":"https:\/\/gpl-love.com\/es\/wp-json\/wp\/v2\/product_brand?post=110959"},{"taxonomy":"product_cat","embeddable":true,"href":"https:\/\/gpl-love.com\/es\/wp-json\/wp\/v2\/product_cat?post=110959"},{"taxonomy":"product_tag","embeddable":true,"href":"https:\/\/gpl-love.com\/es\/wp-json\/wp\/v2\/product_tag?post=110959"}],"curies":[{"name":"wp","href":"https:\/\/api.w.org\/{rel}","templated":true}]}}