{"id":110956,"date":"2025-04-28T00:00:00","date_gmt":"2025-04-28T05:00:00","guid":{"rendered":"http:\/\/gpl-love.com\/es\/producto\/flexible-shipping-pro-woocommerce-table-rate-shipping\/"},"modified":"2026-03-09T07:35:21","modified_gmt":"2026-03-09T12:35:21","slug":"flexible-shipping-pro-woocommerce-table-rate-shipping","status":"publish","type":"product","link":"https:\/\/gpl-love.com\/es\/producto\/flexible-shipping-pro-woocommerce-table-rate-shipping\/","title":{"rendered":"Flexible Shipping Pro WooCommerce Table Rate Shipping 3.0.3"},"content":{"rendered":"<h3>Flexible Shipping Pro WooCommerce Table Rate Shipping Caracteristicas<\/h3>\n<p>Flexible Shipping Pro es un complemento de env\u00edo de tasa de mesa de WooCommerce avanzado e integral que ofrece una gran cantidad de caracter\u00edsticas y funcionalidades a los propietarios de tiendas en l\u00ednea, lo que les permite administrar y adaptar de manera efectiva sus tarifas de env\u00edo de acuerdo con sus requisitos y preferencias espec\u00edficas. Este complemento incre\u00edblemente vers\u00e1til faculta a los usuarios crear e implementar reglas de env\u00edo altamente personalizadas que se basan en una amplia gama de factores, incluidos, entre otros, el peso, el valor del carrito, el destino y m\u00e1s. Al utilizar este complemento, los comerciantes pueden definir e implementar f\u00e1cilmente m\u00faltiples m\u00e9todos de env\u00edo, cada uno de los cuales puede adaptarse de manera \u00fanica para satisfacer sus necesidades y preferencias individuales. Estos m\u00e9todos de env\u00edo pueden incluir tarifas planas, env\u00edo gratuito, as\u00ed como tarifas escalonadas, lo que proporciona a los usuarios la m\u00e1xima flexibilidad y versatilidad en t\u00e9rminos de acomodar diferentes requisitos y preferencias de env\u00edo. Adem\u00e1s, Flexible Shipping Pro tambi\u00e9n ofrece a los usuarios la capacidad de restringir o habilitar opciones de env\u00edo espec\u00edficas para ciertos productos o categor\u00edas, lo que les permite ejercer un control y precisi\u00f3n a\u00fan mayor en sus procesos de env\u00edo. La interfaz f\u00e1cil de usar y la documentaci\u00f3n integral proporcionada con este complemento sirven a\u00fan m\u00e1s para acelerar y facilitar el proceso de configuraci\u00f3n, asegurando que los usuarios puedan configurar y optimizar de manera r\u00e1pida y eficiente su configuraci\u00f3n de env\u00edo de una manera que se alinee perfectamente con sus requisitos comerciales \u00fanicos y Objetivos. En conclusi\u00f3n, Flexible Shipping Pro sirve como una soluci\u00f3n excepcional e indispensable para los comerciantes que buscan optimizar y optimizar sus procesos de env\u00edo, al tiempo que proporciona a sus clientes valiosos acceso a opciones de env\u00edo precisas, confiables y altamente personalizadas que est\u00e1n adaptadas a su individuo preferencias y requisitos.<\/p>\n<ul>\n<li>Agrega opciones avanzadas de env\u00edo de tarifa de tabla a su tienda WooCommerce<\/li>\n<li>Cree tarifas de env\u00edo personalizadas seg\u00fan el peso, el precio, la cantidad o el destino<\/li>\n<li>Configurar m\u00faltiples zonas de env\u00edo para diferentes regiones o pa\u00edses<\/li>\n<li>Agregue tarifas o recargos de manejo personalizados para productos espec\u00edficos o m\u00e9todos de env\u00edo<\/li>\n<li>Configurar las tarifas de env\u00edo basadas en grupos de clientes o roles de usuario<\/li>\n<li>Establezca cantidades de pedido m\u00ednimo o m\u00e1ximo para ciertas tarifas de env\u00edo<\/li>\n<li>Ofrezca env\u00edo gratis para pedidos sobre una cierta cantidad o peso<\/li>\n<li>Mostrar tarifas de env\u00edo en tiempo real de los principales operadores de env\u00edo (requiere un complemento adicional)<\/li>\n<li>Compatible con otras extensiones de env\u00edo de WooCommerce y pasarelas de pago<\/li>\n<li>F\u00e1cil de configurar y personalizar con una interfaz f\u00e1cil de usar y documentaci\u00f3n detallada<\/li>\n<\/ul>\n","protected":false},"excerpt":{"rendered":"<p>Flexible Shipping Pro para WooCommerce es un complemento de env\u00edo de tarifa de mesa altamente vers\u00e1til y integral, que le permite establecer y personalizar los m\u00e9todos de env\u00edo personalizados sin esfuerzo a las necesidades \u00fanicas de su tienda en l\u00ednea. Al proporcionar la capacidad de establecer tarifas basadas en una variedad de factores que incluyen peso, destino, cantidad y m\u00e1s, este complemento facilita la configuraci\u00f3n de una amplia gama de opciones de env\u00edo dise\u00f1adas meticulosamente para atender las preferencias y requisitos de sus valiosos clientes. Notablemente f\u00e1cil de usar y extremadamente maleable, este complemento excepcional surge como una selecci\u00f3n excepcional para las empresas, independientemente de su escala y magnitud.<\/p>\n","protected":false},"featured_media":166120,"comment_status":"open","ping_status":"open","template":"","meta":[],"product_brand":[2454],"product_cat":[1208,1207,1206],"product_tag":[1716],"class_list":{"0":"post-110956","1":"product","2":"type-product","3":"status-publish","4":"has-post-thumbnail","6":"product_brand-wp-desk","7":"product_cat-administracion","8":"product_cat-comercio-electronico-plugins","9":"product_cat-plugins","10":"product_tag-wp-desk","11":"member-discount","12":"discount-restricted","14":"first","15":"instock","16":"sale","17":"downloadable","18":"virtual","19":"sold-individually","20":"purchasable","21":"product-type-simple"},"_links":{"self":[{"href":"https:\/\/gpl-love.com\/es\/wp-json\/wp\/v2\/product\/110956","targetHints":{"allow":["GET"]}}],"collection":[{"href":"https:\/\/gpl-love.com\/es\/wp-json\/wp\/v2\/product"}],"about":[{"href":"https:\/\/gpl-love.com\/es\/wp-json\/wp\/v2\/types\/product"}],"replies":[{"embeddable":true,"href":"https:\/\/gpl-love.com\/es\/wp-json\/wp\/v2\/comments?post=110956"}],"wp:featuredmedia":[{"embeddable":true,"href":"https:\/\/gpl-love.com\/es\/wp-json\/wp\/v2\/media\/166120"}],"wp:attachment":[{"href":"https:\/\/gpl-love.com\/es\/wp-json\/wp\/v2\/media?parent=110956"}],"wp:term":[{"taxonomy":"product_brand","embeddable":true,"href":"https:\/\/gpl-love.com\/es\/wp-json\/wp\/v2\/product_brand?post=110956"},{"taxonomy":"product_cat","embeddable":true,"href":"https:\/\/gpl-love.com\/es\/wp-json\/wp\/v2\/product_cat?post=110956"},{"taxonomy":"product_tag","embeddable":true,"href":"https:\/\/gpl-love.com\/es\/wp-json\/wp\/v2\/product_tag?post=110956"}],"curies":[{"name":"wp","href":"https:\/\/api.w.org\/{rel}","templated":true}]}}