{"id":110954,"date":"2021-02-24T00:00:00","date_gmt":"2021-02-24T05:00:00","guid":{"rendered":"http:\/\/gpl-love.com\/es\/producto\/phpshort-url-shortener-platform\/"},"modified":"2026-04-10T11:21:32","modified_gmt":"2026-04-10T16:21:32","slug":"phpshort-url-shortener-platform","status":"publish","type":"product","link":"https:\/\/gpl-love.com\/es\/producto\/phpshort-url-shortener-platform\/","title":{"rendered":"phpShort URL Shortener Platform 3.2.0"},"content":{"rendered":"<h3>phpShort URL Shortener Platform Caracteristicas<\/h3>\n<p>PhpShort es una plataforma incre\u00edblemente potente y eficiente para el acortamiento de la URL que le permite generar r\u00e1pidamente sus propias URL sucintas en unos pocos minutos. Gracias a su interfaz notablemente f\u00e1cil de usar, puede administrar sin esfuerzo todas sus URL, monitorear diligentemente la cantidad de clics que reciben y analizar meticulosamente los datos resultantes. Ya sea que sea un blogger dedicado, vendedor astuto o propietario de negocios astuto, PhpShort le otorga una impresionante variedad de herramientas indispensables que est\u00e1n dise\u00f1adas espec\u00edficamente para optimizar sus enlaces y mejorar significativamente su presencia en l\u00ednea. Adem\u00e1s, PhpShort cuenta con una API excepcionalmente robusta, as\u00ed como una variedad de opciones de dise\u00f1o personalizables, lo que lo convierte en la opci\u00f3n ideal para los desarrolladores astutos que est\u00e1n interesados \u200b\u200ben establecer su propio servicio de acortador de URL. \u00bfPor qu\u00e9 retrasar m\u00e1s? \u00a1Emp\u00e1rate en tu viaje de PhpShort hoy y presencie la transformaci\u00f3n de tus enlaces en activos de marketing notablemente influyentes!<\/p>\n<ul>\n<li>Proporciona una plataforma poderosa para acortar las URL con un esfuerzo m\u00ednimo<\/li>\n<li>Permite a los usuarios generar URL personalizadas y acortadas para compartir f\u00e1cilmente<\/li>\n<li>Permite a las empresas e individuos rastrear m\u00e9tricas e ideas sobre sus enlaces acortados<\/li>\n<li>Ofrece una interfaz intuitiva y f\u00e1cil de usar que facilita la creaci\u00f3n y administraci\u00f3n de enlaces acortados<\/li>\n<li>Se integra a la perfecci\u00f3n con una variedad de herramientas populares, incluidas las plataformas de redes sociales y el software de automatizaci\u00f3n de marketing<\/li>\n<li>Utiliza caracter\u00edsticas de seguridad de vanguardia para proteger los datos de los usuarios y evitar el mal uso o el abuso de enlaces cortos<\/li>\n<li>Incluye una API robusta que permite a los desarrolladores crear soluciones personalizadas y automatizar procesos de flujo de trabajo<\/li>\n<li>Viene con documentaci\u00f3n y apoyo integrales, incluidos tutoriales, videos y un foro comunitario<\/li>\n<li>Ofrece opciones de precios flexibles para adaptarse a una variedad de presupuestos y casos de uso<\/li>\n<li>Actualizado continuamente con nuevas caracter\u00edsticas y mejoras para mantenerse a la vanguardia y ofrecer la mejor experiencia de usuario posible<\/li>\n<\/ul>\n","protected":false},"excerpt":{"rendered":"<p>PhPShort es una plataforma de acortador URL incre\u00edblemente robusta y de alto rendimiento que le otorga la conveniencia de generar y supervisar sin esfuerzo enlaces abreviados para su sitio web o perfiles digitales en varias plataformas de redes sociales. Esta plataforma abarca una variedad de caracter\u00edsticas muy ventajosas, como capacidades integrales de seguimiento de enlaces y an\u00e1lisis, dominios personalizables e integraci\u00f3n perfecta con plataformas de redes sociales ampliamente populares. Al aprovechar el poder de PhPShort, puede optimizar eficientemente sus tareas de gesti\u00f3n de enlaces y evaluar sin esfuerzo la efectividad y el triunfo de sus campa\u00f1as de marketing multifac\u00e9ticas. Independientemente de si se identifica como un vendedor experimentado o un propietario diligente del sitio web, PhpShort sin duda sirve como una herramienta indispensable para optimizar y maximizar su presencia en l\u00ednea a todo su potencial.<\/p>\n","protected":false},"featured_media":167212,"comment_status":"open","ping_status":"open","template":"","meta":[],"product_brand":[2339],"product_cat":[1212,1206,1211],"product_tag":[1256],"class_list":{"0":"post-110954","1":"product","2":"type-product","3":"status-publish","4":"has-post-thumbnail","6":"product_brand-codecanyon","7":"product_cat-administracion-wordpress-plugins","8":"product_cat-plugins","9":"product_cat-wordpress-plugins","10":"product_tag-codecanyon","11":"member-discount","12":"discount-restricted","14":"first","15":"instock","16":"sale","17":"downloadable","18":"virtual","19":"sold-individually","20":"purchasable","21":"product-type-simple"},"_links":{"self":[{"href":"https:\/\/gpl-love.com\/es\/wp-json\/wp\/v2\/product\/110954","targetHints":{"allow":["GET"]}}],"collection":[{"href":"https:\/\/gpl-love.com\/es\/wp-json\/wp\/v2\/product"}],"about":[{"href":"https:\/\/gpl-love.com\/es\/wp-json\/wp\/v2\/types\/product"}],"replies":[{"embeddable":true,"href":"https:\/\/gpl-love.com\/es\/wp-json\/wp\/v2\/comments?post=110954"}],"wp:featuredmedia":[{"embeddable":true,"href":"https:\/\/gpl-love.com\/es\/wp-json\/wp\/v2\/media\/167212"}],"wp:attachment":[{"href":"https:\/\/gpl-love.com\/es\/wp-json\/wp\/v2\/media?parent=110954"}],"wp:term":[{"taxonomy":"product_brand","embeddable":true,"href":"https:\/\/gpl-love.com\/es\/wp-json\/wp\/v2\/product_brand?post=110954"},{"taxonomy":"product_cat","embeddable":true,"href":"https:\/\/gpl-love.com\/es\/wp-json\/wp\/v2\/product_cat?post=110954"},{"taxonomy":"product_tag","embeddable":true,"href":"https:\/\/gpl-love.com\/es\/wp-json\/wp\/v2\/product_tag?post=110954"}],"curies":[{"name":"wp","href":"https:\/\/api.w.org\/{rel}","templated":true}]}}