{"id":110952,"date":"2026-05-02T00:00:00","date_gmt":"2026-05-02T05:00:00","guid":{"rendered":"http:\/\/gpl-love.com\/es\/producto\/coming-soon-and-maintenance-mode-pro\/"},"modified":"2026-05-02T23:15:27","modified_gmt":"2026-05-03T04:15:27","slug":"coming-soon-and-maintenance-mode-pro","status":"publish","type":"product","link":"https:\/\/gpl-love.com\/es\/producto\/coming-soon-and-maintenance-mode-pro\/","title":{"rendered":"Coming Soon y Maintenance Mode Pro 6.59"},"content":{"rendered":"<h3>Coming Soon y Maintenance Mode Pro Caracteristicas<\/h3>\n<p>Pr\u00f3ximamente y el modo de mantenimiento Pro es un complemento de WordPress incre\u00edblemente potente y notablemente intuitivo que otorga a los propietarios de sitios web la capacidad de fabricar p\u00e1ginas de modo y modo de mantenimiento visualmente cautivadoras y extremadamente adaptables para sus respectivos sitios web. A la intenci\u00f3n de su interfaz f\u00e1cil de usar, los usuarios est\u00e1n dotados de la capacidad sin esfuerzo para elegir sin esfuerzo entre una gran variedad de plantillas, temas y dise\u00f1os, o alternativamente, pueden ejercer su propia discreci\u00f3n en la elaboraci\u00f3n de una p\u00e1gina que est\u00e1 hecha a medida para sus Preferencias espec\u00edficas, repletas de im\u00e1genes, videos y texto personalizados. Adem\u00e1s, este complemento otorga a los propietarios de sitios web la capacidad invaluable para acumular clientes potenciales, transmitir notificaciones por correo electr\u00f3nico con facilidad consumada y programar estrat\u00e9gicamente las fechas de lanzamiento de sus sitios web. Este complemento es, sin lugar a dudas, idealmente adecuado para los propietarios de sitios web que desean mantener la atenci\u00f3n de los visitantes de su sitio web en un estado cautivado de compromiso mientras trabajan diligentemente en su sitio web o hacen preparativos para el muy esperado debut de un nuevo producto innovador. o servicio. En virtud de las capacidades incomparables de llegar pronto y el modo de mantenimiento Pro, los propietarios de sitios web tienen poder para reunir p\u00e1ginas impresionantemente espectaculares y profesionalmente pulidas sin la necesidad de ning\u00fan conocimiento de codificaci\u00f3n o dise\u00f1o.<\/p>\n<ul>\n<li>Potente complemento dise\u00f1ado para ayudar a los propietarios de sitios web durante el mantenimiento o el lanzamiento del sitio web.<\/li>\n<li>Las plantillas de p\u00e1gina del modo de mantenimiento hermosas y personalizables que se pueden activar r\u00e1pidamente con solo unos pocos clics.<\/li>\n<li>Opciones para agregar texto, im\u00e1genes y videos personalizados a la p\u00e1gina de destino, lo que brinda a los usuarios control total sobre el dise\u00f1o de su p\u00e1gina.<\/li>\n<li>Funcionalidad avanzada que permite formularios de registro del usuario, integraciones con plataformas de redes sociales como Facebook y Twitter, y la capacidad de agregar Google Analytics u otros c\u00f3digos de seguimiento.<\/li>\n<li>GDPR y caracter\u00edsticas de cumplimiento legal que ayudan a los propietarios de sitios web a capturar el consentimiento de los usuarios y administrar la recopilaci\u00f3n de datos de acuerdo con las regulaciones.<\/li>\n<li>Las caracter\u00edsticas de optimizaci\u00f3n de SEO que ayudan a los usuarios a lanzar su sitio web sin comprometer la clasificaci\u00f3n de los motores de b\u00fasqueda.<\/li>\n<li>El dise\u00f1o m\u00f3vil sensible a los dispositivos m\u00f3viles asegura que la p\u00e1gina de destino se traduzca bien en m\u00faltiples dispositivos.<\/li>\n<li>Una interfaz f\u00e1cil de usar que permite una f\u00e1cil personalizaci\u00f3n y administraci\u00f3n de sitios, incluso para aquellos que pueden tener conocimientos t\u00e9cnicos limitados.<\/li>\n<\/ul>\n","protected":false},"excerpt":{"rendered":"<p>Prep\u00e1rese para elevar el aspecto de su sitio web durante el tiempo de inactividad con nuestro pr\u00f3ximo software Pro y Mode Mode Mode Software. Esta invaluable herramienta le permite crear una p\u00e1gina &#8216;pr\u00f3ximamente&#8217; o &#8216;bajo mantenimiento&#8217; bellamente dise\u00f1ada en cuesti\u00f3n de minutos. La versi\u00f3n Pro ofrece una amplia gama de opciones de personalizaci\u00f3n, lo que le permite coincidir sin problemas con la identidad de su marca. Mantenga la participaci\u00f3n y la emoci\u00f3n del cliente con un temporizador de cuenta regresiva, informando a su audiencia exactamente cu\u00e1ndo su sitio web volver\u00e1 a estar en l\u00ednea. La funci\u00f3n de Mode Mode Mode Pro asegura que su clasificaci\u00f3n SEO no se vea afectada durante el tiempo de inactividad. Un dise\u00f1o totalmente receptivo garantiza que su p\u00e1gina se vea impresionante en todos los dispositivos, manteniendo a sus clientes potenciales informados e interesados, sin importar la plataforma que usen.<\/p>\n","protected":false},"featured_media":165645,"comment_status":"open","ping_status":"open","template":"","meta":[],"product_brand":[2400],"product_cat":[1212,1206,1211],"product_tag":[1714],"class_list":{"0":"post-110952","1":"product","2":"type-product","3":"status-publish","4":"has-post-thumbnail","6":"product_brand-web-factory","7":"product_cat-administracion-wordpress-plugins","8":"product_cat-plugins","9":"product_cat-wordpress-plugins","10":"product_tag-web-factory","11":"member-discount","12":"discount-restricted","14":"first","15":"instock","16":"sale","17":"downloadable","18":"virtual","19":"sold-individually","20":"purchasable","21":"product-type-simple"},"_links":{"self":[{"href":"https:\/\/gpl-love.com\/es\/wp-json\/wp\/v2\/product\/110952","targetHints":{"allow":["GET"]}}],"collection":[{"href":"https:\/\/gpl-love.com\/es\/wp-json\/wp\/v2\/product"}],"about":[{"href":"https:\/\/gpl-love.com\/es\/wp-json\/wp\/v2\/types\/product"}],"replies":[{"embeddable":true,"href":"https:\/\/gpl-love.com\/es\/wp-json\/wp\/v2\/comments?post=110952"}],"wp:featuredmedia":[{"embeddable":true,"href":"https:\/\/gpl-love.com\/es\/wp-json\/wp\/v2\/media\/165645"}],"wp:attachment":[{"href":"https:\/\/gpl-love.com\/es\/wp-json\/wp\/v2\/media?parent=110952"}],"wp:term":[{"taxonomy":"product_brand","embeddable":true,"href":"https:\/\/gpl-love.com\/es\/wp-json\/wp\/v2\/product_brand?post=110952"},{"taxonomy":"product_cat","embeddable":true,"href":"https:\/\/gpl-love.com\/es\/wp-json\/wp\/v2\/product_cat?post=110952"},{"taxonomy":"product_tag","embeddable":true,"href":"https:\/\/gpl-love.com\/es\/wp-json\/wp\/v2\/product_tag?post=110952"}],"curies":[{"name":"wp","href":"https:\/\/api.w.org\/{rel}","templated":true}]}}