{"id":110950,"date":"2023-01-12T00:00:00","date_gmt":"2023-01-12T05:00:00","guid":{"rendered":"http:\/\/gpl-love.com\/es\/producto\/super-logos-showcase-for-wordpress\/"},"modified":"2026-04-10T11:26:52","modified_gmt":"2026-04-10T16:26:52","slug":"super-logos-showcase-for-wordpress","status":"publish","type":"product","link":"https:\/\/gpl-love.com\/es\/producto\/super-logos-showcase-for-wordpress\/","title":{"rendered":"Super Logos Showcase para WordPress 2.7"},"content":{"rendered":"<h3>Super Logos Showcase para WordPress Caracteristicas<\/h3>\n<p>Super Logos Showcase para WordPress, un complemento incre\u00edblemente avanzado y excepcionalmente f\u00e1cil de usar, brinda una oportunidad notable para que los propietarios de sitios web exhiban sus logotipos de una manera incre\u00edblemente elegante e innegablemente profesional. Al ofrecer una amplia gama de opciones de personalizaci\u00f3n, este complemento faculta a los usuarios hacer alarde de sus logotipos en una variedad de dise\u00f1os y dise\u00f1os que se complementan inherentemente y se alinean perfectamente con la est\u00e9tica general de su sitio web. Adem\u00e1s, los Super Logos se muestran para WordPress tambi\u00e9n cuenta con un dise\u00f1o receptivo, asegurando as\u00ed sin esfuerzo que estos logotipos se muestren sin problemas en una multitud de dispositivos diversos. Con su proceso de instalaci\u00f3n y utilizaci\u00f3n notablemente simple, este complemento es una elecci\u00f3n inequ\u00edvocamente ejemplar para novatos y expertos por igual. Ya sea que est\u00e9 exhibiendo los logotipos de sus clientes o que represente a su propia empresa estimada, no se puede negar que los s\u00faper logotipos exhiben para WordPress constituyen una herramienta impecable para elevar el atractivo visual de su sitio web y presentar su marca de la manera m\u00e1s cautivadora y atractiva concebible.<\/p>\n<ul>\n<li>Muestra logotipos en una cuadr\u00edcula receptiva o un dise\u00f1o de carrusel<\/li>\n<li>Opci\u00f3n para personalizar el orden de los logotipos<\/li>\n<li>M\u00faltiples formas de filtrar logotipos, incluidos por categor\u00eda y etiquetas.<\/li>\n<li>Permite una f\u00e1cil carga y gesti\u00f3n de logotipos<\/li>\n<li>Ofrece opciones CSS personalizadas para personalizaci\u00f3n avanzada<\/li>\n<li>Incluye efectos de ciervo y opciones de enlace para cada logotipo<\/li>\n<li>Admite varios tipos de archivos de imagen, incluidos PNG, JPEG y SVG<\/li>\n<li>Compatible con todos los temas de WordPress y editor de Gutenberg<\/li>\n<li>Ofrezca opciones de c\u00f3digo corto para mostrar logotipos en p\u00e1ginas o publicaciones espec\u00edficas<\/li>\n<li>Proporciona atenci\u00f3n al cliente y actualizaciones peri\u00f3dicas para garantizar un rendimiento \u00f3ptimo.<\/li>\n<\/ul>\n","protected":false},"excerpt":{"rendered":"<p>Super Logos Showcase, un complemento de WordPress incre\u00edblemente eficiente y f\u00e1cil de usar, ha sido intrincadamente dise\u00f1ado para ayudarlo a presentar logotipos, marcas y varias representaciones gr\u00e1ficas de una manera exquisita y visualmente fascinante. Con una variedad de opciones de dise\u00f1o personalizables y una multitud de caracter\u00edsticas robustas, Super Logos Showcase simplifica el proceso de crear un escaparate de sus logotipos y marcas que exude profesionalismo, capturando la atenci\u00f3n de su audiencia y estableciendo una presencia distinta en medio de sus competidores. Ya sea que posea el t\u00edtulo de un profesional independiente o asuma el papel de propietario de un negocio, Super Logos Showcase se destaca como la herramienta por excelencia para exhibir su trabajo y reforzar la presencia en l\u00ednea de su marca.<\/p>\n","protected":false},"featured_media":167659,"comment_status":"open","ping_status":"open","template":"","meta":[],"product_brand":[2339],"product_cat":[1214,1206,1211],"product_tag":[1256],"class_list":{"0":"post-110950","1":"product","2":"type-product","3":"status-publish","4":"has-post-thumbnail","6":"product_brand-codecanyon","7":"product_cat-personalizacion","8":"product_cat-plugins","9":"product_cat-wordpress-plugins","10":"product_tag-codecanyon","11":"member-discount","12":"discount-restricted","14":"first","15":"instock","16":"sale","17":"downloadable","18":"virtual","19":"sold-individually","20":"purchasable","21":"product-type-simple"},"_links":{"self":[{"href":"https:\/\/gpl-love.com\/es\/wp-json\/wp\/v2\/product\/110950","targetHints":{"allow":["GET"]}}],"collection":[{"href":"https:\/\/gpl-love.com\/es\/wp-json\/wp\/v2\/product"}],"about":[{"href":"https:\/\/gpl-love.com\/es\/wp-json\/wp\/v2\/types\/product"}],"replies":[{"embeddable":true,"href":"https:\/\/gpl-love.com\/es\/wp-json\/wp\/v2\/comments?post=110950"}],"wp:featuredmedia":[{"embeddable":true,"href":"https:\/\/gpl-love.com\/es\/wp-json\/wp\/v2\/media\/167659"}],"wp:attachment":[{"href":"https:\/\/gpl-love.com\/es\/wp-json\/wp\/v2\/media?parent=110950"}],"wp:term":[{"taxonomy":"product_brand","embeddable":true,"href":"https:\/\/gpl-love.com\/es\/wp-json\/wp\/v2\/product_brand?post=110950"},{"taxonomy":"product_cat","embeddable":true,"href":"https:\/\/gpl-love.com\/es\/wp-json\/wp\/v2\/product_cat?post=110950"},{"taxonomy":"product_tag","embeddable":true,"href":"https:\/\/gpl-love.com\/es\/wp-json\/wp\/v2\/product_tag?post=110950"}],"curies":[{"name":"wp","href":"https:\/\/api.w.org\/{rel}","templated":true}]}}