{"id":110942,"date":"2023-11-15T00:00:00","date_gmt":"2023-11-15T05:00:00","guid":{"rendered":"http:\/\/gpl-love.com\/es\/producto\/quper-construction-and-architecture-wordpress-theme\/"},"modified":"2026-03-13T17:27:54","modified_gmt":"2026-03-13T22:27:54","slug":"quper-construction-and-architecture-wordpress-theme","status":"publish","type":"product","link":"https:\/\/gpl-love.com\/es\/producto\/quper-construction-and-architecture-wordpress-theme\/","title":{"rendered":"Quper Construction y Architecture WordPress Theme 1.19"},"content":{"rendered":"<h3>Quper Construction y Architecture WordPress Theme Caracteristicas<\/h3>\n<p>El tema de WordPress de la construcci\u00f3n y arquitectura de Quper, un tema altamente vers\u00e1til y f\u00e1cil de usar espec\u00edficamente para negocios de construcci\u00f3n y arquitectura, presenta un nivel incomparable de sofisticaci\u00f3n y funcionalidad. Cuenta con un dise\u00f1o de vanguardia y dise\u00f1ado profesionalmente, adornado con una variedad de dise\u00f1os personalizables, animaciones visualmente cautivadoras y caracter\u00edsticas sin problemas, garantizando una experiencia de visualizaci\u00f3n impecable en todos los dispositivos. Adem\u00e1s, Quper viene equipado con una extensa colecci\u00f3n de caracter\u00edsticas invaluables, incluidas, entre otros, m\u00faltiples p\u00e1ginas prebuiladas, un encabezado y un pie de p\u00e1gina totalmente personalizable, un creador de p\u00e1ginas de arrastre y suelto f\u00e1cil de usar, as\u00ed como opciones de tema robustas y din\u00e1micas panel. Este conjunto completo de herramientas faculta a los usuarios para dise\u00f1ar y desarrollar un sitio web est\u00e9ticamente agradable y altamente funcional, todo sin la necesidad de ninguna experiencia de codificaci\u00f3n.<\/p>\n<p>Adem\u00e1s, Quper est\u00e1 meticulosamente optimizado para los motores de b\u00fasqueda, lo que garantiza que su sitio web alcance una clasificaci\u00f3n m\u00e1s alta en las p\u00e1ginas de resultados del motor de b\u00fasqueda, aumentando sustancialmente su visibilidad y su posible alcance para el p\u00fablico objetivo. Con sus capacidades excepcionales, la construcci\u00f3n de Quper y la arquitectura de WordPress, el tema de WordPress le permite mostrar de manera efectiva su cartera, resaltar sin esfuerzo su amplia gama de servicios y establecer sin esfuerzo una presencia en l\u00ednea fuerte e impactante para su marca estimada.<\/p>\n<ul>\n<li>El dise\u00f1o receptivo asegura que su sitio web se vea genial en todos los dispositivos<\/li>\n<li>Construido especialmente para empresas en las industrias de construcci\u00f3n y arquitectura<\/li>\n<li>Est\u00e9tica moderna y elegante para una apariencia actualizada<\/li>\n<li>Arrastre y suelte el constructor de p\u00e1ginas para una f\u00e1cil personalizaci\u00f3n<\/li>\n<li>M\u00faltiples plantillas de p\u00e1gina predise\u00f1adas para elegir, incluidos el hogar, sobre los servicios, la cartera y el contacto<\/li>\n<li>Funcionalidad de cartera incorporada para mostrar su trabajo anterior<\/li>\n<li>Integraci\u00f3n f\u00e1cil con complementos populares como WooCommerce y el Formulario de contacto 7<\/li>\n<li>Documentaci\u00f3n integral y soporte dedicado para ayudarlo a aprovechar al m\u00e1ximo su sitio web<\/li>\n<li>Codificaci\u00f3n amigable para SEO para ayudar a impulsar la visibilidad de su sitio web en los motores de b\u00fasqueda<\/li>\n<li>Altamente personalizable, lo que le permite crear una presencia de marca en l\u00ednea \u00fanica para su empresa<\/li>\n<\/ul>\n","protected":false},"excerpt":{"rendered":"<p>El tema de WordPress de construcci\u00f3n y arquitectura de Quper cuenta con un dise\u00f1o impecablemente elegante y contempor\u00e1neo, hecho a medida para satisfacer las necesidades y aspiraciones de las firmas de construcci\u00f3n y arquitectura. Distinguido por su dise\u00f1o notablemente receptivo, este tema se adapta sin esfuerzo a una variedad de tama\u00f1os de pantalla, otorgando accesibilidad a los usuarios en todos los dispositivos sin ning\u00fan compromiso. La p\u00e1gina de inicio, cuidadosamente seleccionada para encapsular la esencia de la compa\u00f1\u00eda, est\u00e1 repleta de secciones meticulosamente elaboradas que muestran elegantemente la impresionante cartera inspiradora de la empresa, una amplia gama de servicios, una comunidad muy unida de miembros del equipo talentosos, as\u00ed como una plethora. de sinceros testimonios de clientes satisfechos. Adem\u00e1s, el tema est\u00e1 equipado con una mir\u00edada de caracter\u00edsticas profundamente personalizables, que van desde encabezados hasta pies de p\u00e1gina, dise\u00f1os de blog e incluso una forma de contacto intrincadamente dise\u00f1ada, todo integrado sin problemas para facilitar conexiones sin costuras y significativas entre las empresas y su estimada clientela. Al aprovechar el atenci\u00f3n cautivadora de Quper, las empresas pueden cautivar e impresionar sin esfuerzo a los posibles clientes con una combinaci\u00f3n inigualable de est\u00e9tica visualmente impresionante y un compromiso incomparable con la funcionalidad centrada en el usuario.<\/p>\n","protected":false},"featured_media":167306,"comment_status":"open","ping_status":"open","template":"","meta":[],"product_brand":[2337],"product_cat":[1381,1237,1238],"product_tag":[1391],"class_list":{"0":"post-110942","1":"product","2":"type-product","3":"status-publish","4":"has-post-thumbnail","6":"product_brand-themeforest","7":"product_cat-bienes-raices","8":"product_cat-temas","9":"product_cat-wordpress-temas","10":"product_tag-themeforest","11":"member-discount","12":"discount-restricted","14":"first","15":"instock","16":"sale","17":"downloadable","18":"virtual","19":"sold-individually","20":"purchasable","21":"product-type-simple"},"_links":{"self":[{"href":"https:\/\/gpl-love.com\/es\/wp-json\/wp\/v2\/product\/110942","targetHints":{"allow":["GET"]}}],"collection":[{"href":"https:\/\/gpl-love.com\/es\/wp-json\/wp\/v2\/product"}],"about":[{"href":"https:\/\/gpl-love.com\/es\/wp-json\/wp\/v2\/types\/product"}],"replies":[{"embeddable":true,"href":"https:\/\/gpl-love.com\/es\/wp-json\/wp\/v2\/comments?post=110942"}],"wp:featuredmedia":[{"embeddable":true,"href":"https:\/\/gpl-love.com\/es\/wp-json\/wp\/v2\/media\/167306"}],"wp:attachment":[{"href":"https:\/\/gpl-love.com\/es\/wp-json\/wp\/v2\/media?parent=110942"}],"wp:term":[{"taxonomy":"product_brand","embeddable":true,"href":"https:\/\/gpl-love.com\/es\/wp-json\/wp\/v2\/product_brand?post=110942"},{"taxonomy":"product_cat","embeddable":true,"href":"https:\/\/gpl-love.com\/es\/wp-json\/wp\/v2\/product_cat?post=110942"},{"taxonomy":"product_tag","embeddable":true,"href":"https:\/\/gpl-love.com\/es\/wp-json\/wp\/v2\/product_tag?post=110942"}],"curies":[{"name":"wp","href":"https:\/\/api.w.org\/{rel}","templated":true}]}}