{"id":110938,"date":"2023-12-18T00:00:00","date_gmt":"2023-12-18T05:00:00","guid":{"rendered":"http:\/\/gpl-love.com\/es\/producto\/renovation-repair-service-home-maintenance-elementor-wp-theme\/"},"modified":"2026-03-09T08:27:14","modified_gmt":"2026-03-09T13:27:14","slug":"renovation-repair-service-home-maintenance-elementor-wp-theme","status":"publish","type":"product","link":"https:\/\/gpl-love.com\/es\/producto\/renovation-repair-service-home-maintenance-elementor-wp-theme\/","title":{"rendered":"WordPress Chat Room Group Chat Plugin 1.0.7"},"content":{"rendered":"<h3>WordPress Chat Room Group Chat Plugin Caracteristicas<\/h3>\n<p>El complemento de chat del grupo de sala de chat de WordPress, una herramienta formidable, otorga a los propietarios de sitios web la capacidad de incorporar una sala de chat interactiva en su sitio de WordPress, fomentando as\u00ed una plataforma para que los usuarios participen en la comunicaci\u00f3n grupal en tiempo real, cultivando una vibrante y vibrante y siempre -volucionando la comunidad en l\u00ednea. Con una interfaz f\u00e1cil de usar y una gran cantidad de caracter\u00edsticas personalizables, la instalaci\u00f3n y la utilizaci\u00f3n del complemento de chat del grupo de sala de chat de WordPress es un esfuerzo sin costuras y sin esfuerzo. Los usuarios tienen la libertad de participar en conversaciones grupales, compartir archivos de forma segura y colaborar sin problemas en proyectos dentro de los l\u00edmites de una sala de chat. En consecuencia, este complemento surge como la soluci\u00f3n por excelencia para empresas, instituciones educativas y comunidades en l\u00ednea que buscan enriquecer la comunicaci\u00f3n y estimular la participaci\u00f3n en su sitio de WordPress.<\/p>\n<ul>\n<li>Agregue f\u00e1cilmente una sala de chat a su sitio de WordPress<\/li>\n<li>Permitir chats grupales entre visitantes del sitio<\/li>\n<li>Personaliza la apariencia y la funcionalidad de tu sala de chat<\/li>\n<li>Controles de moderaci\u00f3n para administrar la actividad de chat<\/li>\n<li>Integraci\u00f3n con cuentas de usuario de WordPress para un inicio de sesi\u00f3n f\u00e1cil<\/li>\n<li>Notificaciones para nuevos mensajes y actividad de chat<\/li>\n<li>Dise\u00f1o de respuesta m\u00f3vil para f\u00e1cil usar en todos los dispositivos<\/li>\n<li>Compatible con la \u00faltima versi\u00f3n de WordPress<\/li>\n<li>Actualizaciones y soporte regulares del desarrollador de complementos.<\/li>\n<\/ul>\n","protected":false},"excerpt":{"rendered":"<p>El complemento de chat del grupo de sala de chat de WordPress, que se puede instalar sin esfuerzo y es muy f\u00e1cil de usar, se presenta como una soluci\u00f3n notablemente conveniente para la integraci\u00f3n perfecta de una sala de chat en su sitio de WordPress. Este complemento le ofrece la notable capacidad de generar y supervisar numerosas salas de chat, establecer moderadores y usuarios de acuerdo con sus preferencias y adaptar el dise\u00f1o y la funcionalidad para alinearse con precisi\u00f3n con sus requisitos. Independientemente de si est\u00e1 operando un blog, un sitio web de negocios o una comunidad en l\u00ednea, la implementaci\u00f3n de este complemento sin lugar a dudas sirve como un m\u00e9todo excepcional para aumentar la participaci\u00f3n y fomentar un discurso significativo entre sus estimados visitantes.<\/p>\n","protected":false},"featured_media":168342,"comment_status":"open","ping_status":"open","template":"","meta":[],"product_brand":[2339],"product_cat":[1214,1206,1211],"product_tag":[1256],"class_list":{"0":"post-110938","1":"product","2":"type-product","3":"status-publish","4":"has-post-thumbnail","6":"product_brand-codecanyon","7":"product_cat-personalizacion","8":"product_cat-plugins","9":"product_cat-wordpress-plugins","10":"product_tag-codecanyon","11":"member-discount","12":"discount-restricted","14":"first","15":"instock","16":"sale","17":"downloadable","18":"virtual","19":"sold-individually","20":"purchasable","21":"product-type-simple"},"_links":{"self":[{"href":"https:\/\/gpl-love.com\/es\/wp-json\/wp\/v2\/product\/110938","targetHints":{"allow":["GET"]}}],"collection":[{"href":"https:\/\/gpl-love.com\/es\/wp-json\/wp\/v2\/product"}],"about":[{"href":"https:\/\/gpl-love.com\/es\/wp-json\/wp\/v2\/types\/product"}],"replies":[{"embeddable":true,"href":"https:\/\/gpl-love.com\/es\/wp-json\/wp\/v2\/comments?post=110938"}],"wp:featuredmedia":[{"embeddable":true,"href":"https:\/\/gpl-love.com\/es\/wp-json\/wp\/v2\/media\/168342"}],"wp:attachment":[{"href":"https:\/\/gpl-love.com\/es\/wp-json\/wp\/v2\/media?parent=110938"}],"wp:term":[{"taxonomy":"product_brand","embeddable":true,"href":"https:\/\/gpl-love.com\/es\/wp-json\/wp\/v2\/product_brand?post=110938"},{"taxonomy":"product_cat","embeddable":true,"href":"https:\/\/gpl-love.com\/es\/wp-json\/wp\/v2\/product_cat?post=110938"},{"taxonomy":"product_tag","embeddable":true,"href":"https:\/\/gpl-love.com\/es\/wp-json\/wp\/v2\/product_tag?post=110938"}],"curies":[{"name":"wp","href":"https:\/\/api.w.org\/{rel}","templated":true}]}}