{"id":110936,"date":"2026-01-04T00:00:00","date_gmt":"2026-01-04T05:00:00","guid":{"rendered":"http:\/\/gpl-love.com\/es\/producto\/claue-clean-minimal-elementor-woocommerce-theme\/"},"modified":"2026-03-13T17:17:47","modified_gmt":"2026-03-13T22:17:47","slug":"claue-clean-minimal-elementor-woocommerce-theme","status":"publish","type":"product","link":"https:\/\/gpl-love.com\/es\/producto\/claue-clean-minimal-elementor-woocommerce-theme\/","title":{"rendered":"Claue Clean Minimal Elementor WooCommerce Theme 2.2.8"},"content":{"rendered":"<h3>Claue Clean Minimal Elementor WooCommerce Theme Caracteristicas<\/h3>\n<p>El tema de WooCommerce de Claue Cleue Clean Minimal Elementor es un tema de WordPress incre\u00edblemente innovador y lleno de caracter\u00edsticas que ha sido dise\u00f1ado por expertos para proporcionar a las empresas en l\u00ednea una est\u00e9tica excepcionalmente fresca y moderna. Este tema no solo es totalmente receptivo, sino que tambi\u00e9n es totalmente compatible con la plataforma WooCommerce ampliamente utilizada, lo que lo convierte en la opci\u00f3n ideal absoluta para las tiendas en l\u00ednea que buscan mejorar dr\u00e1sticamente sus ventas y rendimiento general. Con su dise\u00f1o notablemente limpio y minimalista, Claue permite que sus productos excepcionales tomen sin esfuerzo en el centro del escenario, garantizando que sus queridos clientes puedan disfrutar de una experiencia de compra absolutamente excepcional. Una caracter\u00edstica particularmente notable de este notable tema es el inmensamente poderoso constructor de p\u00e1ginas Elementor, que le permite crear sin esfuerzo p\u00e1ginas y dise\u00f1os impresionantes sin tener que preocuparse por escribir ning\u00fan c\u00f3digo intrincado. Adem\u00e1s, tambi\u00e9n es importante mencionar que Claue ha sido meticulosamente optimizado para la optimizaci\u00f3n de motores de b\u00fasqueda (SEO), garantizando as\u00ed que su estimado sitio web puede clasificarse de manera consistente en todos los principales motores de b\u00fasqueda. Si aspira a poseer una extraordinaria tienda en l\u00ednea moderna y funcional que realmente lo distingue de la competencia, entonces el tema de WooCommerce m\u00ednimo de Claue limpia, sin duda, representa la opci\u00f3n por excelencia para usted.<\/p>\n<ul>\n<li>Dise\u00f1o limpio y m\u00ednimo<\/li>\n<li>Dise\u00f1o totalmente receptivo<\/li>\n<li>Compatible con El Elementor Page Builder<\/li>\n<li>Integraci\u00f3n de WooCommerce para la funcionalidad de la tienda en l\u00ednea<\/li>\n<li>Dise\u00f1os personalizables de encabezado y pie de p\u00e1gina<\/li>\n<li>M\u00faltiples p\u00e1ginas y plantillas predise\u00f1adas<\/li>\n<li>Importaci\u00f3n de demostraci\u00f3n de un solo clic para una f\u00e1cil configuraci\u00f3n<\/li>\n<li>SEO optimizado para un mayor tr\u00e1fico y visibilidad<\/li>\n<li>Actualizaciones regulares y atenci\u00f3n al cliente dedicada<\/li>\n<li>Traducci\u00f3n lista para audiencias globales.<\/li>\n<\/ul>\n","protected":false},"excerpt":{"rendered":"<p>Experimente lo \u00faltimo en el dise\u00f1o del sitio web con el tema de WooCommerce de Claue Cleue Clean Minimal Elementor. Este tema est\u00e1 personalizado a la perfecci\u00f3n, proporcionando a los usuarios una est\u00e9tica limpia y m\u00ednima que realmente se destaca. Construido con Elementor, un constructor de p\u00e1ginas de WordPress l\u00edder, puede personalizar f\u00e1cilmente su sitio web para adaptarse al estilo \u00fanico de su marca. La integraci\u00f3n de WooCommerce simplifica el proceso de crear una tienda en l\u00ednea, lo que le permite vender productos con facilidad. Con su dise\u00f1o elegante y su funcionalidad robusta, el tema de WooCommerce m\u00ednimo de Claue Cleue Clean Minimal es ideal para cualquier negocio que busque establecer una fuerte presencia en l\u00ednea. Disfrute de una experiencia de usuario perfecta, aument\u00f3 el rendimiento del sitio web y, en \u00faltima instancia, mejor\u00f3 la satisfacci\u00f3n del cliente. Eleve su plataforma en l\u00ednea con este tema de primer nivel.<\/p>\n","protected":false},"featured_media":165630,"comment_status":"open","ping_status":"open","template":"","meta":[],"product_brand":[2337],"product_cat":[1263,1264,1237],"product_tag":[1391],"class_list":{"0":"post-110936","1":"product","2":"type-product","3":"status-publish","4":"has-post-thumbnail","6":"product_brand-themeforest","7":"product_cat-comercio-electronico-temas","8":"product_cat-negocio","9":"product_cat-temas","10":"product_tag-themeforest","11":"member-discount","12":"discount-restricted","14":"first","15":"instock","16":"sale","17":"downloadable","18":"virtual","19":"sold-individually","20":"purchasable","21":"product-type-simple"},"_links":{"self":[{"href":"https:\/\/gpl-love.com\/es\/wp-json\/wp\/v2\/product\/110936","targetHints":{"allow":["GET"]}}],"collection":[{"href":"https:\/\/gpl-love.com\/es\/wp-json\/wp\/v2\/product"}],"about":[{"href":"https:\/\/gpl-love.com\/es\/wp-json\/wp\/v2\/types\/product"}],"replies":[{"embeddable":true,"href":"https:\/\/gpl-love.com\/es\/wp-json\/wp\/v2\/comments?post=110936"}],"wp:featuredmedia":[{"embeddable":true,"href":"https:\/\/gpl-love.com\/es\/wp-json\/wp\/v2\/media\/165630"}],"wp:attachment":[{"href":"https:\/\/gpl-love.com\/es\/wp-json\/wp\/v2\/media?parent=110936"}],"wp:term":[{"taxonomy":"product_brand","embeddable":true,"href":"https:\/\/gpl-love.com\/es\/wp-json\/wp\/v2\/product_brand?post=110936"},{"taxonomy":"product_cat","embeddable":true,"href":"https:\/\/gpl-love.com\/es\/wp-json\/wp\/v2\/product_cat?post=110936"},{"taxonomy":"product_tag","embeddable":true,"href":"https:\/\/gpl-love.com\/es\/wp-json\/wp\/v2\/product_tag?post=110936"}],"curies":[{"name":"wp","href":"https:\/\/api.w.org\/{rel}","templated":true}]}}