{"id":110934,"date":"2022-06-11T00:00:00","date_gmt":"2022-06-11T05:00:00","guid":{"rendered":"http:\/\/gpl-love.com\/es\/producto\/leadengine-multi-purpose-wordpress-theme\/"},"modified":"2026-03-13T17:23:27","modified_gmt":"2026-03-13T22:23:27","slug":"leadengine-multi-purpose-wordpress-theme","status":"publish","type":"product","link":"https:\/\/gpl-love.com\/es\/producto\/leadengine-multi-purpose-wordpress-theme\/","title":{"rendered":"LeadEngine Multi-Purpose WordPress Theme 3.6"},"content":{"rendered":"<h3>LeadEngine Multi-Purpose WordPress Theme Caracteristicas<\/h3>\n<p>El tema de WordPress multiprop\u00f3sito LeadEngine es una herramienta de construcci\u00f3n de sitios web incre\u00edblemente vers\u00e1til y excepcionalmente poderosa que ha sido meticulosamente elaborada para satisfacer las diversas necesidades de las empresas que abarcan todos los tama\u00f1os e sectores industriales. Su amplia gama de plantillas totalmente personalizables y dise\u00f1os preconstruidos dotan a los usuarios con la notable capacidad de modificar sitios web asombrosos y de grado profesional sin experiencia en codificaci\u00f3n. Con una interfaz intuitiva intuitiva de arrastre intuitiva de manera astuta, LeadEngine ofrece a los usuarios la mayor comodidad de aumentar y modificar el contenido, las im\u00e1genes y los videos sin esfuerzo, al tiempo que se integra sin problemas con complementos de renombre como WooCommerce y el Formulario de contacto 7. Adem\u00e1s, Leadengine est\u00e1 intr\u00ednsecamente dotado de Con la capacidad de respuesta m\u00f3vil, garantizando as\u00ed que su sitio web exude un encanto visualmente cautivador en cada dispositivo concebible. Independientemente de si es una startup ambiciosa que se esfuerza por penetrar en el mercado o una empresa empresarial establecida para preservar una ventaja competitiva, LeadEngine inequ\u00edvocamente posee el potencial latente para facilitar la creaci\u00f3n de una presencia din\u00e1mica en l\u00ednea incomparable que lo distingue inequ\u00edvocamente de la gran multitud de contendientes de los contensadores de los contensadores de los contensadores de los contensadores de los contensadores de los contensadores .<\/p>\n<ul>\n<li>Dise\u00f1o totalmente receptivo que se ve muy bien en todos los dispositivos<\/li>\n<li>Siete dise\u00f1os de p\u00e1gina de inicio preconstruidos para una variedad de industrias<\/li>\n<li>Construido con Elementor, lo que facilita la personalizaci\u00f3n de su sitio web utilizando un editor visual de arrastrar y soltar<\/li>\n<li>Importador de demostraci\u00f3n de un clic para que la configuraci\u00f3n de su sitio web sea r\u00e1pida y simple<\/li>\n<li>Viene con m\u00e1s de 200 plantillas y bloques preconstruidos para ayudarlo a dise\u00f1ar p\u00e1ginas r\u00e1pidamente<\/li>\n<li>Panel de opciones de tema potentes para personalizar cada aspecto de su sitio web<\/li>\n<li>Se integra con todos los principales complementos de formulario de contacto, incluidos los formularios de gravedad y el Formulario de contacto 7<\/li>\n<li>Se construye con SEO en mente, asegurando que su sitio web funcione bien en los motores de b\u00fasqueda<\/li>\n<li>Admite WooCommerce, lo que facilita la configuraci\u00f3n de una tienda en l\u00ednea<\/li>\n<li>Actualizaciones y soporte regulares para mantener su sitio web funcionando sin problemas.<\/li>\n<\/ul>\n","protected":false},"excerpt":{"rendered":"<p>El tema de WordPress multiprop\u00f3sito LeadEngine cuenta con una notable versatilidad y un impresionante nivel de poder, lo que lo convierte en una herramienta excepcional para la creaci\u00f3n de sitios web visualmente llamativos y altamente funcionales. Su interfaz de arrastrar y soltar, que es intuitiva y f\u00e1cil de usar, permite un nivel incomparable de personalizaci\u00f3n, otorg\u00e1ndole control total sobre cada aspecto de su sitio, ya sea el dise\u00f1o, el dise\u00f1o, la funcionalidad o las caracter\u00edsticas. Cargada con una extensa gama de plantillas predise\u00f1adas y contenido de demostraci\u00f3n, LeadEngine simplifica el proceso de construcci\u00f3n de un sitio web de grado profesional, lo que le permite hacerlo con notable velocidad y eficiencia. Independientemente de si usted es un propietario de un negocio, un blogger o un profesional creativo, LeadEngine posee todas las herramientas y recursos necesarios para ayudarlo a establecer una presencia en l\u00ednea cautivadora y en plena operaci\u00f3n. Entonces, \u00bfpor qu\u00e9 retrasar m\u00e1s? \u00a1Emb\u00e1rcate en un viaje de exploraci\u00f3n y descubre la impresionante gama de caracter\u00edsticas que LeadEngine tiene para ofrecer hoy!<\/p>\n","protected":false},"featured_media":166573,"comment_status":"open","ping_status":"open","template":"","meta":[],"product_brand":[2337],"product_cat":[1239,1237,1238],"product_tag":[1391],"class_list":{"0":"post-110934","1":"product","2":"type-product","3":"status-publish","4":"has-post-thumbnail","6":"product_brand-themeforest","7":"product_cat-de-multiples-fines","8":"product_cat-temas","9":"product_cat-wordpress-temas","10":"product_tag-themeforest","11":"member-discount","12":"discount-restricted","14":"first","15":"instock","16":"sale","17":"downloadable","18":"virtual","19":"sold-individually","20":"purchasable","21":"product-type-simple"},"_links":{"self":[{"href":"https:\/\/gpl-love.com\/es\/wp-json\/wp\/v2\/product\/110934","targetHints":{"allow":["GET"]}}],"collection":[{"href":"https:\/\/gpl-love.com\/es\/wp-json\/wp\/v2\/product"}],"about":[{"href":"https:\/\/gpl-love.com\/es\/wp-json\/wp\/v2\/types\/product"}],"replies":[{"embeddable":true,"href":"https:\/\/gpl-love.com\/es\/wp-json\/wp\/v2\/comments?post=110934"}],"wp:featuredmedia":[{"embeddable":true,"href":"https:\/\/gpl-love.com\/es\/wp-json\/wp\/v2\/media\/166573"}],"wp:attachment":[{"href":"https:\/\/gpl-love.com\/es\/wp-json\/wp\/v2\/media?parent=110934"}],"wp:term":[{"taxonomy":"product_brand","embeddable":true,"href":"https:\/\/gpl-love.com\/es\/wp-json\/wp\/v2\/product_brand?post=110934"},{"taxonomy":"product_cat","embeddable":true,"href":"https:\/\/gpl-love.com\/es\/wp-json\/wp\/v2\/product_cat?post=110934"},{"taxonomy":"product_tag","embeddable":true,"href":"https:\/\/gpl-love.com\/es\/wp-json\/wp\/v2\/product_tag?post=110934"}],"curies":[{"name":"wp","href":"https:\/\/api.w.org\/{rel}","templated":true}]}}