{"id":110932,"date":"2023-11-15T00:00:00","date_gmt":"2023-11-15T05:00:00","guid":{"rendered":"http:\/\/gpl-love.com\/es\/producto\/byron-construction-and-engineering-wordpress-theme\/"},"modified":"2026-03-13T17:17:18","modified_gmt":"2026-03-13T22:17:18","slug":"byron-construction-and-engineering-wordpress-theme","status":"publish","type":"product","link":"https:\/\/gpl-love.com\/es\/producto\/byron-construction-and-engineering-wordpress-theme\/","title":{"rendered":"Byron Construction y Engineering WordPress Theme 1.18"},"content":{"rendered":"<h3>Byron Construction y Engineering WordPress Theme Caracteristicas<\/h3>\n<p>El tema de WordPress de Byron Construction and Engineering, que ha sido meticulosamente elaborado para empresas de construcci\u00f3n e ingenier\u00eda, es una herramienta extremadamente robusta y vers\u00e1til. Con un dise\u00f1o elegante y contempor\u00e1neo, este tema ofrece una gran cantidad de caracter\u00edsticas que permiten a las empresas mostrar efectivamente sus servicios y proyectos de una manera que es profesional y cautivadora. Adem\u00e1s, este tema viene equipado con una variedad de plantillas predise\u00f1adas, p\u00e1ginas de proyectos que abarcan, p\u00e1ginas de servicio y una secci\u00f3n de blog, facilitando as\u00ed la creaci\u00f3n sin esfuerzo de un sitio web personalizado que se alinea con sus requisitos \u00fanicos. Adem\u00e1s, el tema es totalmente receptivo, garantizando as\u00ed que su sitio web mantenga su atractivo visual en todos los dispositivos. Ya sea que aspira a construir un sitio web modesto o una intrincada cartera en l\u00ednea, el tema de WordPress de construcci\u00f3n e ingenier\u00eda de Byron es indudablemente una opci\u00f3n excepcional para cualquier establecimiento que opere dentro de los \u00e1mbitos de la construcci\u00f3n o la ingenier\u00eda.<\/p>\n<ul>\n<li>Un tema de WordPress dise\u00f1ado espec\u00edficamente para empresas de construcci\u00f3n e ingenier\u00eda.<\/li>\n<li>Dise\u00f1o totalmente receptivo optimizado para pantallas m\u00f3viles y de escritorio.<\/li>\n<li>Dise\u00f1os y esquemas de color personalizables para que coincidan con su marca.<\/li>\n<li>Constructor de p\u00e1gina de arrastrar y soltar f\u00e1cil de usar para una f\u00e1cil personalizaci\u00f3n.<\/li>\n<li>Panel de opciones de temas avanzados para un control m\u00e1s granular sobre los elementos de dise\u00f1o.<\/li>\n<li>Plantillas preconstruidas para varios tipos de p\u00e1ginas (hogar, sobre, servicios, cartera, blog y contacto).<\/li>\n<li>Integraci\u00f3n con complementos populares como Yoast SEO y WooCommerce.<\/li>\n<li>Caracter\u00edsticas incorporadas para exhibir los miembros, proyectos y testimonios de su equipo.<\/li>\n<li>Equipo de apoyo amigable disponible para ayudar con cualquier pregunta o problema.<\/li>\n<li>Actualizaciones y mejoras regulares para garantizar la compatibilidad con las \u00faltimas versi\u00f3n de WordPress y est\u00e1ndares de seguridad.<\/li>\n<\/ul>\n","protected":false},"excerpt":{"rendered":"<p>Experimente la combinaci\u00f3n perfecta de dise\u00f1o y funcionalidad con el tema de Byron Construction and Engineering WordPress. Este tema se adapta espec\u00edficamente a las empresas de construcci\u00f3n, ingenier\u00eda y arquitectura relacionadas con la arquitectura, proporcionando una presencia en l\u00ednea profesional y sofisticada. Con sus f\u00e1ciles opciones de personalizaci\u00f3n, puede crear un sitio web \u00fanico y personalizado que mejor muestre sus proyectos y servicios. Su dise\u00f1o receptivo garantiza que su sitio se vea genial en todos los dispositivos, desde escritorios hasta tel\u00e9fonos m\u00f3viles. El tema incluye una selecci\u00f3n de p\u00e1ginas y elementos prefabricados, por lo que puede crear f\u00e1cilmente un sitio web completo que se adapte a su negocio. El tema de WordPress de Byron Construction and Engineering tambi\u00e9n incluye un sistema de atenci\u00f3n al cliente robusto y confiable, asegurando que tenga ayuda cuando la necesite. Aumente la credibilidad y el alcance de su negocio con este tema \u00fanico de WordPress.<\/p>\n","protected":false},"featured_media":165581,"comment_status":"open","ping_status":"open","template":"","meta":[],"product_brand":[2337],"product_cat":[1381,1237,1238],"product_tag":[1391],"class_list":{"0":"post-110932","1":"product","2":"type-product","3":"status-publish","4":"has-post-thumbnail","6":"product_brand-themeforest","7":"product_cat-bienes-raices","8":"product_cat-temas","9":"product_cat-wordpress-temas","10":"product_tag-themeforest","11":"member-discount","12":"discount-restricted","14":"first","15":"instock","16":"sale","17":"downloadable","18":"virtual","19":"sold-individually","20":"purchasable","21":"product-type-simple"},"_links":{"self":[{"href":"https:\/\/gpl-love.com\/es\/wp-json\/wp\/v2\/product\/110932","targetHints":{"allow":["GET"]}}],"collection":[{"href":"https:\/\/gpl-love.com\/es\/wp-json\/wp\/v2\/product"}],"about":[{"href":"https:\/\/gpl-love.com\/es\/wp-json\/wp\/v2\/types\/product"}],"replies":[{"embeddable":true,"href":"https:\/\/gpl-love.com\/es\/wp-json\/wp\/v2\/comments?post=110932"}],"wp:featuredmedia":[{"embeddable":true,"href":"https:\/\/gpl-love.com\/es\/wp-json\/wp\/v2\/media\/165581"}],"wp:attachment":[{"href":"https:\/\/gpl-love.com\/es\/wp-json\/wp\/v2\/media?parent=110932"}],"wp:term":[{"taxonomy":"product_brand","embeddable":true,"href":"https:\/\/gpl-love.com\/es\/wp-json\/wp\/v2\/product_brand?post=110932"},{"taxonomy":"product_cat","embeddable":true,"href":"https:\/\/gpl-love.com\/es\/wp-json\/wp\/v2\/product_cat?post=110932"},{"taxonomy":"product_tag","embeddable":true,"href":"https:\/\/gpl-love.com\/es\/wp-json\/wp\/v2\/product_tag?post=110932"}],"curies":[{"name":"wp","href":"https:\/\/api.w.org\/{rel}","templated":true}]}}