{"id":110930,"date":"2026-01-12T00:00:00","date_gmt":"2026-01-12T05:00:00","guid":{"rendered":"http:\/\/gpl-love.com\/es\/producto\/pdf-viewer-for-wordpress\/"},"modified":"2026-04-10T11:21:20","modified_gmt":"2026-04-10T16:21:20","slug":"pdf-viewer-for-wordpress","status":"publish","type":"product","link":"https:\/\/gpl-love.com\/es\/producto\/pdf-viewer-for-wordpress\/","title":{"rendered":"PDF viewer para WordPress 12.5.5"},"content":{"rendered":"<h3>PDF viewer para WordPress Caracteristicas<\/h3>\n<p>El visor PDF para WordPress, una herramienta formidable, ha sido intrincadamente dise\u00f1ado para elevar la experiencia general del usuario al facilitar perfectamente la visualizaci\u00f3n de PDF en un sitio web de WordPress. Hacida sin esfuerzo utilizable, esta herramienta faculta a los usuarios para integrar perfectamente los PDF directamente en la interfaz de su sitio web. Con una interfaz f\u00e1cil de usar, las personas pueden navegar sin esfuerzo a trav\u00e9s de los PDF, acercando sin esfuerzo para obtener una comprensi\u00f3n clara y concisa de los documentos en cuesti\u00f3n. Notablemente vers\u00e1til, este espectador permite una amplia personalizaci\u00f3n, lo que permite a los usuarios ajustar y manipular las pieles, colores y botones para alinearse perfectamente con la marca \u00fanica de su sitio web. Adem\u00e1s, esta herramienta sofisticada est\u00e1 equipada con una variedad de caracter\u00edsticas que permiten a los usuarios descargar, imprimir y compartir PDFS. El visor PDF para WordPress, sin duda, sirve como un activo invaluable para cualquier sitio web que requiera la funcionalidad perfecta de ver los documentos PDF.<\/p>\n<ul>\n<li>Permite a los usuarios ver archivos PDF directamente en los sitios web de WordPress<\/li>\n<li>Interfaz simple y f\u00e1cil de usar<\/li>\n<li>Viene con funcionalidad de b\u00fasqueda incorporada para una navegaci\u00f3n de documentos r\u00e1pida y f\u00e1cil<\/li>\n<li>El dise\u00f1o receptivo garantiza una experiencia de visualizaci\u00f3n \u00f3ptima en todos los dispositivos<\/li>\n<li>Admite m\u00faltiples tipos de archivos, incluidos PDF, PNG, JPEG y BMP<\/li>\n<li>Opci\u00f3n para personalizar la interfaz de usuario y la marca para una apariencia profesional<\/li>\n<li>Compatibilidad con el editor de WordPress Block y el editor de Gutenberg<\/li>\n<li>No se requieren habilidades de codificaci\u00f3n para la instalaci\u00f3n y uso<\/li>\n<li>Confiable y seguro con actualizaciones regulares y soporte del desarrollador<\/li>\n<li>Opciones de precios asequibles y flexibles para todo tipo de usuarios.<\/li>\n<\/ul>\n","protected":false},"excerpt":{"rendered":"<p>Estamos entusiasmados de presentar nuestro visor PDF de \u00faltima generaci\u00f3n dise\u00f1ado espec\u00edficamente para WordPress, ofreciendo una soluci\u00f3n perfecta y sin problemas para mostrar archivos PDF en su sitio web. Con su interfaz intuitiva y funciones f\u00e1ciles de usar, este complemento atiende a todos los niveles de usuarios, lo que le permite cargar y mostrar documentos PDF sin esfuerzo con solo unos pocos clics simples. Al integrar esta poderosa herramienta en su sitio web, puede proporcionar a sus visitantes una experiencia de visualizaci\u00f3n perfecta, eliminando la necesidad de que salgan de su p\u00e1gina o conf\u00eden en el software externo. Ya sea que sea propietario de un negocio, educador o simplemente alguien que valora documentos profesionales y pulidos, nuestro visor PDF para WordPress es la mejor opci\u00f3n. No se pierda la oportunidad de desbloquear la conveniencia y la funcionalidad de este complemento extraordinario, \u00a1pruebe hoy!<\/p>\n","protected":false},"featured_media":167177,"comment_status":"open","ping_status":"open","template":"","meta":[],"product_brand":[2339],"product_cat":[1214,1206,1211],"product_tag":[1256],"class_list":{"0":"post-110930","1":"product","2":"type-product","3":"status-publish","4":"has-post-thumbnail","6":"product_brand-codecanyon","7":"product_cat-personalizacion","8":"product_cat-plugins","9":"product_cat-wordpress-plugins","10":"product_tag-codecanyon","11":"member-discount","12":"discount-restricted","14":"first","15":"instock","16":"sale","17":"downloadable","18":"virtual","19":"sold-individually","20":"purchasable","21":"product-type-simple"},"_links":{"self":[{"href":"https:\/\/gpl-love.com\/es\/wp-json\/wp\/v2\/product\/110930","targetHints":{"allow":["GET"]}}],"collection":[{"href":"https:\/\/gpl-love.com\/es\/wp-json\/wp\/v2\/product"}],"about":[{"href":"https:\/\/gpl-love.com\/es\/wp-json\/wp\/v2\/types\/product"}],"replies":[{"embeddable":true,"href":"https:\/\/gpl-love.com\/es\/wp-json\/wp\/v2\/comments?post=110930"}],"wp:featuredmedia":[{"embeddable":true,"href":"https:\/\/gpl-love.com\/es\/wp-json\/wp\/v2\/media\/167177"}],"wp:attachment":[{"href":"https:\/\/gpl-love.com\/es\/wp-json\/wp\/v2\/media?parent=110930"}],"wp:term":[{"taxonomy":"product_brand","embeddable":true,"href":"https:\/\/gpl-love.com\/es\/wp-json\/wp\/v2\/product_brand?post=110930"},{"taxonomy":"product_cat","embeddable":true,"href":"https:\/\/gpl-love.com\/es\/wp-json\/wp\/v2\/product_cat?post=110930"},{"taxonomy":"product_tag","embeddable":true,"href":"https:\/\/gpl-love.com\/es\/wp-json\/wp\/v2\/product_tag?post=110930"}],"curies":[{"name":"wp","href":"https:\/\/api.w.org\/{rel}","templated":true}]}}