{"id":110928,"date":"2024-10-22T00:00:00","date_gmt":"2024-10-22T05:00:00","guid":{"rendered":"http:\/\/gpl-love.com\/es\/producto\/linoor-digital-agency-services-wordpress-theme\/"},"modified":"2026-03-13T17:23:37","modified_gmt":"2026-03-13T22:23:37","slug":"linoor-digital-agency-services-wordpress-theme","status":"publish","type":"product","link":"https:\/\/gpl-love.com\/es\/producto\/linoor-digital-agency-services-wordpress-theme\/","title":{"rendered":"Linoor Digital Agency Services WordPress Theme 1.8.2"},"content":{"rendered":"<h3>Linoor Digital Agency Services WordPress Theme Caracteristicas<\/h3>\n<p>El tema de WordPress de Linoor Digital Agency Services es una herramienta incre\u00edblemente robusta y adaptable que se ha creado meticulosamente para ayudar a las agencias digitales a mostrar efectivamente su extensa gama de servicios y habilidades excepcionales de una manera visualmente atractiva y f\u00e1cil de usar. Ofreciendo una abundancia de opciones de personalizaci\u00f3n, una variedad de widgets y una gran cantidad de plantillas de p\u00e1gina, este tema excepcional faculta a los usuarios crear sitios web sin esfuerzo que exuden originalidad y cautiven al p\u00fablico, asegurando que su presencia en l\u00ednea se destaque en medio del vasto mar de competidores. En particular, la capacidad de respuesta y la compatibilidad del tema de Linoor con numerosos complementos prominentes facilita sin problemas la integraci\u00f3n con flujos de trabajo y herramientas preexistentes, simplificando todo el proceso de desarrollo del sitio web. Ya sea que sea una aspirante a agencia digital que busque establecer una pr\u00f3spera plataforma en l\u00ednea o un freelancer que anhela mostrar su experiencia incomparable, el tema de Linoor indudablemente surge como una opci\u00f3n incomparable para lograr un dise\u00f1o de sitio web sin paralelo, sin igual y verdaderamente extraordinario que exude profesionalismo y sofisticaci\u00f3n .<\/p>\n<ul>\n<li>Un tema de WordPress bellamente dise\u00f1ado ideal para agencias digitales<\/li>\n<li>P\u00e1gina de inicio personalizable con una gama de secciones y plantillas preconstruidas<\/li>\n<li>Construido con las \u00faltimas tecnolog\u00edas web que incluyen HTML5, CSS3 y JQuery<\/li>\n<li>Totalmente receptivo en todos los dispositivos, incluidos los tel\u00e9fonos inteligentes y las tabletas.<\/li>\n<li>Compatible con navegador cruzado, funciona en todos los navegadores modernos, incluidos Firefox, Chrome y Safari<\/li>\n<li>Optimizado para SEO, garantiza que su sitio web sea f\u00e1cilmente encontrarlo por motores de b\u00fasqueda<\/li>\n<li>Mega men\u00fa incorporado para una f\u00e1cil navegaci\u00f3n y mayor compromiso<\/li>\n<li>Builder de p\u00e1gina de arrastrar y soltar f\u00e1cil de usar para un control creativo completo<\/li>\n<li>M\u00faltiples dise\u00f1os de cartera y blog, perfecto para mostrar su trabajo y compartir contenido<\/li>\n<li>Actualizaciones y soporte regulares del equipo de desarrolladores, asegurando mejoras continuas<\/li>\n<li>Compatible con complementos populares de WordPress para una funcionalidad adicional, incluido WooCommerce para capacidades de comercio electr\u00f3nico.<\/li>\n<\/ul>\n","protected":false},"excerpt":{"rendered":"<p>El tema de WordPress de la agencia digital de Linoor se presenta como una opci\u00f3n contempor\u00e1nea y refinada para individuos o empresas involucradas en la provisi\u00f3n de servicios digitales. Este tema cuenta con un dise\u00f1o elegante y sofisticado, que es totalmente receptivo y ofrece capacidades de personalizaci\u00f3n sin esfuerzo. Su impresionante gama de caracter\u00edsticas incluye una variedad de secciones de p\u00e1gina de inicio, dise\u00f1os de p\u00e1gina de cartera, secciones de servicio y un panel de opciones de temas avanzados. En particular, este tema se enorgullece de su interfaz f\u00e1cil de usar, lo que permite incluso aquellos con experiencia t\u00e9cnica m\u00ednima para navegarla con facilidad. Adem\u00e1s, la compatibilidad del tema con todos los navegadores modernos, junto con su optimizaci\u00f3n para velocidades de carga r\u00e1pidas, garantiza una experiencia de usuario \u00f3ptima para los visitantes de su sitio web. En esencia, el tema de WordPress de WordPress de la agencia digital de Linoor equipa a los usuarios con todas las herramientas necesarias para elaborar una presencia en l\u00ednea visualmente llamativa y cautivadora.<\/p>\n","protected":false},"featured_media":166616,"comment_status":"open","ping_status":"open","template":"","meta":[],"product_brand":[2337],"product_cat":[1267,1237,1238],"product_tag":[1391],"class_list":{"0":"post-110928","1":"product","2":"type-product","3":"status-publish","4":"has-post-thumbnail","6":"product_brand-themeforest","7":"product_cat-creativo","8":"product_cat-temas","9":"product_cat-wordpress-temas","10":"product_tag-themeforest","11":"member-discount","12":"discount-restricted","14":"first","15":"instock","16":"sale","17":"downloadable","18":"virtual","19":"sold-individually","20":"purchasable","21":"product-type-simple"},"_links":{"self":[{"href":"https:\/\/gpl-love.com\/es\/wp-json\/wp\/v2\/product\/110928","targetHints":{"allow":["GET"]}}],"collection":[{"href":"https:\/\/gpl-love.com\/es\/wp-json\/wp\/v2\/product"}],"about":[{"href":"https:\/\/gpl-love.com\/es\/wp-json\/wp\/v2\/types\/product"}],"replies":[{"embeddable":true,"href":"https:\/\/gpl-love.com\/es\/wp-json\/wp\/v2\/comments?post=110928"}],"wp:featuredmedia":[{"embeddable":true,"href":"https:\/\/gpl-love.com\/es\/wp-json\/wp\/v2\/media\/166616"}],"wp:attachment":[{"href":"https:\/\/gpl-love.com\/es\/wp-json\/wp\/v2\/media?parent=110928"}],"wp:term":[{"taxonomy":"product_brand","embeddable":true,"href":"https:\/\/gpl-love.com\/es\/wp-json\/wp\/v2\/product_brand?post=110928"},{"taxonomy":"product_cat","embeddable":true,"href":"https:\/\/gpl-love.com\/es\/wp-json\/wp\/v2\/product_cat?post=110928"},{"taxonomy":"product_tag","embeddable":true,"href":"https:\/\/gpl-love.com\/es\/wp-json\/wp\/v2\/product_tag?post=110928"}],"curies":[{"name":"wp","href":"https:\/\/api.w.org\/{rel}","templated":true}]}}