{"id":110924,"date":"2026-03-02T00:00:00","date_gmt":"2026-03-02T05:00:00","guid":{"rendered":"http:\/\/gpl-love.com\/es\/producto\/homeo-real-estate-wordpress-theme\/"},"modified":"2026-03-13T17:22:08","modified_gmt":"2026-03-13T22:22:08","slug":"homeo-real-estate-wordpress-theme","status":"publish","type":"product","link":"https:\/\/gpl-love.com\/es\/producto\/homeo-real-estate-wordpress-theme\/","title":{"rendered":"Homeo Real Estate WordPress Theme 1.2.60"},"content":{"rendered":"<h3>Homeo Real Estate WordPress Theme Caracteristicas<\/h3>\n<p>El tema de WordPress de bienes ra\u00edces de HomeO se presenta como una soluci\u00f3n inequ\u00edvocamente potente y a medida, espec\u00edficamente elaborada para las necesidades exigentes de los agentes y agencias inmobiliarias. Su dise\u00f1o se caracteriza por un sentido innato de intuici\u00f3n, mientras que su interfaz f\u00e1cil de usar garantiza una experiencia perfecta y sin problemas. Al integrar perfectamente la capacidad de mostrar propiedades, crear listados y administrar eficientemente clientes potenciales, este tema empodera a los profesionales de bienes ra\u00edces para navegar sin esfuerzo el reino intrincado de las transacciones de propiedades. Ya sea que su objetivo sea establecer una presencia en l\u00ednea cautivadora y profesional o optimizar su sitio web existente, HOLOO ofrece una amplia gama de caracter\u00edsticas y funcionalidades, preparada para facilitar su logro triunfante. Desde la capacidad de personalizar dise\u00f1os y esquemas de color hasta la provisi\u00f3n de opciones de b\u00fasqueda avanzadas y la integraci\u00f3n de Google Maps, este tema ha sido meticulosamente dise\u00f1ado para satisfacer todos los requisitos concebibles de la industria inmobiliaria astuta y privada de tiempo. Como tal, si actualmente est\u00e1 buscando una v\u00eda confiable y altamente efectiva para presentar sus propiedades ilustre y impulsar su negocio a alturas sin precedentes, el tema de WordPress de bienes ra\u00edces de HomeO se erige como la soluci\u00f3n por excelencia, preparado para satisfacer todas sus aspiraciones.<\/p>\n<ul>\n<li>Funcionalidad de b\u00fasqueda avanzada que permite a los usuarios encontrar f\u00e1cilmente propiedades que coincidan con sus criterios espec\u00edficos<\/li>\n<li>Opciones de dise\u00f1o m\u00faltiples para listados de propiedades y un dise\u00f1o de p\u00e1gina de inicio personalizable<\/li>\n<li>Dise\u00f1o receptivo que se ve muy bien en cualquier dispositivo, asegurando que su sitio web sea accesible para todos los usuarios<\/li>\n<li>Soporte para una amplia gama de complementos populares de WordPress, que incluyen el Formulario de contacto 7, Forms de gravedad y WPML<\/li>\n<li>Integraci\u00f3n con Google Maps, lo que facilita a los visitantes localizar las propiedades que est\u00e1n interesados<\/li>\n<li>Integraci\u00f3n incorporada con plataformas inmobiliarias populares como Zillow, Trulia y Realtor.com para extraer datos de m\u00faltiples fuentes<\/li>\n<li>C\u00f3digo amigable para SEO Asegurar que su sitio web sea f\u00e1cilmente descubierta por motores de b\u00fasqueda y clientes potenciales<\/li>\n<li>Un poderoso panel de administraci\u00f3n que le permite administrar f\u00e1cilmente el contenido de su sitio, incluidas p\u00e1ginas, publicaciones y listados.<\/li>\n<li>Una variedad de opciones de personalizaci\u00f3n que le permiten adaptar el aspecto de su sitio a su marca y gusto<\/li>\n<li>Precios simples y directos sin tarifas ocultas ni ventas adicionales.<\/li>\n<\/ul>\n","protected":false},"excerpt":{"rendered":"<p>Nos complace presentar el tema de WordPress de bienes ra\u00edces de Homo, una opci\u00f3n ideal para las personas que operan en el sector inmobiliario que desean establecer una presencia sofisticada en l\u00ednea. Este tema ofrece una gama de dise\u00f1os predise\u00f1ados, funcionalidades de b\u00fasqueda robustas y caracter\u00edsticas personalizables adaptadas para adaptarse a la est\u00e9tica distintiva de su marca. Con su \u00e9nfasis en la facilidad de uso y la capacidad de respuesta, HOMO facilita la navegaci\u00f3n perfecta para su clientela, lo que les permite localizar sin esfuerzo las propiedades deseadas. Adem\u00e1s, HOLO se integra perfectamente con complementos inmobiliarios de renombre, racionalizando la gesti\u00f3n de propiedades, agentes y consultas. Abraza a Hozo sin demora y impulse tu empresa inmobiliaria a alturas sin precedentes.<\/p>\n","protected":false},"featured_media":166420,"comment_status":"open","ping_status":"open","template":"","meta":[],"product_brand":[2337],"product_cat":[1381,1237,1238],"product_tag":[1391],"class_list":{"0":"post-110924","1":"product","2":"type-product","3":"status-publish","4":"has-post-thumbnail","6":"product_brand-themeforest","7":"product_cat-bienes-raices","8":"product_cat-temas","9":"product_cat-wordpress-temas","10":"product_tag-themeforest","11":"member-discount","12":"discount-restricted","14":"first","15":"instock","16":"sale","17":"downloadable","18":"virtual","19":"sold-individually","20":"purchasable","21":"product-type-simple"},"_links":{"self":[{"href":"https:\/\/gpl-love.com\/es\/wp-json\/wp\/v2\/product\/110924","targetHints":{"allow":["GET"]}}],"collection":[{"href":"https:\/\/gpl-love.com\/es\/wp-json\/wp\/v2\/product"}],"about":[{"href":"https:\/\/gpl-love.com\/es\/wp-json\/wp\/v2\/types\/product"}],"replies":[{"embeddable":true,"href":"https:\/\/gpl-love.com\/es\/wp-json\/wp\/v2\/comments?post=110924"}],"wp:featuredmedia":[{"embeddable":true,"href":"https:\/\/gpl-love.com\/es\/wp-json\/wp\/v2\/media\/166420"}],"wp:attachment":[{"href":"https:\/\/gpl-love.com\/es\/wp-json\/wp\/v2\/media?parent=110924"}],"wp:term":[{"taxonomy":"product_brand","embeddable":true,"href":"https:\/\/gpl-love.com\/es\/wp-json\/wp\/v2\/product_brand?post=110924"},{"taxonomy":"product_cat","embeddable":true,"href":"https:\/\/gpl-love.com\/es\/wp-json\/wp\/v2\/product_cat?post=110924"},{"taxonomy":"product_tag","embeddable":true,"href":"https:\/\/gpl-love.com\/es\/wp-json\/wp\/v2\/product_tag?post=110924"}],"curies":[{"name":"wp","href":"https:\/\/api.w.org\/{rel}","templated":true}]}}