{"id":110922,"date":"2021-03-26T00:00:00","date_gmt":"2021-03-26T05:00:00","guid":{"rendered":"http:\/\/gpl-love.com\/es\/producto\/injob-multi-features-for-recruitment-wordpress-theme\/"},"modified":"2026-03-13T17:22:38","modified_gmt":"2026-03-13T22:22:38","slug":"injob-multi-features-for-recruitment-wordpress-theme","status":"publish","type":"product","link":"https:\/\/gpl-love.com\/es\/producto\/injob-multi-features-for-recruitment-wordpress-theme\/","title":{"rendered":"InJob Multi features para recruitment WordPress Theme 3.4.8"},"content":{"rendered":"<h3>InJob Multi features para recruitment WordPress Theme Caracteristicas<\/h3>\n<p>El tema de WordPress de WordPress de MultiB de Inlob para reclutamiento demuestra ser una herramienta excepcionalmente formidable para que las empresas y organizaciones que anhelan racionalizar y optimizar su proceso de contrataci\u00f3n. Este notable tema muestra con orgullo una extensa variedad de caracter\u00edsticas que facilitan sin esfuerzo la creaci\u00f3n de publicaciones de trabajo, gesti\u00f3n efectiva de aplicaciones y una comunicaci\u00f3n perfecta con posibles candidatos. Armado con sus filtros de b\u00fasqueda altamente personalizables, herramientas de seguimiento de aplicaciones e integraci\u00f3n de redes sociales perfectas, Inlob Multi Efectivamente empodera a los reclutadores para identificar y asegurar los candidatos m\u00e1s excepcionales sin esfuerzo. Adem\u00e1s, este tema est\u00e1 dise\u00f1ado para ser completamente receptivo, asegurando que los solicitantes de empleo puedan aplicar a la perfecci\u00f3n los puestos incluso desde la conveniencia de sus dispositivos m\u00f3viles. Al aprovechar el poder y la versatilidad de Injob Multi, las empresas pueden ahorrar significativamente en un tiempo y recursos valiosos mientras atraen y adquieren eficientemente la Cr\u00e8me de la Cr\u00e8me de talento para enriquecer a su equipo.<\/p>\n<ul>\n<li>Dise\u00f1o moderno y f\u00e1cil de usar para sitios web de reclutamiento efectivos<\/li>\n<li>M\u00faltiples dise\u00f1os y demostraciones preconstruidas para elegir<\/li>\n<li>Constructor de p\u00e1gina de arrastre y salpicaduras personalizables para el control completo sobre el dise\u00f1o de la p\u00e1gina<\/li>\n<li>Integraci\u00f3n con juntas de trabajo populares y agencias de reclutamiento<\/li>\n<li>Opciones avanzadas de b\u00fasqueda y filtrado para candidatos y publicaciones de trabajo<\/li>\n<li>Sistema de seguimiento del solicitante para el proceso de contrataci\u00f3n optimizado<\/li>\n<li>Funciones de env\u00edo de curr\u00edculum automatizado y previa de la selecci\u00f3n<\/li>\n<li>Soporte de medios ricos para mostrar videos de trabajo, carteras y otro contenido multimedia<\/li>\n<li>Dise\u00f1o de respuesta m\u00f3vil para una visualizaci\u00f3n \u00f3ptima en cualquier dispositivo<\/li>\n<li>Documentaci\u00f3n y soporte integral para una f\u00e1cil configuraci\u00f3n y personalizaci\u00f3n.<\/li>\n<\/ul>\n","protected":false},"excerpt":{"rendered":"<p>\u00a1Nos complace presentar el excepcional tema de WordPress de WordPress de MultiB de injob, que es la soluci\u00f3n definitiva para todas sus necesidades de reclutamiento! Este notable tema est\u00e1 equipado con una amplia gama de caracter\u00edsticas de vanguardia que le permiten publicar vacantes de trabajo sin esfuerzo y administrar eficientemente las solicitudes de candidatos. Cuenta con un dise\u00f1o elegante y personalizable, que ofrece opciones de dise\u00f1o flexibles, y cuenta con funcionalidades avanzadas de b\u00fasqueda y filtrado que le permiten identificar el talento m\u00e1s excepcional para su organizaci\u00f3n. Ya sea que sea una agencia de reclutamiento, un departamento de recursos humanos o un negocio corporativo, el injob m\u00faltiple tema revolucionar\u00e1 su proceso de contrataci\u00f3n al hacerlo sin problemas y sin problemas. \u00a1No se pierda esta oportunidad de probarlo ahora y presenciar el notable impacto que puede tener en su estrategia de reclutamiento!<\/p>\n","protected":false},"featured_media":166467,"comment_status":"open","ping_status":"open","template":"","meta":[],"product_brand":[2337],"product_cat":[1307,1237,1238],"product_tag":[1391],"class_list":{"0":"post-110922","1":"product","2":"type-product","3":"status-publish","4":"has-post-thumbnail","6":"product_brand-themeforest","7":"product_cat-negocio-wordpress-temas","8":"product_cat-temas","9":"product_cat-wordpress-temas","10":"product_tag-themeforest","11":"member-discount","12":"discount-restricted","14":"first","15":"instock","16":"sale","17":"downloadable","18":"virtual","19":"sold-individually","20":"purchasable","21":"product-type-simple"},"_links":{"self":[{"href":"https:\/\/gpl-love.com\/es\/wp-json\/wp\/v2\/product\/110922","targetHints":{"allow":["GET"]}}],"collection":[{"href":"https:\/\/gpl-love.com\/es\/wp-json\/wp\/v2\/product"}],"about":[{"href":"https:\/\/gpl-love.com\/es\/wp-json\/wp\/v2\/types\/product"}],"replies":[{"embeddable":true,"href":"https:\/\/gpl-love.com\/es\/wp-json\/wp\/v2\/comments?post=110922"}],"wp:featuredmedia":[{"embeddable":true,"href":"https:\/\/gpl-love.com\/es\/wp-json\/wp\/v2\/media\/166467"}],"wp:attachment":[{"href":"https:\/\/gpl-love.com\/es\/wp-json\/wp\/v2\/media?parent=110922"}],"wp:term":[{"taxonomy":"product_brand","embeddable":true,"href":"https:\/\/gpl-love.com\/es\/wp-json\/wp\/v2\/product_brand?post=110922"},{"taxonomy":"product_cat","embeddable":true,"href":"https:\/\/gpl-love.com\/es\/wp-json\/wp\/v2\/product_cat?post=110922"},{"taxonomy":"product_tag","embeddable":true,"href":"https:\/\/gpl-love.com\/es\/wp-json\/wp\/v2\/product_tag?post=110922"}],"curies":[{"name":"wp","href":"https:\/\/api.w.org\/{rel}","templated":true}]}}