{"id":110920,"date":"2026-04-08T00:00:00","date_gmt":"2026-04-08T05:00:00","guid":{"rendered":"http:\/\/gpl-love.com\/es\/producto\/woostify-pro-woocommerce-theme\/"},"modified":"2026-04-08T17:16:19","modified_gmt":"2026-04-08T22:16:19","slug":"woostify-pro-woocommerce-theme","status":"publish","type":"product","link":"https:\/\/gpl-love.com\/es\/producto\/woostify-pro-woocommerce-theme\/","title":{"rendered":"Woostify Tema Pro Addon 1.9.0"},"content":{"rendered":"<h3>Woostify Tema Pro Addon Caracteristicas<\/h3>\n<p>Woostify Theme Pro Addon, una herramienta poderosa y vers\u00e1til, sirve para optimizar la funcionalidad y la personalizaci\u00f3n del tema de Woostify al proporcionar una variedad de caracter\u00edsticas avanzadas. A trav\u00e9s de su interfaz de arrastrar y soltar f\u00e1cilmente de usuario, las personas pueden incorporar sin esfuerzo encabezados, pies de p\u00e1gina, widgets, as\u00ed como plantillas de publicaci\u00f3n personalizadas y dise\u00f1os de productos, elevando as\u00ed la experiencia general de usuario de su tienda en l\u00ednea. En particular, este complemento tambi\u00e9n abarca opciones de dise\u00f1o suplementarias, como la fuente y el control de color, que permiten una est\u00e9tica m\u00e1s refinada y personalizada. Adem\u00e1s, su integraci\u00f3n avanzada de WooCommerce facilita efectivamente las mayores ventas y conversiones. Este complemento excepcional se integra sin problemas con los constructores de p\u00e1ginas prominentes, a saber, Elementor, Beaver Builder y Visual Composer, lo que lo convierte en una opci\u00f3n indiscutiblemente ideal para las empresas que buscan impulsar su tienda en l\u00ednea a alturas incomparables.<\/p>\n<ul>\n<li>Mejore su sitio web con caracter\u00edsticas avanzadas y personalizaciones.<\/li>\n<li>Optimizar y personalizar su sitio con facilidad.<\/li>\n<li>Lograr un aspecto profesional y moderno sin ninguna experiencia de codificaci\u00f3n.<\/li>\n<li>Aumente el rendimiento de su sitio con c\u00f3digo optimizado y tiempos de carga de rayos r\u00e1pidos.<\/li>\n<li>Cree p\u00e1ginas \u00fanicas e impresionantes en minutos con un potente editor de arrastrar y soltar.<\/li>\n<li>Agregue la funcionalidad del sitio web con widgets y m\u00f3dulos personalizados.<\/li>\n<li>Obtenga acceso a caracter\u00edsticas \u00fanicas como fuentes personalizadas, animaciones y m\u00e1s.<\/li>\n<li>Cree encabezados y pies totalmente personalizables con solo unos pocos clics.<\/li>\n<li>Disfrute de una integraci\u00f3n perfecta con complementos populares de WordPress.<\/li>\n<li>Soporte dedicado 24\/7 y documentaci\u00f3n extensa para uso sin problemas.<\/li>\n<\/ul>\n","protected":false},"excerpt":{"rendered":"<p>El Temo Pro Addon, una herramienta indispensable para las personas que buscan mejorar el atractivo visual de su tienda en l\u00ednea a un nivel verdaderamente sofisticado, cuenta con una variedad de atributos avanzados que van m\u00e1s all\u00e1 de lo ordinario. Estos incluyen la capacidad de personalizar los encabezados y los pies de p\u00e1gina, incorporar opciones de mega men\u00fa, implementar botones de desplazamiento a arriba y disfrutar de los efectos cautivadores de desplazamiento, solo por nombrar algunos. Este complemento est\u00e1 lleno de una variedad de instrumentos dise\u00f1ados para optimizar la apariencia de su sitio y reforzar el rendimiento de ventas de su tienda. Al aprovechar el poder del Tema Pro Addon de Woostify, su tienda en l\u00ednea puede superar sin esfuerzo por encima de la competencia y cautivar a su clientela con un sitio web que exuda refinamiento y profesionalismo.<\/p>\n","protected":false},"featured_media":168331,"comment_status":"open","ping_status":"open","template":"","meta":[],"product_brand":[2608],"product_cat":[1207,1248,1206],"product_tag":[1710],"class_list":{"0":"post-110920","1":"product","2":"type-product","3":"status-publish","4":"has-post-thumbnail","6":"product_brand-woostify","7":"product_cat-comercio-electronico-plugins","8":"product_cat-personalizacion-comercio-electronico-plugins","9":"product_cat-plugins","10":"product_tag-woostify","11":"member-discount","12":"discount-restricted","14":"first","15":"instock","16":"sale","17":"downloadable","18":"virtual","19":"sold-individually","20":"purchasable","21":"product-type-simple"},"_links":{"self":[{"href":"https:\/\/gpl-love.com\/es\/wp-json\/wp\/v2\/product\/110920","targetHints":{"allow":["GET"]}}],"collection":[{"href":"https:\/\/gpl-love.com\/es\/wp-json\/wp\/v2\/product"}],"about":[{"href":"https:\/\/gpl-love.com\/es\/wp-json\/wp\/v2\/types\/product"}],"replies":[{"embeddable":true,"href":"https:\/\/gpl-love.com\/es\/wp-json\/wp\/v2\/comments?post=110920"}],"wp:featuredmedia":[{"embeddable":true,"href":"https:\/\/gpl-love.com\/es\/wp-json\/wp\/v2\/media\/168331"}],"wp:attachment":[{"href":"https:\/\/gpl-love.com\/es\/wp-json\/wp\/v2\/media?parent=110920"}],"wp:term":[{"taxonomy":"product_brand","embeddable":true,"href":"https:\/\/gpl-love.com\/es\/wp-json\/wp\/v2\/product_brand?post=110920"},{"taxonomy":"product_cat","embeddable":true,"href":"https:\/\/gpl-love.com\/es\/wp-json\/wp\/v2\/product_cat?post=110920"},{"taxonomy":"product_tag","embeddable":true,"href":"https:\/\/gpl-love.com\/es\/wp-json\/wp\/v2\/product_tag?post=110920"}],"curies":[{"name":"wp","href":"https:\/\/api.w.org\/{rel}","templated":true}]}}