{"id":110918,"date":"2025-10-23T00:00:00","date_gmt":"2025-10-23T05:00:00","guid":{"rendered":"http:\/\/gpl-love.com\/es\/producto\/em4u-events-wordpress-theme-for-booking-tickets\/"},"modified":"2026-03-13T17:20:23","modified_gmt":"2026-03-13T22:20:23","slug":"em4u-events-wordpress-theme-for-booking-tickets","status":"publish","type":"product","link":"https:\/\/gpl-love.com\/es\/producto\/em4u-events-wordpress-theme-for-booking-tickets\/","title":{"rendered":"EM4U Events WordPress Tema para Booking Tickets 1.8.7"},"content":{"rendered":"<h3>EM4U Events WordPress Tema para Booking Tickets Caracteristicas<\/h3>\n<p>El tema de WordPress de EM4U Events para reservar entradas es un tema de WordPress extremadamente vers\u00e1til y f\u00e1cil de usar que ha sido dise\u00f1ado espec\u00edficamente para satisfacer las necesidades de individuos y organizaciones involucradas en la organizaci\u00f3n y la gesti\u00f3n de varios eventos. A trav\u00e9s de su integraci\u00f3n perfecta con la popular plataforma de comercio electr\u00f3nico WooCommerce, este tema proporciona a los usuarios una interfaz intuitiva y f\u00e1cilmente navegable, lo que les permite vender boletos sin esfuerzo en l\u00ednea, administrar efectivamente las reservas y manejar los pagos de manera eficiente. Adem\u00e1s, el tema cuenta con una p\u00e1gina de eventos totalmente personalizable, ofreciendo a los usuarios una gran cantidad de opciones de dise\u00f1o y esquemas de color para elegir, otorg\u00e1ndoles un control absoluto sobre la est\u00e9tica visual del sitio web de su evento. Adem\u00e1s, el dise\u00f1o receptivo de este tema asegura que el sitio web en cuesti\u00f3n parezca visualmente atractivo y funcione sin problemas en una amplia gama de dispositivos, desde computadoras de escritorio tradicionales hasta dispositivos m\u00f3viles contempor\u00e1neos. En consecuencia, el tema de WordPress de EM4U Events para la reserva de entradas demuestra ser el ep\u00edtome de una soluci\u00f3n \u00f3ptima para organizadores de eventos exigentes y negocios din\u00e1micos en busca de un tema confiable y cargado de caracter\u00edsticas para sus estimados sitios web centrados en el evento.<\/p>\n<ul>\n<li>Dise\u00f1o receptivo que se ve muy bien en todos los dispositivos<\/li>\n<li>Poderoso sistema de gesti\u00f3n de eventos para crear y administrar f\u00e1cilmente eventos<\/li>\n<li>Sistema de reserva de boletos para vender y administrar boletos para sus eventos<\/li>\n<li>P\u00e1ginas de eventos personalizables con diferentes dise\u00f1os y opciones de estilo<\/li>\n<li>Categor\u00edas y etiquetas de eventos ilimitados para una organizaci\u00f3n f\u00e1cil y b\u00fasqueda<\/li>\n<li>La integraci\u00f3n de Google Maps para mostrar f\u00e1cilmente las ubicaciones de eventos<\/li>\n<li>Notificaciones de correo electr\u00f3nico personalizables para compras de entradas y actualizaciones de eventos<\/li>\n<li>Opciones de intercambio de redes sociales para promocionar sus eventos en diferentes plataformas<\/li>\n<li>Optimizaci\u00f3n de SEO para ayudar a que sus eventos se encuentren en los motores de b\u00fasqueda<\/li>\n<li>Integraci\u00f3n con pasarelas de pago populares como PayPal y Stripe para transacciones seguras y f\u00e1ciles en l\u00ednea.<\/li>\n<\/ul>\n","protected":false},"excerpt":{"rendered":"<p>El tema de WordPress de EM4U Events para reservar entradas es un recurso excepcional y de alta calidad que ha sido dise\u00f1ado espec\u00edficamente para ayudarlo a administrar y promover sus eventos de manera efectiva. Esta notable herramienta cuenta con una interfaz de usuario intuitiva que es incre\u00edblemente f\u00e1cil de usar, lo que le permite crear y adaptar sin esfuerzo sus p\u00e1ginas de eventos para sus requisitos \u00fanicos. Adem\u00e1s, este tema le permite vender boletos convenientemente en l\u00ednea, monitorear meticulosamente la asistencia y comunicarse sin esfuerzo con sus estimados invitados. Adem\u00e1s, le complacer\u00e1 descubrir que este tema se integra sin problemas con WooCommerce y muchos otros complementos solicitados, facilitando una integraci\u00f3n perfecta con su sitio web preexistente o incluso permiti\u00e9ndole establecer uno nuevo. Independientemente de si est\u00e1 en medio de organizar un concierto impresionante, una conferencia esclarecedora, un festival bullicioso o cualquier otro tipo de evento, el tema de WordPress de EM4U Events es, sin duda, la soluci\u00f3n definitiva que sin duda impulsar\u00e1 su esfuerzo hacia el \u00e9xito. .<\/p>\n","protected":false},"featured_media":165972,"comment_status":"open","ping_status":"open","template":"","meta":[],"product_brand":[2337],"product_cat":[1307,1237,1238],"product_tag":[1391],"class_list":{"0":"post-110918","1":"product","2":"type-product","3":"status-publish","4":"has-post-thumbnail","6":"product_brand-themeforest","7":"product_cat-negocio-wordpress-temas","8":"product_cat-temas","9":"product_cat-wordpress-temas","10":"product_tag-themeforest","11":"member-discount","12":"discount-restricted","14":"first","15":"instock","16":"sale","17":"downloadable","18":"virtual","19":"sold-individually","20":"purchasable","21":"product-type-simple"},"_links":{"self":[{"href":"https:\/\/gpl-love.com\/es\/wp-json\/wp\/v2\/product\/110918","targetHints":{"allow":["GET"]}}],"collection":[{"href":"https:\/\/gpl-love.com\/es\/wp-json\/wp\/v2\/product"}],"about":[{"href":"https:\/\/gpl-love.com\/es\/wp-json\/wp\/v2\/types\/product"}],"replies":[{"embeddable":true,"href":"https:\/\/gpl-love.com\/es\/wp-json\/wp\/v2\/comments?post=110918"}],"wp:featuredmedia":[{"embeddable":true,"href":"https:\/\/gpl-love.com\/es\/wp-json\/wp\/v2\/media\/165972"}],"wp:attachment":[{"href":"https:\/\/gpl-love.com\/es\/wp-json\/wp\/v2\/media?parent=110918"}],"wp:term":[{"taxonomy":"product_brand","embeddable":true,"href":"https:\/\/gpl-love.com\/es\/wp-json\/wp\/v2\/product_brand?post=110918"},{"taxonomy":"product_cat","embeddable":true,"href":"https:\/\/gpl-love.com\/es\/wp-json\/wp\/v2\/product_cat?post=110918"},{"taxonomy":"product_tag","embeddable":true,"href":"https:\/\/gpl-love.com\/es\/wp-json\/wp\/v2\/product_tag?post=110918"}],"curies":[{"name":"wp","href":"https:\/\/api.w.org\/{rel}","templated":true}]}}