{"id":110916,"date":"2023-10-21T00:00:00","date_gmt":"2023-10-21T05:00:00","guid":{"rendered":"http:\/\/gpl-love.com\/es\/producto\/rogan-creative-multipurpose-wordpress-theme-for-agency-saas-portfolio\/"},"modified":"2026-03-13T17:28:28","modified_gmt":"2026-03-13T22:28:28","slug":"rogan-creative-multipurpose-wordpress-theme-for-agency-saas-portfolio","status":"publish","type":"product","link":"https:\/\/gpl-love.com\/es\/producto\/rogan-creative-multipurpose-wordpress-theme-for-agency-saas-portfolio\/","title":{"rendered":"Rogan Creative Multipurpose WordPress Tema para Agency Saas Portfolio 1.8.2"},"content":{"rendered":"<h3>Rogan Creative Multipurpose WordPress Tema para Agency Saas Portfolio Caracteristicas<\/h3>\n<p>El tema de WordPress multiprop\u00f3sito creativo de Rogan, con sus innumerables funcionalidades, ha sido dise\u00f1ado a prop\u00f3sito para atender los requisitos de las agencias digitales, las compa\u00f1\u00edas SaaS, as\u00ed como las carteras profesionales. Con una interfaz contempor\u00e1nea y f\u00e1cil de usar, este tema permite a los usuarios exhibir su trabajo y servicios de una manera elegante y sofisticada. Al mejorar a\u00fan m\u00e1s su atractivo, el tema ofrece una gran cantidad de plantillas predise\u00f1adas y una amplia gama de opciones de personalizaci\u00f3n, asegurando una adaptaci\u00f3n sin esfuerzo a las especificaciones \u00fanicas de cualquier cliente o proyecto. Ya sea que implique una renovaci\u00f3n de un sitio web para una empresa bien establecida o el establecimiento de una presencia en l\u00ednea para una nueva empresa en ciernes, tenga la seguridad de que el tema de WordPress multiprop\u00f3sito creativo de Rogan es una soluci\u00f3n confiable y centrada en el usuario para todos sus requisitos de desarrollo web .<\/p>\n<ul>\n<li>Dise\u00f1o profesional y elegante para sitios web de cartera o agencia.<\/li>\n<li>Personalizable y multiprop\u00f3sito, adecuado para diversas empresas e industrias.<\/li>\n<li>Dise\u00f1o totalmente receptivo y amigable con los dispositivos m\u00f3viles, asegurando una experiencia de usuario \u00f3ptima en todos los dispositivos.<\/li>\n<li>Incluye demostraciones y plantillas preconstruidas para una f\u00e1cil configuraci\u00f3n.<\/li>\n<li>Constructor de p\u00e1gina de arrastrar y soltar f\u00e1ciles de usar para personalizaci\u00f3n y flexibilidad.<\/li>\n<li>Documentaci\u00f3n en profundidad y video tutoriales disponibles para soporte de usuarios.<\/li>\n<li>Integrado con complementos populares como el formulario de contacto 7, Yoast SEO y WooCommerce.<\/li>\n<li>Optimizado para la velocidad y el rendimiento, lo que ayuda a aumentar la clasificaci\u00f3n del sitio web y la participaci\u00f3n del usuario.<\/li>\n<li>Actualizado regularmente con nuevas funciones y correcciones de errores para un rendimiento y seguridad \u00f3ptimos.<\/li>\n<li>Importaci\u00f3n de demostraci\u00f3n de un solo clic para la creaci\u00f3n y configuraci\u00f3n de sitios web sin problemas.<\/li>\n<\/ul>\n","protected":false},"excerpt":{"rendered":"<p>El tema Rogan Creative MultipurSose WordPress es una soluci\u00f3n extraordinaria e incomparable que atiende a la creaci\u00f3n de sitios web excepcionalmente notables dise\u00f1ados espec\u00edficamente para agencias, negocios SAA, as\u00ed como carteras. Mostrando un dise\u00f1o elegante y contempor\u00e1neo, este tema proporciona el m\u00e1ximo nivel de personalizaci\u00f3n, brind\u00e1ndole la oportunidad de exhibir su marca distintiva y contenido cautivador de una manera extremadamente distintiva y cautivadora. Hecho a mano con las tecnolog\u00edas m\u00e1s de vanguardia disponibles, otorga a sus usuarios la carga de p\u00e1ginas expeditas, un dise\u00f1o inherentemente receptivo, as\u00ed como incorporaciones sin problemas y armoniosos con una mir\u00edada de complementos muy buscados. Con el tema de Rogan a su disposici\u00f3n, usted posee la capacidad de fabricar y establecer sin esfuerzo los sitios web m\u00e1s profesionales y visualmente impresionantes que sin duda elevar\u00e1n su posici\u00f3n y reputaci\u00f3n dentro de su industria respectiva.<\/p>\n","protected":false},"featured_media":167379,"comment_status":"open","ping_status":"open","template":"","meta":[],"product_brand":[2337],"product_cat":[1239,1237,1238],"product_tag":[1391],"class_list":{"0":"post-110916","1":"product","2":"type-product","3":"status-publish","4":"has-post-thumbnail","6":"product_brand-themeforest","7":"product_cat-de-multiples-fines","8":"product_cat-temas","9":"product_cat-wordpress-temas","10":"product_tag-themeforest","11":"member-discount","12":"discount-restricted","14":"first","15":"instock","16":"sale","17":"downloadable","18":"virtual","19":"sold-individually","20":"purchasable","21":"product-type-simple"},"_links":{"self":[{"href":"https:\/\/gpl-love.com\/es\/wp-json\/wp\/v2\/product\/110916","targetHints":{"allow":["GET"]}}],"collection":[{"href":"https:\/\/gpl-love.com\/es\/wp-json\/wp\/v2\/product"}],"about":[{"href":"https:\/\/gpl-love.com\/es\/wp-json\/wp\/v2\/types\/product"}],"replies":[{"embeddable":true,"href":"https:\/\/gpl-love.com\/es\/wp-json\/wp\/v2\/comments?post=110916"}],"wp:featuredmedia":[{"embeddable":true,"href":"https:\/\/gpl-love.com\/es\/wp-json\/wp\/v2\/media\/167379"}],"wp:attachment":[{"href":"https:\/\/gpl-love.com\/es\/wp-json\/wp\/v2\/media?parent=110916"}],"wp:term":[{"taxonomy":"product_brand","embeddable":true,"href":"https:\/\/gpl-love.com\/es\/wp-json\/wp\/v2\/product_brand?post=110916"},{"taxonomy":"product_cat","embeddable":true,"href":"https:\/\/gpl-love.com\/es\/wp-json\/wp\/v2\/product_cat?post=110916"},{"taxonomy":"product_tag","embeddable":true,"href":"https:\/\/gpl-love.com\/es\/wp-json\/wp\/v2\/product_tag?post=110916"}],"curies":[{"name":"wp","href":"https:\/\/api.w.org\/{rel}","templated":true}]}}