{"id":110914,"date":"2022-05-16T00:00:00","date_gmt":"2022-05-16T05:00:00","guid":{"rendered":"http:\/\/gpl-love.com\/es\/producto\/wp-configurator-woocommerce-wordpress-theme\/"},"modified":"2026-03-13T17:33:19","modified_gmt":"2026-03-13T22:33:19","slug":"wp-configurator-woocommerce-wordpress-theme","status":"publish","type":"product","link":"https:\/\/gpl-love.com\/es\/producto\/wp-configurator-woocommerce-wordpress-theme\/","title":{"rendered":"WP Configurator WooCommerce WordPress Theme 1.4.6"},"content":{"rendered":"<h3>WP Configurator WooCommerce WordPress Theme Caracteristicas<\/h3>\n<p>El tema de Word WordPress de WP Configurator WooCommerce, con su gran cantidad de caracter\u00edsticas, es una herramienta incre\u00edblemente robusta y din\u00e1mica que tiene como objetivo aumentar la funcionalidad y la est\u00e9tica de su escaparate digital. Este tema otorga a los usuarios una variedad de opciones para personalizar y ajustar el dise\u00f1o y el dise\u00f1o de su sitio web, cortes\u00eda de una interfaz de arrastrar y soltar f\u00e1cilmente con usuarios que simplifica todo el proceso de personalizaci\u00f3n. Adem\u00e1s, con un dise\u00f1o totalmente receptivo, este tema garantiza que su emporio en l\u00ednea mantenga su atractivo visual y su rendimiento \u00f3ptimo en todos los dispositivos, independientemente de su tama\u00f1o o plataforma.<\/p>\n<p>Adem\u00e1s de su notable adaptabilidad, el tema Configurador WP tambi\u00e9n incorpora un conjunto diverso de caracter\u00edsticas integradas que se prestan a la gesti\u00f3n eficiente de su tienda en l\u00ednea. Entre estas caracter\u00edsticas se encuentran las tablas de precios, los controles deslizantes de productos y una integraci\u00f3n perfecta con un sistema integral del carrito de compras. En consecuencia, ya sea que usted sea un aspirante a emprendedor que se embarca en su viaje inaugural en el \u00e1mbito del comercio minorista en l\u00ednea o un comerciante establecido que anhela ascender a mayores alturas, el tema de Word WordPress de WP Configurador se destaca como una opci\u00f3n impecable que promete facilitar su viaje hacia el \u00e9xito y prosperidad.<\/p>\n<ul>\n<li>Tema de WordPress de WooCommerce personalizable dise\u00f1ado para empresas que venden productos personalizables<\/li>\n<li>Plugin de configuraci\u00f3n WP f\u00e1cil de usar que permite a los clientes crear y obtener una vista previa de sus propios dise\u00f1os de productos<\/li>\n<li>M\u00faltiples opciones de dise\u00f1o y esquemas de color para elegir<\/li>\n<li>Dise\u00f1o de respuesta para dispositivos m\u00f3viles y receptivos para una visualizaci\u00f3n \u00f3ptima en cualquier dispositivo<\/li>\n<li>Integraci\u00f3n con pasarelas de pago populares y proveedores de env\u00edo<\/li>\n<li>Optimizado para la visibilidad del motor de b\u00fasqueda para aumentar el tr\u00e1fico y las ventas en l\u00ednea<\/li>\n<li>Documentaci\u00f3n y soporte completos proporcionados para una f\u00e1cil configuraci\u00f3n y mantenimiento<\/li>\n<li>Actualizaciones y mejoras regulares para mantenerse al d\u00eda con las \u00faltimas versiones de WordPress y WooCommerce<\/li>\n<li>Construido con c\u00f3digo limpio y optimizado para mejorar la velocidad y el rendimiento del sitio web<\/li>\n<li>Compatible con m\u00faltiples idiomas y traducci\u00f3n lista para el alcance comercial global<\/li>\n<li>Medidas de seguridad mejoradas para proteger la informaci\u00f3n confidencial del cliente y los datos del sitio web.<\/li>\n<\/ul>\n","protected":false},"excerpt":{"rendered":"<p>El tema de Word WordPress de WP Configurador WP, que est\u00e1 destinado a la creaci\u00f3n de sitios web personalizables de comercio electr\u00f3nico, sirve como la soluci\u00f3n definitiva en este dominio. Dise\u00f1ado espec\u00edficamente para satisfacer las necesidades de WooCommerce, este tema presenta una variedad de posibilidades ilimitadas para la exposici\u00f3n de productos y sus caracter\u00edsticas que lo acompa\u00f1an. Equipados con una interfaz f\u00e1cil de usar, a los clientes se les otorga la capacidad de dise\u00f1ar sin esfuerzo sus propias configuraciones de productos, personalizando as\u00ed su experiencia de compra de una manera m\u00e1s adecuada para sus preferencias individuales. Adem\u00e1s, es importante tener en cuenta que este tema es totalmente receptivo y meticulosamente optimizado para un uso perfecto en una variedad de dispositivos m\u00f3viles, lo que garantiza una experiencia ininterrumpida y finalmente satisfactoria para los clientes, independientemente de su dispositivo elegido. Aumentar la esencia del tema del configurador WP es su capacidad para capacitar a las empresas en la creaci\u00f3n de sitios web de comercio electr\u00f3nico que no solo son est\u00e9ticamente llamativos, sino tambi\u00e9n de naturaleza completamente funcional, que sirve efectivamente como un im\u00e1n atractivo para la atracci\u00f3n y retenci\u00f3n de los clientes.<\/p>\n","protected":false},"featured_media":168376,"comment_status":"open","ping_status":"open","template":"","meta":[],"product_brand":[2337],"product_cat":[1263,1264,1237],"product_tag":[1391],"class_list":{"0":"post-110914","1":"product","2":"type-product","3":"status-publish","4":"has-post-thumbnail","6":"product_brand-themeforest","7":"product_cat-comercio-electronico-temas","8":"product_cat-negocio","9":"product_cat-temas","10":"product_tag-themeforest","11":"member-discount","12":"discount-restricted","14":"first","15":"instock","16":"sale","17":"downloadable","18":"virtual","19":"sold-individually","20":"purchasable","21":"product-type-simple"},"_links":{"self":[{"href":"https:\/\/gpl-love.com\/es\/wp-json\/wp\/v2\/product\/110914","targetHints":{"allow":["GET"]}}],"collection":[{"href":"https:\/\/gpl-love.com\/es\/wp-json\/wp\/v2\/product"}],"about":[{"href":"https:\/\/gpl-love.com\/es\/wp-json\/wp\/v2\/types\/product"}],"replies":[{"embeddable":true,"href":"https:\/\/gpl-love.com\/es\/wp-json\/wp\/v2\/comments?post=110914"}],"wp:featuredmedia":[{"embeddable":true,"href":"https:\/\/gpl-love.com\/es\/wp-json\/wp\/v2\/media\/168376"}],"wp:attachment":[{"href":"https:\/\/gpl-love.com\/es\/wp-json\/wp\/v2\/media?parent=110914"}],"wp:term":[{"taxonomy":"product_brand","embeddable":true,"href":"https:\/\/gpl-love.com\/es\/wp-json\/wp\/v2\/product_brand?post=110914"},{"taxonomy":"product_cat","embeddable":true,"href":"https:\/\/gpl-love.com\/es\/wp-json\/wp\/v2\/product_cat?post=110914"},{"taxonomy":"product_tag","embeddable":true,"href":"https:\/\/gpl-love.com\/es\/wp-json\/wp\/v2\/product_tag?post=110914"}],"curies":[{"name":"wp","href":"https:\/\/api.w.org\/{rel}","templated":true}]}}