{"id":110912,"date":"2023-01-13T00:00:00","date_gmt":"2023-01-13T05:00:00","guid":{"rendered":"http:\/\/gpl-love.com\/es\/producto\/maxhost-web-hosting-whmcs-and-corporate-business-wordpress-theme\/"},"modified":"2026-03-13T17:24:12","modified_gmt":"2026-03-13T22:24:12","slug":"maxhost-web-hosting-whmcs-and-corporate-business-wordpress-theme","status":"publish","type":"product","link":"https:\/\/gpl-love.com\/es\/producto\/maxhost-web-hosting-whmcs-and-corporate-business-wordpress-theme\/","title":{"rendered":"MaxHost Web Hosting WHMCS y Corporate Business WordPress Theme 9.4.2"},"content":{"rendered":"<h3>MaxHost Web Hosting WHMCS y Corporate Business WordPress Theme Caracteristicas<\/h3>\n<p>MaxHost Web Hosting WHMCS y el tema de WordPress de negocios corporativos es un producto altamente sofisticado y avanzado que ofrece una soluci\u00f3n integral para abordar la amplia gama de requisitos que enfrentan las empresas que buscan una plataforma de alojamiento web confiable, al tiempo que integran un tema de WordPress profesional y corporativo. El tema meticulosamente elaborado se ha dise\u00f1ado espec\u00edficamente para cautivar y atraer a clientes y clientes potenciales, con una est\u00e9tica extremadamente elegante y contempor\u00e1nea que combina sin esfuerzo la facilidad de uso con una navegabilidad perfecta. La plataforma de alojamiento web, meticulosamente fortificada y fortificada por el notable WHMCS, garantiza la operaci\u00f3n perfecta y eficiente de todas las funciones de alojamiento y facturaci\u00f3n, que finalmente ofrece una experiencia notablemente conveniente y sin problemas a los propietarios de sitios web. En virtud de la amplia gama de opciones de personalizaci\u00f3n que se han integrado cuidadosamente, las empresas est\u00e1n facultadas para adaptar y personalizar sin esfuerzo el tema para alinear con precisi\u00f3n con su identidad de marca \u00fanica, cautivando e involucrando as\u00ed e involucrando a su p\u00fablico objetivo. Esta soluci\u00f3n que lo abarca todo y totalmente es el ep\u00edtome de la excelencia para las empresas que buscan establecer un sitio web pulido y altamente funcional que posee la capacidad incomparable para administrar y abordar adecuadamente toda su gama de requisitos de alojamiento web.<\/p>\n<ul>\n<li>Una soluci\u00f3n de alojamiento web poderosa y flexible que incluye una integraci\u00f3n WHMCS y un tema de WordPress dise\u00f1ado para empresas corporativas.<\/li>\n<li>Controles f\u00e1ciles de usar y opciones personalizables que le permiten adaptar la plataforma de alojamiento y el dise\u00f1o a sus necesidades exactas.<\/li>\n<li>Una integraci\u00f3n de WHMCS perfecta que optimiza la facturaci\u00f3n, la gesti\u00f3n del cliente y el manejo de boletos de soporte, lo que facilita la administraci\u00f3n de su negocio de alojamiento web desde una sola plataforma.<\/li>\n<li>El tema de WordPress de negocios corporativos ofrece impresionantes im\u00e1genes que son profesionales y est\u00e9ticamente agradables.<\/li>\n<li>El tema se basa en un marco receptivo, asegurando que su sitio web se vea genial y funciona perfectamente en todos los dispositivos, desde escritorios hasta tabletas y tel\u00e9fonos inteligentes.<\/li>\n<li>El tema incluye una poderosa variedad de c\u00f3digos cortos para la personalizaci\u00f3n, as\u00ed como seis dise\u00f1os de p\u00e1gina de inicio que se pueden personalizar f\u00e1cilmente para satisfacer las necesidades espec\u00edficas de su negocio.<\/li>\n<li>Su dise\u00f1o limpio y f\u00e1cil de navegar asegura que los visitantes de su sitio experimenten una experiencia perfecta y f\u00e1cil de usar.<\/li>\n<li>Con una s\u00f3lida atenci\u00f3n al cliente, el equipo Maxhost siempre est\u00e1 disponible para brindar asistencia o responder cualquier pregunta que pueda tener.<\/li>\n<\/ul>\n","protected":false},"excerpt":{"rendered":"<p>La web Maxhost que aloja WHMCS y el tema de WordPress de negocios corporativos es un tema de sitio web incre\u00edblemente robusto y adaptable que ha sido dise\u00f1ado por el prop\u00f3sito expl\u00edcito de atender las necesidades de las empresas de alojamiento web y las empresas corporativas. Este tema cuenta con una extensa variedad de caracter\u00edsticas y opciones altamente personalizables que sin duda lo impresionar\u00e1n y sorprender\u00e1n. Algunos de los atributos notables incluyen una integraci\u00f3n de WHMCS sin costuras, un dise\u00f1o incre\u00edblemente receptivo que garantiza experiencias \u00f3ptimas del usuario en todos los dispositivos y tama\u00f1os de pantalla, una multitud de dise\u00f1os de p\u00e1gina de inicio cautivadores para elegir y un backend avanzado que le otorga control sin igual sobre la funcionalidad y apariencia. Es innegable que el dise\u00f1o elegante y contempor\u00e1neo del tema Maxhost lo ayudar\u00e1 sin esfuerzo a establecer una presencia en l\u00ednea pulida e impactante para su estimada empresa comercial.<\/p>\n","protected":false},"featured_media":166709,"comment_status":"open","ping_status":"open","template":"","meta":[],"product_brand":[2337],"product_cat":[1307,1237,1238],"product_tag":[1391],"class_list":{"0":"post-110912","1":"product","2":"type-product","3":"status-publish","4":"has-post-thumbnail","6":"product_brand-themeforest","7":"product_cat-negocio-wordpress-temas","8":"product_cat-temas","9":"product_cat-wordpress-temas","10":"product_tag-themeforest","11":"member-discount","12":"discount-restricted","14":"first","15":"instock","16":"sale","17":"downloadable","18":"virtual","19":"sold-individually","20":"purchasable","21":"product-type-simple"},"_links":{"self":[{"href":"https:\/\/gpl-love.com\/es\/wp-json\/wp\/v2\/product\/110912","targetHints":{"allow":["GET"]}}],"collection":[{"href":"https:\/\/gpl-love.com\/es\/wp-json\/wp\/v2\/product"}],"about":[{"href":"https:\/\/gpl-love.com\/es\/wp-json\/wp\/v2\/types\/product"}],"replies":[{"embeddable":true,"href":"https:\/\/gpl-love.com\/es\/wp-json\/wp\/v2\/comments?post=110912"}],"wp:featuredmedia":[{"embeddable":true,"href":"https:\/\/gpl-love.com\/es\/wp-json\/wp\/v2\/media\/166709"}],"wp:attachment":[{"href":"https:\/\/gpl-love.com\/es\/wp-json\/wp\/v2\/media?parent=110912"}],"wp:term":[{"taxonomy":"product_brand","embeddable":true,"href":"https:\/\/gpl-love.com\/es\/wp-json\/wp\/v2\/product_brand?post=110912"},{"taxonomy":"product_cat","embeddable":true,"href":"https:\/\/gpl-love.com\/es\/wp-json\/wp\/v2\/product_cat?post=110912"},{"taxonomy":"product_tag","embeddable":true,"href":"https:\/\/gpl-love.com\/es\/wp-json\/wp\/v2\/product_tag?post=110912"}],"curies":[{"name":"wp","href":"https:\/\/api.w.org\/{rel}","templated":true}]}}