{"id":110910,"date":"2024-04-03T00:00:00","date_gmt":"2024-04-03T05:00:00","guid":{"rendered":"http:\/\/gpl-love.com\/es\/producto\/ed-school-education-wordpress-theme\/"},"modified":"2026-03-13T17:19:40","modified_gmt":"2026-03-13T22:19:40","slug":"ed-school-education-wordpress-theme","status":"publish","type":"product","link":"https:\/\/gpl-love.com\/es\/producto\/ed-school-education-wordpress-theme\/","title":{"rendered":"Ed School Education WordPress Theme 3.20.1"},"content":{"rendered":"<h3>Ed School Education WordPress Theme Caracteristicas<\/h3>\n<p>El tema de WordPress de educaci\u00f3n escolar de Ed es un tema de WordPress notablemente eficiente y excepcionalmente profesional que ha sido dise\u00f1ado a prop\u00f3sito con el prop\u00f3sito espec\u00edfico de atender a sitios web educativos. Su interfaz no solo es receptiva sino tambi\u00e9n f\u00e1cil de usar, lo que garantiza experiencias de navegaci\u00f3n perfecta para los usuarios, independientemente del dispositivo que est\u00e9n utilizando. Este tema ofrece una gran cantidad de opciones de personalizaci\u00f3n, que van desde m\u00faltiples esquemas de color hasta widgets y plantillas de p\u00e1gina, capacitando a los usuarios para adaptar sin esfuerzo su sitio web a sus preferencias \u00fanicas. Adem\u00e1s, cuenta con una gama de funcionalidades incorporadas, como calendarios de eventos, herramientas de gesti\u00f3n de cursos y un formulario de contacto personalizable, lo que lo convierte en una opci\u00f3n ideal para varias instituciones educativas, ya sean escuelas o universidades. Lo que distingue a este tema es su compromiso inquebrantable con la confiabilidad y la seguridad, asegurando que los valiosos datos de los usuarios permanezcan protegidos y salvaguardados. Con el tema de WordPress de educaci\u00f3n escolar ed a su disposici\u00f3n, crear un sitio web educativo cautivador e informativo nunca ha sido m\u00e1s sencillo.<\/p>\n<ul>\n<li>Dise\u00f1o profesional e intuitivo espec\u00edficamente para sitios web de educaci\u00f3n<\/li>\n<li>Dise\u00f1o receptivo que funciona bien tanto en los dispositivos de escritorio como en los dispositivos m\u00f3viles<\/li>\n<li>Potentes opciones de personalizaci\u00f3n para colores, fuentes, dise\u00f1os y m\u00e1s<\/li>\n<li>Integraci\u00f3n con complementos populares como WooCommerce y el Formulario de contacto 7<\/li>\n<li>Crear y administrar f\u00e1cilmente cursos, horarios y eventos<\/li>\n<li>Constructor de p\u00e1ginas de arrastre y suelto incorporado con plantillas predise\u00f1adas<\/li>\n<li>C\u00f3digo amigable para SEO y optimizado para tiempos de carga de p\u00e1gina r\u00e1pidos<\/li>\n<li>Incluye contenido de demostraci\u00f3n para comenzar r\u00e1pidamente<\/li>\n<li>Atenci\u00f3n al cliente y documentaci\u00f3n dedicada<\/li>\n<li>Compra \u00fanica con actualizaciones de por vida y acceso a caracter\u00edsticas futuras<\/li>\n<\/ul>\n","protected":false},"excerpt":{"rendered":"<p>Ed School es un tema de WordPress altamente estimado que ha sido meticulosamente elaborado para satisfacer las necesidades \u00fanicas de las instituciones educativas en todos los \u00e1mbitos. Para garantizar una satisfacci\u00f3n \u00f3ptima del usuario, este tema cuenta con una amplia gama de caracter\u00edsticas que lo convierten en una opci\u00f3n excepcional para escuelas, universidades, cursos en l\u00ednea y una multitud de otras empresas educativas. En particular, Ed School es totalmente receptiva, lo que significa que su dise\u00f1o se adapta perfectamente a varios tama\u00f1os de pantalla, lo que garantiza una experiencia de visualizaci\u00f3n \u00f3ptima para cada visitante. Adem\u00e1s, este tema es amigable con SEO, lo que permite a los establecimientos educativos maximizar su visibilidad en l\u00ednea y atraer a un p\u00fablico m\u00e1s amplio. Adem\u00e1s, Ed School es incre\u00edblemente f\u00e1cil de usar, y ofrece a los usuarios el lujo de personalizar sin esfuerzo sus sitios web para que se adapten a sus preferencias y requisitos precisos. Con una selecci\u00f3n completa de dise\u00f1os preconstruidos y p\u00e1ginas personalizables, los usuarios pueden dise\u00f1ar un sitio web escolar visualmente impresionante y altamente profesional en cuesti\u00f3n de minutos. Adem\u00e1s, ED School est\u00e1 equipada con una amplia gama de complementos que simplifican en gran medida la creaci\u00f3n de una plataforma educativa est\u00e9ticamente agradable y totalmente funcional. Una capacidad notable es su compatibilidad con WooCommerce, un complemento de comercio electr\u00f3nico inmensamente popular que facilita la venta perfecta de cursos y productos educativos. En esencia, ED School es una opci\u00f3n excepcional para cualquier persona que busque construir un sitio web educativo cautivador, pr\u00e1ctico y sin esfuerzo navegable.<\/p>\n","protected":false},"featured_media":165905,"comment_status":"open","ping_status":"open","template":"","meta":[],"product_brand":[2337],"product_cat":[1267,1237,1238],"product_tag":[1391],"class_list":{"0":"post-110910","1":"product","2":"type-product","3":"status-publish","4":"has-post-thumbnail","6":"product_brand-themeforest","7":"product_cat-creativo","8":"product_cat-temas","9":"product_cat-wordpress-temas","10":"product_tag-themeforest","11":"member-discount","12":"discount-restricted","14":"first","15":"instock","16":"sale","17":"downloadable","18":"virtual","19":"sold-individually","20":"purchasable","21":"product-type-simple"},"_links":{"self":[{"href":"https:\/\/gpl-love.com\/es\/wp-json\/wp\/v2\/product\/110910","targetHints":{"allow":["GET"]}}],"collection":[{"href":"https:\/\/gpl-love.com\/es\/wp-json\/wp\/v2\/product"}],"about":[{"href":"https:\/\/gpl-love.com\/es\/wp-json\/wp\/v2\/types\/product"}],"replies":[{"embeddable":true,"href":"https:\/\/gpl-love.com\/es\/wp-json\/wp\/v2\/comments?post=110910"}],"wp:featuredmedia":[{"embeddable":true,"href":"https:\/\/gpl-love.com\/es\/wp-json\/wp\/v2\/media\/165905"}],"wp:attachment":[{"href":"https:\/\/gpl-love.com\/es\/wp-json\/wp\/v2\/media?parent=110910"}],"wp:term":[{"taxonomy":"product_brand","embeddable":true,"href":"https:\/\/gpl-love.com\/es\/wp-json\/wp\/v2\/product_brand?post=110910"},{"taxonomy":"product_cat","embeddable":true,"href":"https:\/\/gpl-love.com\/es\/wp-json\/wp\/v2\/product_cat?post=110910"},{"taxonomy":"product_tag","embeddable":true,"href":"https:\/\/gpl-love.com\/es\/wp-json\/wp\/v2\/product_tag?post=110910"}],"curies":[{"name":"wp","href":"https:\/\/api.w.org\/{rel}","templated":true}]}}