{"id":110908,"date":"2021-10-12T00:00:00","date_gmt":"2021-10-12T05:00:00","guid":{"rendered":"http:\/\/gpl-love.com\/es\/producto\/onero-creative-portfolio-theme-for-professionals\/"},"modified":"2026-03-13T17:26:58","modified_gmt":"2026-03-13T22:26:58","slug":"onero-creative-portfolio-theme-for-professionals","status":"publish","type":"product","link":"https:\/\/gpl-love.com\/es\/producto\/onero-creative-portfolio-theme-for-professionals\/","title":{"rendered":"Onero Creative Portfolio Tema para Professionals 1.7.5"},"content":{"rendered":"<h3>Onero Creative Portfolio Tema para Professionals Caracteristicas<\/h3>\n<p>El tema de la cartera creativa de Onero para profesionales es una soluci\u00f3n de dise\u00f1o incre\u00edblemente vers\u00e1til y de vanguardia que satisface las necesidades de los creativos que se esfuerzan por presentar su trabajo de una manera altamente pulida y cautivadora. Este tema excepcional cuenta con una gran cantidad de elementos personalizables, que abarca una variedad diversa de dise\u00f1os de p\u00e1ginas de inicio, plantillas de cartera y esquemas de color, que facultan a los usuarios para curar una plataforma en l\u00ednea claramente personalizada y distintiva. Lo que distingue a este tema es su interfaz notablemente f\u00e1cil de usar y su constructor de arrastre y arrastrado notablemente intuitivo, los cuales facilitan sin esfuerzo la creaci\u00f3n de sitios web visualmente llamativos e impecablemente funcionales incluso para personas que poseen una experiencia m\u00ednima en el \u00e1mbito del dise\u00f1o web. Para garantizar una accesibilidad \u00f3ptima, el tema de la cartera creativa de Onero se ha creado meticulosamente para que sea totalmente receptivo y compatible con todos los principales navegadores web, solidificando as\u00ed su estado como una opci\u00f3n extremadamente confiable y eficaz para los profesionales que anhelan trascender los l\u00edmites de su presencia en l\u00ednea y su presencia en l\u00ednea y asciende a alturas de \u00e9xito sin precedentes.<\/p>\n<ul>\n<li>Dise\u00f1o elegante y moderno<\/li>\n<li>Totalmente personalizable para adaptarse a su marca<\/li>\n<li>Dise\u00f1ado espec\u00edficamente para profesionales creativos<\/li>\n<li>M\u00faltiples dise\u00f1os de cartera para mostrar su trabajo<\/li>\n<li>Constructor de p\u00e1gina de arrastre y suelto f\u00e1cil de usar<\/li>\n<li>Dise\u00f1o receptivo para una visualizaci\u00f3n \u00f3ptima en todos los dispositivos<\/li>\n<li>Atenci\u00f3n al cliente 24\/7<\/li>\n<li>SEO optimizado para una mejor clasificaci\u00f3n de motores de b\u00fasqueda<\/li>\n<li>Botones integrados de intercambio de redes sociales<\/li>\n<li>Actualizaciones regulares para mantenerse al d\u00eda con las \u00faltimas tendencias y caracter\u00edsticas.<\/li>\n<\/ul>\n","protected":false},"excerpt":{"rendered":"<p>El tema de la cartera creativa de Onero para los profesionales demuestra ser un tema de WordPress altamente potente y adaptable meticulosamente elaborado para satisfacer las necesidades de los creativos que desean exhibir su trabajo de una manera que resuena con profesionalismo y cautiva a sus audiencias. Con un dise\u00f1o elegante y contempor\u00e1neo, una variedad de posibilidades de dise\u00f1o y capacidades de personalizaci\u00f3n avanzada, Onero permite a las personas construir un sitio web de cartera visualmente llamativo que encarna su estilo distintivo y su esencia visionaria. Independientemente de si se especializa en fotograf\u00eda, dise\u00f1o, arte o cualquier otra forma de experiencia creativa, Onero le otorga un kit de herramientas con todo incluido, que lo equipa con los recursos necesarios para establecer una presencia extraordinaria en l\u00ednea y atraer a una base de clientela ampliada.<\/p>\n","protected":false},"featured_media":167102,"comment_status":"open","ping_status":"open","template":"","meta":[],"product_brand":[2337],"product_cat":[1267,1237,1238],"product_tag":[1391],"class_list":{"0":"post-110908","1":"product","2":"type-product","3":"status-publish","4":"has-post-thumbnail","6":"product_brand-themeforest","7":"product_cat-creativo","8":"product_cat-temas","9":"product_cat-wordpress-temas","10":"product_tag-themeforest","11":"member-discount","12":"discount-restricted","14":"first","15":"instock","16":"sale","17":"downloadable","18":"virtual","19":"sold-individually","20":"purchasable","21":"product-type-simple"},"_links":{"self":[{"href":"https:\/\/gpl-love.com\/es\/wp-json\/wp\/v2\/product\/110908","targetHints":{"allow":["GET"]}}],"collection":[{"href":"https:\/\/gpl-love.com\/es\/wp-json\/wp\/v2\/product"}],"about":[{"href":"https:\/\/gpl-love.com\/es\/wp-json\/wp\/v2\/types\/product"}],"replies":[{"embeddable":true,"href":"https:\/\/gpl-love.com\/es\/wp-json\/wp\/v2\/comments?post=110908"}],"wp:featuredmedia":[{"embeddable":true,"href":"https:\/\/gpl-love.com\/es\/wp-json\/wp\/v2\/media\/167102"}],"wp:attachment":[{"href":"https:\/\/gpl-love.com\/es\/wp-json\/wp\/v2\/media?parent=110908"}],"wp:term":[{"taxonomy":"product_brand","embeddable":true,"href":"https:\/\/gpl-love.com\/es\/wp-json\/wp\/v2\/product_brand?post=110908"},{"taxonomy":"product_cat","embeddable":true,"href":"https:\/\/gpl-love.com\/es\/wp-json\/wp\/v2\/product_cat?post=110908"},{"taxonomy":"product_tag","embeddable":true,"href":"https:\/\/gpl-love.com\/es\/wp-json\/wp\/v2\/product_tag?post=110908"}],"curies":[{"name":"wp","href":"https:\/\/api.w.org\/{rel}","templated":true}]}}