{"id":110902,"date":"2021-02-24T00:00:00","date_gmt":"2021-02-24T05:00:00","guid":{"rendered":"http:\/\/gpl-love.com\/es\/producto\/hr-human-consult-searching-and-recruiting-wordpress-theme\/"},"modified":"2026-03-13T17:22:23","modified_gmt":"2026-03-13T22:22:23","slug":"hr-human-consult-searching-and-recruiting-wordpress-theme","status":"publish","type":"product","link":"https:\/\/gpl-love.com\/es\/producto\/hr-human-consult-searching-and-recruiting-wordpress-theme\/","title":{"rendered":"HR Human Consult Searching y Recruiting WordPress Theme 1.3.0"},"content":{"rendered":"<h3>HR Human Consult Searching y Recruiting WordPress Theme Caracteristicas<\/h3>\n<p>El tema de la b\u00fasqueda de WordPress de HR Human Consulting WordPress se presenta como la soluci\u00f3n \u00f3ptima para las empresas con el objetivo de optimizar sus procedimientos de reclutamiento y contrataci\u00f3n. Este tema en particular ha sido meticulosamente elaborado con la intenci\u00f3n de ayudar a los departamentos de recursos humanos y a las agencias de reclutamiento para administrar sin esfuerzo listados de trabajo, curr\u00edculums y aplicaciones. Acompa\u00f1ado de una interfaz f\u00e1cil de usar, funcionalidad de b\u00fasqueda formidable y una variedad de opciones personalizables, el tema de consulta humana de recursos humanos garantiza efectivamente que las empresas puedan identificarse e interactuar f\u00e1cilmente con candidatos calificados. Adem\u00e1s, este tema incorpora un dise\u00f1o contempor\u00e1neo y profesional que seguramente reforzar\u00e1 la imagen de marca de las empresas y atrae el talento de primer nivel. Al abarcar caracter\u00edsticas como la publicaci\u00f3n de empleo y la gesti\u00f3n de aplicaciones, el tema de b\u00fasqueda y reclutamiento de WordPress de consulta humana de recursos humanos surge como la herramienta por excelencia para cualquier negocio en busca de asegurar a los candidatos m\u00e1s excepcionales.<\/p>\n<ul>\n<li>HR Human Consult es un tema integral de WordPress dise\u00f1ado espec\u00edficamente para las agencias de personal y reclutamiento.<\/li>\n<li>El tema viene con un dise\u00f1o limpio y profesional, lo que lo hace ideal para nuevas empresas y empresas establecidas.<\/li>\n<li>Con su constructor intuitivo de p\u00e1gina de arrastrar y soltar, puede crear f\u00e1cilmente p\u00e1ginas y secciones personalizadas sin ning\u00fan conocimiento de codificaci\u00f3n.<\/li>\n<li>El tema tambi\u00e9n incluye un portal de trabajo personalizable, que le permite crear listados de trabajo, aceptar aplicaciones y administrar candidatos desde su tablero de WordPress.<\/li>\n<li>HR Human Consult es totalmente receptivo, asegurando que su sitio web se vea incre\u00edble en todos los dispositivos y tama\u00f1os de pantalla.<\/li>\n<li>El tema tambi\u00e9n est\u00e1 optimizado para SEO, lo que facilita a los solicitantes de empleo encontrar sus listados a trav\u00e9s de los motores de b\u00fasqueda.<\/li>\n<li>Otras caracter\u00edsticas notables incluyen una variedad de plantillas de p\u00e1gina preconstruidas, widgets personalizados y soporte para m\u00faltiples idiomas.<\/li>\n<li>HR Human Consult est\u00e1 respaldado por un equipo de apoyo amigable y conocedor, listo para ayudarlo con cualquier pregunta o problema que pueda encontrar.<\/li>\n<\/ul>\n","protected":false},"excerpt":{"rendered":"<p>El tema de WordPress de la consulta humana de recursos humanos se presenta como la soluci\u00f3n definitiva y abarrotable para las empresas que buscan racionalizar y simplificar su intrincado y a menudo arduo proceso de reclutamiento. Armado con una gran cantidad de herramientas f\u00e1ciles de usar y caracter\u00edsticas altamente personalizables, este notable tema ayuda a los empleadores en su b\u00fasqueda de buscar, evaluar y, en \u00faltima instancia, emplear al personal nuevo sin esfuerzo y sin esfuerzo. Con un dise\u00f1o elegante y contempor\u00e1neo, el tema de consulta humana de recursos humanos exuda un aire de profesionalismo y sofisticaci\u00f3n, mejorando as\u00ed la imagen general y la reputaci\u00f3n de su estimada organizaci\u00f3n. Adem\u00e1s, ofrece una experiencia sumamente centrada en el usuario e intuitiva a los posibles solicitantes, asegurando un nivel incomparable de conveniencia y accesibilidad. Abraza esta herramienta de reclutamiento potente y robusta, y lib\u00e9rate de los grilletes de tiempo perdido y complicaciones innecesarias. Al aprovechar el poder y la eficiencia de este invaluable recurso, podr\u00e1 identificar y asegurar de manera r\u00e1pida y efectiva el talento m\u00e1s fino y adecuado para su estimado equipo, impulsando as\u00ed a su organizaci\u00f3n a alturas inimaginables.<\/p>\n","protected":false},"featured_media":166438,"comment_status":"open","ping_status":"open","template":"","meta":[],"product_brand":[2337],"product_cat":[1307,1237,1238],"product_tag":[1391],"class_list":{"0":"post-110902","1":"product","2":"type-product","3":"status-publish","4":"has-post-thumbnail","6":"product_brand-themeforest","7":"product_cat-negocio-wordpress-temas","8":"product_cat-temas","9":"product_cat-wordpress-temas","10":"product_tag-themeforest","11":"member-discount","12":"discount-restricted","14":"first","15":"instock","16":"sale","17":"downloadable","18":"virtual","19":"sold-individually","20":"purchasable","21":"product-type-simple"},"_links":{"self":[{"href":"https:\/\/gpl-love.com\/es\/wp-json\/wp\/v2\/product\/110902","targetHints":{"allow":["GET"]}}],"collection":[{"href":"https:\/\/gpl-love.com\/es\/wp-json\/wp\/v2\/product"}],"about":[{"href":"https:\/\/gpl-love.com\/es\/wp-json\/wp\/v2\/types\/product"}],"replies":[{"embeddable":true,"href":"https:\/\/gpl-love.com\/es\/wp-json\/wp\/v2\/comments?post=110902"}],"wp:featuredmedia":[{"embeddable":true,"href":"https:\/\/gpl-love.com\/es\/wp-json\/wp\/v2\/media\/166438"}],"wp:attachment":[{"href":"https:\/\/gpl-love.com\/es\/wp-json\/wp\/v2\/media?parent=110902"}],"wp:term":[{"taxonomy":"product_brand","embeddable":true,"href":"https:\/\/gpl-love.com\/es\/wp-json\/wp\/v2\/product_brand?post=110902"},{"taxonomy":"product_cat","embeddable":true,"href":"https:\/\/gpl-love.com\/es\/wp-json\/wp\/v2\/product_cat?post=110902"},{"taxonomy":"product_tag","embeddable":true,"href":"https:\/\/gpl-love.com\/es\/wp-json\/wp\/v2\/product_tag?post=110902"}],"curies":[{"name":"wp","href":"https:\/\/api.w.org\/{rel}","templated":true}]}}