{"id":110900,"date":"2025-10-20T00:00:00","date_gmt":"2025-10-20T05:00:00","guid":{"rendered":"http:\/\/gpl-love.com\/es\/producto\/cbkit-course-builder-lms-wordpress-theme\/"},"modified":"2026-03-13T17:18:04","modified_gmt":"2026-03-13T22:18:04","slug":"cbkit-course-builder-lms-wordpress-theme","status":"publish","type":"product","link":"https:\/\/gpl-love.com\/es\/producto\/cbkit-course-builder-lms-wordpress-theme\/","title":{"rendered":"Course Builder y LMS WordPress Theme 3.6.9"},"content":{"rendered":"<h3>Course Builder y LMS WordPress Theme Caracteristicas<\/h3>\n<p>The Course Builder y LMS WordPress Teme es una herramienta extremadamente robusta y altamente efectiva que otorga a los usuarios la capacidad de generar y supervisar sin esfuerzo cursos en l\u00ednea. Con su amplia gama de plantillas personalizables y su funcionalidad notablemente f\u00e1cil de arrastrar y soltar, el proceso de elaboraci\u00f3n de contenido cautivador y verdaderamente interactivo nunca ha sido m\u00e1s accesible. Adem\u00e1s, este tema excepcional tambi\u00e9n cuenta con la inclusi\u00f3n de un sistema de gesti\u00f3n de aprendizaje de vanguardia, brindando a los usuarios la oportunidad de monitorear meticulosamente el progreso de sus estudiantes, administrar tareas y cuestionarios de manera eficiente, y ofrecer valiosos comentarios en tiempo real. Whether you find yourself in the role of an esteemed educator, a seasoned trainer, or an enterprising entrepreneur who yearns to capitalize on their area of \u200b\u200bexpertise, it becomes abundantly clear that this unparalleled Course Builder and LMS WordPress Theme undoubtedly represents the quintessential solution for the Creaci\u00f3n sin problemas y entrega de cursos en l\u00ednea altamente profesionales y de primer nivel.<\/p>\n<ul>\n<li>Interfaz f\u00e1cil de usar para crear y administrar cursos en l\u00ednea<\/li>\n<li>El constructor de cursos de arrastrar y soltar permite una f\u00e1cil personalizaci\u00f3n de la estructura del curso<\/li>\n<li>Sistema de gesti\u00f3n de aprendizaje incorporado (LMS) para rastrear el progreso y las calificaciones de los estudiantes<\/li>\n<li>Compatible con WordPress, una de las plataformas de sitio web m\u00e1s utilizadas<\/li>\n<li>Dise\u00f1o totalmente receptivo y amigable para dispositivos m\u00f3viles para una visualizaci\u00f3n \u00f3ptima en cualquier dispositivo<\/li>\n<li>M\u00faltiples dise\u00f1os de cursos para elegir, incluidas las opciones de cuadr\u00edcula y lista<\/li>\n<li>Capacidades de b\u00fasqueda avanzadas para ayudar a los estudiantes a encontrar cursos y contenido r\u00e1pidamente<\/li>\n<li>Integraci\u00f3n con pasarelas de pago populares para una f\u00e1cil monetizaci\u00f3n de los cursos<\/li>\n<li>Capacidad para crear cuestionarios, tareas y otros tipos de evaluaciones para los estudiantes<\/li>\n<li>Soporte multiling\u00fce para el p\u00fablico de Cater a la audiencia internacional<\/li>\n<li>Atenci\u00f3n al cliente dedicada para ayudar con cualquier problema t\u00e9cnico o pregunta.<\/li>\n<\/ul>\n","protected":false},"excerpt":{"rendered":"<p>Desatara el potencial de su instituci\u00f3n educativa con nuestro vers\u00e1til genio de cursos y el tema de WordPress del Sistema de Gesti\u00f3n de Aprendizaje (LMS). Dise\u00f1ado para educadores e instituciones, este tema ofrece una plataforma LMS robusta, que proporciona una interfaz simplificada para administrar y entregar cursos en l\u00ednea. La funci\u00f3n de constructor de cursos le permite crear cursos integrales e interactivos con facilidad, ofreciendo a sus estudiantes una experiencia de aprendizaje atractiva. El componente LMS permite la gesti\u00f3n eficiente de los datos de los estudiantes, el contenido del curso y los sistemas de calificaci\u00f3n, ahorr\u00e1ndole tiempo y recursos valiosos. Este tema de WordPress es totalmente personalizable, lo que le permite adaptarlo a la est\u00e9tica de su marca. Impulse la presencia digital de su instituci\u00f3n con nuestro constructor de cursos y el tema de LMS WordPress, la herramienta perfecta para mejorar la experiencia de aprendizaje al tiempo que simplifica la gesti\u00f3n del curso.<\/p>\n","protected":false},"featured_media":165671,"comment_status":"open","ping_status":"open","template":"","meta":[],"product_brand":[2337],"product_cat":[1267,1237,1238],"product_tag":[1391],"class_list":{"0":"post-110900","1":"product","2":"type-product","3":"status-publish","4":"has-post-thumbnail","6":"product_brand-themeforest","7":"product_cat-creativo","8":"product_cat-temas","9":"product_cat-wordpress-temas","10":"product_tag-themeforest","11":"member-discount","12":"discount-restricted","14":"first","15":"instock","16":"sale","17":"downloadable","18":"virtual","19":"sold-individually","20":"purchasable","21":"product-type-simple"},"_links":{"self":[{"href":"https:\/\/gpl-love.com\/es\/wp-json\/wp\/v2\/product\/110900","targetHints":{"allow":["GET"]}}],"collection":[{"href":"https:\/\/gpl-love.com\/es\/wp-json\/wp\/v2\/product"}],"about":[{"href":"https:\/\/gpl-love.com\/es\/wp-json\/wp\/v2\/types\/product"}],"replies":[{"embeddable":true,"href":"https:\/\/gpl-love.com\/es\/wp-json\/wp\/v2\/comments?post=110900"}],"wp:featuredmedia":[{"embeddable":true,"href":"https:\/\/gpl-love.com\/es\/wp-json\/wp\/v2\/media\/165671"}],"wp:attachment":[{"href":"https:\/\/gpl-love.com\/es\/wp-json\/wp\/v2\/media?parent=110900"}],"wp:term":[{"taxonomy":"product_brand","embeddable":true,"href":"https:\/\/gpl-love.com\/es\/wp-json\/wp\/v2\/product_brand?post=110900"},{"taxonomy":"product_cat","embeddable":true,"href":"https:\/\/gpl-love.com\/es\/wp-json\/wp\/v2\/product_cat?post=110900"},{"taxonomy":"product_tag","embeddable":true,"href":"https:\/\/gpl-love.com\/es\/wp-json\/wp\/v2\/product_tag?post=110900"}],"curies":[{"name":"wp","href":"https:\/\/api.w.org\/{rel}","templated":true}]}}