{"id":110898,"date":"2021-03-20T00:00:00","date_gmt":"2021-03-20T05:00:00","guid":{"rendered":"http:\/\/gpl-love.com\/es\/producto\/geobin-digital-marketing-agency-seo-wordpress-theme\/"},"modified":"2026-03-13T17:21:12","modified_gmt":"2026-03-13T22:21:12","slug":"geobin-digital-marketing-agency-seo-wordpress-theme","status":"publish","type":"product","link":"https:\/\/gpl-love.com\/es\/producto\/geobin-digital-marketing-agency-seo-wordpress-theme\/","title":{"rendered":"GeoBin Digital Marketing Agency, SEO WordPress Theme 2.7.1"},"content":{"rendered":"<h3>GeoBin Digital Marketing Agency, SEO WordPress Theme Caracteristicas<\/h3>\n<p>La agencia de marketing digital de Geobin, SEO WordPress, es un tema de primer nivel, excepcionalmente elaborado y ampliamente personalizable, ideal para agencias de marketing digital, empresas de SEO y empresas de diversas naturalezas. Este notable tema ha sido intrincadamente dise\u00f1ado para ayudar en la creaci\u00f3n de un sitio web exquisito que muestra brillantemente su marca y servicios, atrayendo y reteniendo efectivamente a los clientes. Incluyendo el tema de Geobin hay una gran cantidad de caracter\u00edsticas, facilitando sin problemas la creaci\u00f3n de un sitio web optimizado de SEO que cuenta con velocidades de carga r\u00e1pidas y navegaci\u00f3n sin esfuerzo. Independientemente de si posee un conjunto de habilidades novato o avanzada como desarrollador, el tema de Geobin sigue siendo una opci\u00f3n inequ\u00edvocamente impecable para sus requisitos de marketing digital. Por lo tanto, si aspira a elevar su negocio a alturas sin precedentes, \u00a1obtenga el tema de SEO WordPress de la agencia de marketing digital Geobin!<\/p>\n<ul>\n<li>Un tema de WordPress personalizable y f\u00e1cil de usar dise\u00f1ado espec\u00edficamente para agencias de marketing digital y profesionales de SEO<\/li>\n<li>Totalmente optimizado para motores de b\u00fasqueda, con caracter\u00edsticas de SEO incorporadas, como encabezados optimizados y metaetiquetas<\/li>\n<li>M\u00faltiples variaciones de la p\u00e1gina de inicio y opciones de personalizaci\u00f3n para que coincidan con la identidad de su marca y los objetivos comerciales<\/li>\n<li>Incluye p\u00e1ginas predise\u00f1adas para servicios, cartera, equipo, testimonios y blog<\/li>\n<li>Construido con Elementor Page Builder, lo que le permite arrastrar y soltar elementos para crear p\u00e1ginas impresionantes sin ning\u00fan conocimiento de codificaci\u00f3n<\/li>\n<li>Dise\u00f1o receptivo, asegurando que su sitio web se vea muy bien en cualquier dispositivo<\/li>\n<li>Incluye Google Fonts y Font Icons Awessing para opciones de dise\u00f1o adicionales<\/li>\n<li>Se integra con complementos populares como el formulario de contacto 7, MailChimp y WooCommerce<\/li>\n<li>Actualizaciones continuas y soporte de Geobin, asegurando que su sitio web se mantenga actualizado y optimizado para el mejor rendimiento.<\/li>\n<\/ul>\n","protected":false},"excerpt":{"rendered":"<p>Perm\u00edtanos presentar la Agencia de Marketing Digital Geobin, un notable tema de SEO WordPress que ofrece una soluci\u00f3n ideal para las empresas que buscan mejorar su presencia en l\u00ednea. Este tema notablemente potente cuenta con una extensa variedad de caracter\u00edsticas de SEO avanzadas y opciones personalizables, todas meticulosamente dise\u00f1adas para mejorar en gran medida las clasificaciones de motores de b\u00fasqueda y generar efectivamente un mayor volumen de tr\u00e1fico a su estimado sitio web. Geobin sin esfuerzo le permite mostrar de manera prominente sus servicios y mostrar su cartera, mientras que las formularios de suscripci\u00f3n estrat\u00e9gicamente posicionados capturan efectivamente clientes potenciales valiosos. El dise\u00f1o elegante y contempor\u00e1neo garantiza una apariencia altamente profesional que seguramente dejar\u00e1 una impresi\u00f3n duradera tanto en sus estimados clientes como a los valiosos clientes. Adem\u00e1s, con una gran cantidad de opciones de personalizaci\u00f3n sencillas, puede personalizar a la perfecci\u00f3n la geobina para alinearse sin problemas con sus requisitos \u00fanicos de marca y marketing. Eleve sus esfuerzos de marketing en l\u00ednea a alturas sin precedentes con la incomparable agencia de marketing digital de Geobin, SEO WordPress, tema.<\/p>\n","protected":false},"featured_media":166199,"comment_status":"open","ping_status":"open","template":"","meta":[],"product_brand":[2337],"product_cat":[1267,1237,1238],"product_tag":[1391],"class_list":{"0":"post-110898","1":"product","2":"type-product","3":"status-publish","4":"has-post-thumbnail","6":"product_brand-themeforest","7":"product_cat-creativo","8":"product_cat-temas","9":"product_cat-wordpress-temas","10":"product_tag-themeforest","11":"member-discount","12":"discount-restricted","14":"first","15":"instock","16":"sale","17":"downloadable","18":"virtual","19":"sold-individually","20":"purchasable","21":"product-type-simple"},"_links":{"self":[{"href":"https:\/\/gpl-love.com\/es\/wp-json\/wp\/v2\/product\/110898","targetHints":{"allow":["GET"]}}],"collection":[{"href":"https:\/\/gpl-love.com\/es\/wp-json\/wp\/v2\/product"}],"about":[{"href":"https:\/\/gpl-love.com\/es\/wp-json\/wp\/v2\/types\/product"}],"replies":[{"embeddable":true,"href":"https:\/\/gpl-love.com\/es\/wp-json\/wp\/v2\/comments?post=110898"}],"wp:featuredmedia":[{"embeddable":true,"href":"https:\/\/gpl-love.com\/es\/wp-json\/wp\/v2\/media\/166199"}],"wp:attachment":[{"href":"https:\/\/gpl-love.com\/es\/wp-json\/wp\/v2\/media?parent=110898"}],"wp:term":[{"taxonomy":"product_brand","embeddable":true,"href":"https:\/\/gpl-love.com\/es\/wp-json\/wp\/v2\/product_brand?post=110898"},{"taxonomy":"product_cat","embeddable":true,"href":"https:\/\/gpl-love.com\/es\/wp-json\/wp\/v2\/product_cat?post=110898"},{"taxonomy":"product_tag","embeddable":true,"href":"https:\/\/gpl-love.com\/es\/wp-json\/wp\/v2\/product_tag?post=110898"}],"curies":[{"name":"wp","href":"https:\/\/api.w.org\/{rel}","templated":true}]}}