{"id":110896,"date":"2021-02-24T00:00:00","date_gmt":"2021-02-24T05:00:00","guid":{"rendered":"http:\/\/gpl-love.com\/es\/producto\/free-downloads-woocommerce-pro\/"},"modified":"2026-03-09T07:36:28","modified_gmt":"2026-03-09T12:36:28","slug":"free-downloads-woocommerce-pro","status":"publish","type":"product","link":"https:\/\/gpl-love.com\/es\/producto\/free-downloads-woocommerce-pro\/","title":{"rendered":"Free Downloads WooCommerce Pro 3.3.0"},"content":{"rendered":"<h3>Free Downloads WooCommerce Pro Caracteristicas<\/h3>\n<p>El complemento gratuito de WooCommerce Pro es una herramienta incre\u00edblemente robusta y eficiente que ofrece un m\u00e9todo sin problemas y directos para proporcionar descargas de cortes\u00eda a sus valiosos clientes. Con la instalaci\u00f3n de este complemento excepcional, podr\u00e1 establecer y configurar sin esfuerzo descargas complementarias para sus productos estimados, incorporar sin esfuerzo enlaces de descarga en sus p\u00e1ginas de productos meticulosamente dise\u00f1ados e incluso implementar limitaciones de descarga basadas en roles de usuario o historial de compra previo. La edici\u00f3n Pro de este notable complemento cuenta con caracter\u00edsticas complementarias, como capacidades integrales de seguimiento de descarga, la capacidad de personalizar las fechas de vencimiento de descarga para satisfacer sus necesidades y preferencias espec\u00edficas, y una variedad de funcionalidades adicionales que sin duda mejorar\u00e1n su experiencia general del usuario. Este complemento incomparable es la soluci\u00f3n por excelencia para las empresas que est\u00e1n ansiosas por proporcionar descargas complementarias a sus clientes leales, al tiempo que mantiene un registro integral de su actividad de descarga. En esencia, las descargas gratuitas WooCommerce Pro Plugin es una necesidad absoluta para cualquier tienda WooCommerce que est\u00e9 comprometida a ofrecer un valor excepcional y una conveniencia incomparable a su apreciada clientela.<\/p>\n<ul>\n<li>Le permite ofrecer productos digitales de forma gratuita en su tienda WooCommerce<\/li>\n<li>Cargar y administrar f\u00e1cilmente archivos descargables<\/li>\n<li>Personalizar enlaces de descarga y fechas de vencimiento para mayor seguridad<\/li>\n<li>Rastree y administre todos los pedidos de descarga gratuita en el sistema de gesti\u00f3n de pedidos de WooCommerce<\/li>\n<li>Funciona sin problemas con otros complementos y temas de WooCommerce<\/li>\n<li>Proporciona una interfaz simple y f\u00e1cil de usar tanto para los propietarios de tiendas como para los clientes.<\/li>\n<li>Ahorra tiempo y molestias automatizando el proceso de entrega de descargas gratuitas<\/li>\n<li>Mejora la experiencia del cliente al simplificar el proceso de obtener productos digitales gratuitos.<\/li>\n<\/ul>\n","protected":false},"excerpt":{"rendered":"<p>Las descargas gratuitas WooCommerce Pro es un complemento excepcional con una amplia gama de caracter\u00edsticas que le permite proporcionar productos descargables gratuitos a sus estimados clientes de WooCommerce. Con la ayuda de este notable complemento, tiene la capacidad de generar archivos descargables sin esfuerzo, abarcar una variedad de medios digitales como libros electr\u00f3nicos, m\u00fasica e im\u00e1genes, y presentarlos como ofertas de cortes\u00eda para su estimada clientela. Lo que distingue a este complemento del resto es su inclusi\u00f3n de funcionalidades avanzadas como la limitaci\u00f3n y el seguimiento de la descarga, entre otros, solidificando as\u00ed su estado como una herramienta indispensable para cualquier propietario de la tienda de WooCommerce que tenga como objetivo otorgar productos descargables gratuitos a sus clientes estimados. \u00a1No dude por m\u00e1s tiempo, adquiere las descargas gratuitas WooCommerce Pro hoy y comience la distribuci\u00f3n de regalos maravillosos a sus apreciados clientes!<\/p>\n","protected":false},"featured_media":166164,"comment_status":"open","ping_status":"open","template":"","meta":[],"product_brand":[2460],"product_cat":[1207,1248,1206],"product_tag":[1707],"class_list":{"0":"post-110896","1":"product","2":"type-product","3":"status-publish","4":"has-post-thumbnail","6":"product_brand-square-one-media","7":"product_cat-comercio-electronico-plugins","8":"product_cat-personalizacion-comercio-electronico-plugins","9":"product_cat-plugins","10":"product_tag-square-one-media","11":"member-discount","12":"discount-restricted","14":"first","15":"instock","16":"sale","17":"downloadable","18":"virtual","19":"sold-individually","20":"purchasable","21":"product-type-simple"},"_links":{"self":[{"href":"https:\/\/gpl-love.com\/es\/wp-json\/wp\/v2\/product\/110896","targetHints":{"allow":["GET"]}}],"collection":[{"href":"https:\/\/gpl-love.com\/es\/wp-json\/wp\/v2\/product"}],"about":[{"href":"https:\/\/gpl-love.com\/es\/wp-json\/wp\/v2\/types\/product"}],"replies":[{"embeddable":true,"href":"https:\/\/gpl-love.com\/es\/wp-json\/wp\/v2\/comments?post=110896"}],"wp:featuredmedia":[{"embeddable":true,"href":"https:\/\/gpl-love.com\/es\/wp-json\/wp\/v2\/media\/166164"}],"wp:attachment":[{"href":"https:\/\/gpl-love.com\/es\/wp-json\/wp\/v2\/media?parent=110896"}],"wp:term":[{"taxonomy":"product_brand","embeddable":true,"href":"https:\/\/gpl-love.com\/es\/wp-json\/wp\/v2\/product_brand?post=110896"},{"taxonomy":"product_cat","embeddable":true,"href":"https:\/\/gpl-love.com\/es\/wp-json\/wp\/v2\/product_cat?post=110896"},{"taxonomy":"product_tag","embeddable":true,"href":"https:\/\/gpl-love.com\/es\/wp-json\/wp\/v2\/product_tag?post=110896"}],"curies":[{"name":"wp","href":"https:\/\/api.w.org\/{rel}","templated":true}]}}