{"id":110892,"date":"2021-11-09T00:00:00","date_gmt":"2021-11-09T05:00:00","guid":{"rendered":"http:\/\/gpl-love.com\/es\/producto\/buildme-construction-and-architectural-wp-theme\/"},"modified":"2026-03-13T17:17:12","modified_gmt":"2026-03-13T22:17:12","slug":"buildme-construction-and-architectural-wp-theme","status":"publish","type":"product","link":"https:\/\/gpl-love.com\/es\/producto\/buildme-construction-and-architectural-wp-theme\/","title":{"rendered":"BuildMe Construction y Architectural WP Theme 4.9"},"content":{"rendered":"<h3>BuildMe Construction y Architectural WP Theme Caracteristicas<\/h3>\n<p>El tema de WP BuildMe Construction y Architectural es un tema exquisito de WordPress que ha sido meticulosamente elaborado para atender espec\u00edficamente a las necesidades de contratistas, arquitectos y empresas de construcci\u00f3n. Con una gran cantidad de caracter\u00edsticas robustas y amplias opciones de personalizaci\u00f3n, este tema premium faculta a los usuarios crear sitios web visualmente impresionantes que muestren efectivamente su mano de obra excepcional y servicios incomparables. Gracias a su constructor de p\u00e1ginas de arrastrar y soltar f\u00e1cilmente de usar, p\u00e1ginas de demostraci\u00f3n predise\u00f1adas incorporadas y una extensa variedad de plantillas, widgets y c\u00f3digos cortos, las posibilidades para elaborar dise\u00f1os y dise\u00f1os \u00fanicos y personalizados son pr\u00e1cticamente sin l\u00edmites. Adem\u00e1s, este tema excepcional tambi\u00e9n ofrece funcionalidades avanzadas como formularios de contacto, sistemas de programaci\u00f3n de citas, galer\u00edas cautivadoras y exhibiciones de cartera inspiradoras. Con su dise\u00f1o elegante y contempor\u00e1neo, junto con su dise\u00f1o altamente receptivo, el tema de BuildMe, sin duda, se erige como la elecci\u00f3n por excelencia para aquellos que buscan establecer una presencia en l\u00ednea profesional y dominante dentro de la industria de la construcci\u00f3n y la arquitectura en constante evoluci\u00f3n.<\/p>\n<ul>\n<li>Un tema de WordPress totalmente receptivo y personalizable dise\u00f1ado espec\u00edficamente para la construcci\u00f3n y la arquitectura<\/li>\n<li>Incluye una variedad de p\u00e1ginas, widgets y c\u00f3digos cortos preconstruidos para ayudar a los usuarios a crear r\u00e1pidamente sitios web de aspecto profesional.<\/li>\n<li>Cuenta con un creador de p\u00e1ginas de arrastrar y soltar y un poderoso panel de opciones de temas para brindar a los usuarios control completo sobre el dise\u00f1o y el dise\u00f1o de su sitio<\/li>\n<li>Viene con funcionalidad avanzada, como una cartera de proyectos, p\u00e1ginas de perfil de miembro del equipo y una secci\u00f3n de testimonios del cliente para exhibir el trabajo y generar confianza con clientes potenciales<\/li>\n<li>Se integra a la perfecci\u00f3n con complementos populares como el Formulario de contacto 7 y WooCommerce para la funcionalidad de comercio electr\u00f3nico<\/li>\n<li>Compatible con una amplia gama de navegadores, dispositivos y versiones de WordPress para la m\u00e1xima flexibilidad y accesibilidad<\/li>\n<li>Incluye documentaci\u00f3n detallada y soporte de por vida de un equipo dedicado de profesionales para garantizar una experiencia de usuario fluida de principio a fin.<\/li>\n<\/ul>\n","protected":false},"excerpt":{"rendered":"<p>Presentamos el tema de construcci\u00f3n y arquitectura de construcci\u00f3n de BuildMe, una soluci\u00f3n perfecta para construir su presencia en l\u00ednea. Este tema de WordPress est\u00e1 dise\u00f1ado espec\u00edficamente para construcci\u00f3n, firmas de arquitectura, constructores y negocios relacionados. Cuenta con un dise\u00f1o elegante y moderno y una interfaz f\u00e1cil de usar que proporciona una experiencia de navegaci\u00f3n perfecta. El tema BuildMe WP es totalmente receptivo, asegurando que su sitio web se vea perfecto en todos los dispositivos. Con opciones de personalizaci\u00f3n f\u00e1ciles, puede dar forma al sitio para reflejar su identidad de marca \u00fanica. El tema tambi\u00e9n admite una variedad de complementos, lo que le permite extender la funcionalidad seg\u00fan sus necesidades. Beneficiarse de la optimizaci\u00f3n de SEO para aumentar la visibilidad de su sitio web y generar m\u00e1s tr\u00e1fico. Con el tema de WP BuildMe Construction y Architectural, cree una impresionante cartera en l\u00ednea que muestra sus proyectos y servicios, y atraiga a clientes potenciales. Disfrute de actualizaciones regulares y soporte dedicado para mantener su sitio funcionando sin problemas. \u00a1Pru\u00e9belo hoy y experimente la diferencia!<\/p>\n","protected":false},"featured_media":165572,"comment_status":"open","ping_status":"open","template":"","meta":[],"product_brand":[2337],"product_cat":[1307,1237,1238],"product_tag":[1391],"class_list":{"0":"post-110892","1":"product","2":"type-product","3":"status-publish","4":"has-post-thumbnail","6":"product_brand-themeforest","7":"product_cat-negocio-wordpress-temas","8":"product_cat-temas","9":"product_cat-wordpress-temas","10":"product_tag-themeforest","11":"member-discount","12":"discount-restricted","14":"first","15":"instock","16":"sale","17":"downloadable","18":"virtual","19":"sold-individually","20":"purchasable","21":"product-type-simple"},"_links":{"self":[{"href":"https:\/\/gpl-love.com\/es\/wp-json\/wp\/v2\/product\/110892","targetHints":{"allow":["GET"]}}],"collection":[{"href":"https:\/\/gpl-love.com\/es\/wp-json\/wp\/v2\/product"}],"about":[{"href":"https:\/\/gpl-love.com\/es\/wp-json\/wp\/v2\/types\/product"}],"replies":[{"embeddable":true,"href":"https:\/\/gpl-love.com\/es\/wp-json\/wp\/v2\/comments?post=110892"}],"wp:featuredmedia":[{"embeddable":true,"href":"https:\/\/gpl-love.com\/es\/wp-json\/wp\/v2\/media\/165572"}],"wp:attachment":[{"href":"https:\/\/gpl-love.com\/es\/wp-json\/wp\/v2\/media?parent=110892"}],"wp:term":[{"taxonomy":"product_brand","embeddable":true,"href":"https:\/\/gpl-love.com\/es\/wp-json\/wp\/v2\/product_brand?post=110892"},{"taxonomy":"product_cat","embeddable":true,"href":"https:\/\/gpl-love.com\/es\/wp-json\/wp\/v2\/product_cat?post=110892"},{"taxonomy":"product_tag","embeddable":true,"href":"https:\/\/gpl-love.com\/es\/wp-json\/wp\/v2\/product_tag?post=110892"}],"curies":[{"name":"wp","href":"https:\/\/api.w.org\/{rel}","templated":true}]}}