{"id":110890,"date":"2022-03-23T00:00:00","date_gmt":"2022-03-23T05:00:00","guid":{"rendered":"http:\/\/gpl-love.com\/es\/producto\/blo-corporate-business-wordpress-theme\/"},"modified":"2026-03-13T17:16:43","modified_gmt":"2026-03-13T22:16:43","slug":"blo-corporate-business-wordpress-theme","status":"publish","type":"product","link":"https:\/\/gpl-love.com\/es\/producto\/blo-corporate-business-wordpress-theme\/","title":{"rendered":"BLO Corporate Business WordPress Theme 3.6"},"content":{"rendered":"<h3>BLO Corporate Business WordPress Theme Caracteristicas<\/h3>\n<p>El tema Blo Corporate Business WordPress, con sus impresionantes capacidades, demuestra ser una soluci\u00f3n muy ventajosa para las empresas con el objetivo de establecer una presencia en l\u00ednea robusta. Con un dise\u00f1o de vanguardia y pulido, este tema permite a los usuarios construir sin esfuerzo un sitio web notablemente sofisticado, incluso en ausencia de experiencia en codificaci\u00f3n. Un aspecto notable del tema de WordPress empresarial corporativo BLO radica en su personalizaci\u00f3n completa, otorgando a los usuarios una amplia variedad de caracter\u00edsticas y funcionalidades, incluidos, entre otros, widgets personalizados, dise\u00f1os adaptables y varias plantillas de p\u00e1gina. Adem\u00e1s, el dise\u00f1o receptivo de este tema garantiza una experiencia visual impecable en todos los dispositivos, asegurando as\u00ed una satisfacci\u00f3n \u00f3ptima del usuario. En general, el tema BLO Corporate Business WordPress surge como una opci\u00f3n excepcional para las empresas que anhelan elevar su visibilidad en l\u00ednea y mostrar su marca con la m\u00e1xima profesionalidad.<\/p>\n<ul>\n<li>Dise\u00f1o limpio y moderno con m\u00faltiples opciones personalizables<\/li>\n<li>Dise\u00f1o receptivo que funciona bien en todos los dispositivos<\/li>\n<li>Incluye una variedad de plantillas de p\u00e1gina prefabricadas para una f\u00e1cil configuraci\u00f3n<\/li>\n<li>Compatible con complementos populares de WordPress como WooCommerce y el Formulario de contacto 7<\/li>\n<li>Construido con SEO en mente para ayudar a mejorar las clasificaciones de sitios web<\/li>\n<li>Incluye un poderoso panel de opciones de temas para personalizar colores, fuentes y m\u00e1s<\/li>\n<li>Viene con una gama de widgets y c\u00f3digos cortos preconstruidos para una funcionalidad adicional<\/li>\n<li>Atenci\u00f3n al cliente 24\/7 disponible para cualquier problema o pregunta<\/li>\n<li>Actualizado regularmente con nuevas funciones y correcciones de errores para garantizar un rendimiento \u00f3ptimo<\/li>\n<li>Ideal para empresas de todos los tama\u00f1os que buscan crear una presencia profesional en l\u00ednea.<\/li>\n<\/ul>\n","protected":false},"excerpt":{"rendered":"<p>El tema BLO Corporate Business WordPress es la soluci\u00f3n perfecta para cualquier negocio que busque mejorar su presencia en l\u00ednea. Con su dise\u00f1o elegante y su interfaz f\u00e1cil de usar, ofrece un aspecto profesional y pulido para su sitio web corporativo. El tema es totalmente receptivo, asegurando una experiencia perfecta en todos los dispositivos. Tambi\u00e9n est\u00e1 optimizado por SEO, lo que puede aumentar la visibilidad de su sitio en los resultados del motor de b\u00fasqueda, aumentando as\u00ed el tr\u00e1fico potencial de los clientes. El tema Blo es f\u00e1cil de personalizar, lo que le permite adaptar el dise\u00f1o para adaptarse al estilo y las necesidades de su marca. Adem\u00e1s, viene con un complemento de WooCommerce incorporado, lo que le permite configurar una tienda en l\u00ednea que funcione completamente en muy poco tiempo. Con su fant\u00e1stica atenci\u00f3n al cliente y sus actualizaciones regulares, el tema Blo Corporate Business WordPress ofrece una soluci\u00f3n confiable y eficiente para las necesidades en l\u00ednea de su empresa.<\/p>\n","protected":false},"featured_media":165488,"comment_status":"open","ping_status":"open","template":"","meta":[],"product_brand":[2337],"product_cat":[1307,1237,1238],"product_tag":[1391],"class_list":{"0":"post-110890","1":"product","2":"type-product","3":"status-publish","4":"has-post-thumbnail","6":"product_brand-themeforest","7":"product_cat-negocio-wordpress-temas","8":"product_cat-temas","9":"product_cat-wordpress-temas","10":"product_tag-themeforest","11":"member-discount","12":"discount-restricted","14":"first","15":"instock","16":"sale","17":"downloadable","18":"virtual","19":"sold-individually","20":"purchasable","21":"product-type-simple"},"_links":{"self":[{"href":"https:\/\/gpl-love.com\/es\/wp-json\/wp\/v2\/product\/110890","targetHints":{"allow":["GET"]}}],"collection":[{"href":"https:\/\/gpl-love.com\/es\/wp-json\/wp\/v2\/product"}],"about":[{"href":"https:\/\/gpl-love.com\/es\/wp-json\/wp\/v2\/types\/product"}],"replies":[{"embeddable":true,"href":"https:\/\/gpl-love.com\/es\/wp-json\/wp\/v2\/comments?post=110890"}],"wp:featuredmedia":[{"embeddable":true,"href":"https:\/\/gpl-love.com\/es\/wp-json\/wp\/v2\/media\/165488"}],"wp:attachment":[{"href":"https:\/\/gpl-love.com\/es\/wp-json\/wp\/v2\/media?parent=110890"}],"wp:term":[{"taxonomy":"product_brand","embeddable":true,"href":"https:\/\/gpl-love.com\/es\/wp-json\/wp\/v2\/product_brand?post=110890"},{"taxonomy":"product_cat","embeddable":true,"href":"https:\/\/gpl-love.com\/es\/wp-json\/wp\/v2\/product_cat?post=110890"},{"taxonomy":"product_tag","embeddable":true,"href":"https:\/\/gpl-love.com\/es\/wp-json\/wp\/v2\/product_tag?post=110890"}],"curies":[{"name":"wp","href":"https:\/\/api.w.org\/{rel}","templated":true}]}}