{"id":110888,"date":"2021-02-24T00:00:00","date_gmt":"2021-02-24T05:00:00","guid":{"rendered":"http:\/\/gpl-love.com\/es\/producto\/blabber-blog-and-news-magazine-wordpress-theme\/"},"modified":"2026-03-13T17:16:39","modified_gmt":"2026-03-13T22:16:39","slug":"blabber-blog-and-news-magazine-wordpress-theme","status":"publish","type":"product","link":"https:\/\/gpl-love.com\/es\/producto\/blabber-blog-and-news-magazine-wordpress-theme\/","title":{"rendered":"Blabber Blog y News Magazine WordPress Theme 1.7.0"},"content":{"rendered":"<h3>Blabber Blog y News Magazine WordPress Theme Caracteristicas<\/h3>\n<p>Blog Blabber y el tema de WordPress de WordPress de Blabber, un tema contempor\u00e1neo y completamente receptivo, ha sido dise\u00f1ado por los bloggers y editores de noticias por igual. Su interfaz, que es f\u00e1cil de usar e intuitiva, est\u00e1 acompa\u00f1ada por una gran cantidad de caracter\u00edsticas personalizables que permiten a los usuarios modernos de moda que no solo son \u00fanicos, sino que tambi\u00e9n poseen una est\u00e9tica profesional, todo al tiempo que elude la necesidad de cualquier experiencia de codificaci\u00f3n. Con una amplia gama de dise\u00f1os de p\u00e1gina de inicio, formatos de publicaci\u00f3n y widgets, este tema asegura que los usuarios tengan la m\u00e1xima oportunidad de exhibir su contenido de una manera que sea cautivadora e impactante. Adem\u00e1s, la integraci\u00f3n de las redes sociales, la optimizaci\u00f3n de motores de b\u00fasqueda y la compatibilidad del navegador cruzado se han integrado perfectamente en el marco del tema. En esencia, el blog de Blabber y el tema de WordPress de WordPress es el ep\u00edtome de la perfecci\u00f3n para aquellos que desean dise\u00f1ar una plataforma en l\u00ednea para su blog o revista de noticias que es visualmente llamativa y atractiva.<\/p>\n<ul>\n<li>Un tema de WordPress elegante y moderno dise\u00f1ado para blogs y revistas de noticias<\/li>\n<li>M\u00faltiples dise\u00f1os de p\u00e1gina de inicio disponibles para elegir<\/li>\n<li>Integraci\u00f3n de redes sociales incorporadas y botones para compartir<\/li>\n<li>Dise\u00f1o totalmente receptivo que se ve muy bien en todos los dispositivos<\/li>\n<li>Opciones de personalizaci\u00f3n f\u00e1ciles con el editor de temas intuitivos<\/li>\n<li>Opciones de publicaci\u00f3n flexibles que incluyen galer\u00edas de im\u00e1genes, presentaciones de diapositivas e incrustaciones de video<\/li>\n<li>SEO optimizado fuera de la caja para ayudar a su contenido a clasificar m\u00e1s alto en los motores de b\u00fasqueda<\/li>\n<li>Compatible con complementos populares como Jetpack y Yoast SEO<\/li>\n<li>Actualizaciones regulares y excelente atenci\u00f3n al cliente para garantizar una excelente experiencia de usuario.<\/li>\n<\/ul>\n","protected":false},"excerpt":{"rendered":"<p>Descubra el blog Blabber y el tema de WordPress de WordPress de Blabber, su soluci\u00f3n definitiva para crear plataformas en l\u00ednea atractivas, interactivas y visualmente impresionantes. Este tema completo es totalmente personalizable, ofreciendo una gama de caracter\u00edsticas dise\u00f1adas para mejorar su experiencia en blogs o revistas de noticias. Blabber est\u00e1 construido con SEO en mente, asegurando que su sitio obtenga la m\u00e1xima visibilidad. Tambi\u00e9n admite varios formatos de publicaci\u00f3n y widgets personalizados, lo que le brinda la libertad de crear un sitio web \u00fanico y personalizado. Con su dise\u00f1o listo para retina y receptivo, su contenido se ver\u00e1 n\u00edtido y sorprendente en cualquier dispositivo. El tema tambi\u00e9n es compatible con WooCommerce, lo que le permite integrar una tienda en l\u00ednea sin esfuerzo. Por \u00faltimo, disfrute de actualizaciones regulares y atenci\u00f3n al cliente profesional para ayudarlo a navegar cualquier desaf\u00edo. Elija el tema de Blabber WordPress para una experiencia de construcci\u00f3n de sitios web de primer nivel y f\u00e1cil de usar.<\/p>\n","protected":false},"featured_media":165483,"comment_status":"open","ping_status":"open","template":"","meta":[],"product_brand":[2337],"product_cat":[1245,1237,1238],"product_tag":[1391],"class_list":{"0":"post-110888","1":"product","2":"type-product","3":"status-publish","4":"has-post-thumbnail","6":"product_brand-themeforest","7":"product_cat-blog-revista","8":"product_cat-temas","9":"product_cat-wordpress-temas","10":"product_tag-themeforest","11":"member-discount","12":"discount-restricted","14":"first","15":"instock","16":"sale","17":"downloadable","18":"virtual","19":"sold-individually","20":"purchasable","21":"product-type-simple"},"_links":{"self":[{"href":"https:\/\/gpl-love.com\/es\/wp-json\/wp\/v2\/product\/110888","targetHints":{"allow":["GET"]}}],"collection":[{"href":"https:\/\/gpl-love.com\/es\/wp-json\/wp\/v2\/product"}],"about":[{"href":"https:\/\/gpl-love.com\/es\/wp-json\/wp\/v2\/types\/product"}],"replies":[{"embeddable":true,"href":"https:\/\/gpl-love.com\/es\/wp-json\/wp\/v2\/comments?post=110888"}],"wp:featuredmedia":[{"embeddable":true,"href":"https:\/\/gpl-love.com\/es\/wp-json\/wp\/v2\/media\/165483"}],"wp:attachment":[{"href":"https:\/\/gpl-love.com\/es\/wp-json\/wp\/v2\/media?parent=110888"}],"wp:term":[{"taxonomy":"product_brand","embeddable":true,"href":"https:\/\/gpl-love.com\/es\/wp-json\/wp\/v2\/product_brand?post=110888"},{"taxonomy":"product_cat","embeddable":true,"href":"https:\/\/gpl-love.com\/es\/wp-json\/wp\/v2\/product_cat?post=110888"},{"taxonomy":"product_tag","embeddable":true,"href":"https:\/\/gpl-love.com\/es\/wp-json\/wp\/v2\/product_tag?post=110888"}],"curies":[{"name":"wp","href":"https:\/\/api.w.org\/{rel}","templated":true}]}}