{"id":110884,"date":"2021-06-17T00:00:00","date_gmt":"2021-06-17T05:00:00","guid":{"rendered":"http:\/\/gpl-love.com\/es\/producto\/alliance-intranet-and-extranet-wordpress-theme\/"},"modified":"2026-03-13T17:15:38","modified_gmt":"2026-03-13T22:15:38","slug":"alliance-intranet-and-extranet-wordpress-theme","status":"publish","type":"product","link":"https:\/\/gpl-love.com\/es\/producto\/alliance-intranet-and-extranet-wordpress-theme\/","title":{"rendered":"Alliance Intranet y Extranet WordPress Theme 2.4.8"},"content":{"rendered":"<h3>Alliance Intranet y Extranet WordPress Theme Caracteristicas<\/h3>\n<p>El tema de WordPress de Alliance Intranet y Extranet es un tema notablemente vers\u00e1til y f\u00e1cil de usar que satisface las necesidades intrincadas y diversas de las empresas en busca de un sistema de comunicaci\u00f3n interna altamente efectivo y contempor\u00e1neo. Con un dise\u00f1o elegante y profesional, este tema es ideal para la creaci\u00f3n de portales de Intranet y Extranet que permiten a los empleados y clientes acceder f\u00e1cilmente a la informaci\u00f3n pertinente, participar en una comunicaci\u00f3n perfecta y colaborar armoniosamente en varios proyectos. Sorprendentemente, este tema proporciona una gran cantidad de caracter\u00edsticas innovadoras, que abarca plantillas personalizables, una interfaz intuitivamente navegable, un sistema de inicio de sesi\u00f3n de usuario confiable y una integraci\u00f3n perfecta con varias plataformas de redes sociales. Adem\u00e1s, es importante tener en cuenta que este tema est\u00e1 dise\u00f1ado para ser completamente receptivo, asegurando as\u00ed una experiencia de visualizaci\u00f3n \u00f3ptima en todos los dispositivos. En consecuencia, est\u00e1 inequ\u00edvocamente claro que el tema de la Alliance Intranet y el Extranet WordPress representa una elecci\u00f3n excepcional para las empresas comprometidas a racionalizar sus canales de comunicaci\u00f3n internos y fomentar una colaboraci\u00f3n mejorada entre sus estimados equipos.<\/p>\n<ul>\n<li>Un tema premium de WordPress dise\u00f1ado espec\u00edficamente para sitios web de Intranet y Extranet.<\/li>\n<li>Viene con un dise\u00f1o limpio y moderno con secciones dedicadas para grupos, miembros y actividades.<\/li>\n<li>Cuenta con un poderoso tablero que permite a los administradores administrar f\u00e1cilmente usuarios, grupos y contenido.<\/li>\n<li>Incluye sistemas de mensajes y notificaciones incorporados que mantienen a los miembros actualizados en eventos y anuncios importantes.<\/li>\n<li>Incluye la funcionalidad de b\u00fasqueda avanzada que permite a los usuarios encontrar r\u00e1pidamente la informaci\u00f3n que necesitan.<\/li>\n<li>Admite opciones de varios idiomas y m\u00faltiples monedas, lo que lo hace ideal para empresas con audiencias internacionales.<\/li>\n<li>Se integra a la perfecci\u00f3n con complementos populares como BuddyPress, BbPress y WooCommerce.<\/li>\n<li>Viene con una amplia documentaci\u00f3n y soporte dedicado para ayudar a los usuarios a aprovechar al m\u00e1ximo su sitio web.<\/li>\n<\/ul>\n","protected":false},"excerpt":{"rendered":"<p>El tema de WordPress de Alliance Intranet y Extranet es una soluci\u00f3n innovadora dise\u00f1ada para mejorar sus operaciones comerciales. Este tema es perfecto para configurar una plataforma de intranet o Extranet eficiente que promueva la colaboraci\u00f3n, el intercambio de informaci\u00f3n y la comunicaci\u00f3n perfecta dentro de su organizaci\u00f3n. El tema de Alliance es compatible con WordPress, lo que significa que puede disfrutar de una instalaci\u00f3n f\u00e1cil, una interfaz f\u00e1cil de usar y un rendimiento \u00f3ptimo. Sus caracter\u00edsticas incluyen un dise\u00f1o totalmente receptivo que garantiza una experiencia de usuario perfecta en cualquier dispositivo, una multitud de opciones de personalizaci\u00f3n para un aspecto personalizado y medidas de seguridad s\u00f3lidas para proteger sus datos. El tema de la alianza no es solo una herramienta, sino una inversi\u00f3n estrat\u00e9gica para impulsar la productividad, fomentar la unidad del equipo y optimizar sus procesos internos.<\/p>\n","protected":false},"featured_media":165355,"comment_status":"open","ping_status":"open","template":"","meta":[],"product_brand":[2337],"product_cat":[1307,1237,1238],"product_tag":[1391],"class_list":{"0":"post-110884","1":"product","2":"type-product","3":"status-publish","4":"has-post-thumbnail","6":"product_brand-themeforest","7":"product_cat-negocio-wordpress-temas","8":"product_cat-temas","9":"product_cat-wordpress-temas","10":"product_tag-themeforest","11":"member-discount","12":"discount-restricted","14":"first","15":"instock","16":"sale","17":"downloadable","18":"virtual","19":"sold-individually","20":"purchasable","21":"product-type-simple"},"_links":{"self":[{"href":"https:\/\/gpl-love.com\/es\/wp-json\/wp\/v2\/product\/110884","targetHints":{"allow":["GET"]}}],"collection":[{"href":"https:\/\/gpl-love.com\/es\/wp-json\/wp\/v2\/product"}],"about":[{"href":"https:\/\/gpl-love.com\/es\/wp-json\/wp\/v2\/types\/product"}],"replies":[{"embeddable":true,"href":"https:\/\/gpl-love.com\/es\/wp-json\/wp\/v2\/comments?post=110884"}],"wp:featuredmedia":[{"embeddable":true,"href":"https:\/\/gpl-love.com\/es\/wp-json\/wp\/v2\/media\/165355"}],"wp:attachment":[{"href":"https:\/\/gpl-love.com\/es\/wp-json\/wp\/v2\/media?parent=110884"}],"wp:term":[{"taxonomy":"product_brand","embeddable":true,"href":"https:\/\/gpl-love.com\/es\/wp-json\/wp\/v2\/product_brand?post=110884"},{"taxonomy":"product_cat","embeddable":true,"href":"https:\/\/gpl-love.com\/es\/wp-json\/wp\/v2\/product_cat?post=110884"},{"taxonomy":"product_tag","embeddable":true,"href":"https:\/\/gpl-love.com\/es\/wp-json\/wp\/v2\/product_tag?post=110884"}],"curies":[{"name":"wp","href":"https:\/\/api.w.org\/{rel}","templated":true}]}}