{"id":110882,"date":"2025-12-04T00:00:00","date_gmt":"2025-12-04T05:00:00","guid":{"rendered":"http:\/\/gpl-love.com\/es\/producto\/use-your-drive-google-drive-plugin-for-wordpress-2\/"},"modified":"2026-03-09T08:16:58","modified_gmt":"2026-03-09T13:16:58","slug":"use-your-drive-google-drive-plugin-for-wordpress-2","status":"publish","type":"product","link":"https:\/\/gpl-love.com\/es\/producto\/use-your-drive-google-drive-plugin-for-wordpress-2\/","title":{"rendered":"Use your Drive Google Drive plugin para WordPress 3.4.3"},"content":{"rendered":"<h3>Use your Drive Google Drive plugin para WordPress Caracteristicas<\/h3>\n<p>Gracias al complemento Drive Google Drive para WordPress, la tarea de administrar el contenido de su sitio web se ha vuelto incre\u00edblemente conveniente y sin esfuerzo. Esta herramienta robusta se integra perfectamente con su cuenta de Google Drive existente, otorg\u00e1ndole la capacidad perfecta para cargar y supervisar los archivos directamente desde su tablero de WordPress. Ya sea que su objetivo es incorporar im\u00e1genes cautivadoras, videos interesantes o documentos informativos en su sitio web, el complemento de unidad de Google Drive simplifica y optimiza este proceso. Adem\u00e1s, su impresionante funcionalidad se extiende a la organizaci\u00f3n de archivos en carpetas claramente categorizadas y localizando r\u00e1pidamente elementos espec\u00edficos a trav\u00e9s de capacidades de b\u00fasqueda eficientes. Ac\u00e9tate a la arduidad de la gesti\u00f3n manual de archivos y mejoras tu flujo de trabajo adoptando el complemento de unidad Google Drive hoy.<\/p>\n<ul>\n<li>Integra perfectamente su sitio de WordPress con su cuenta de Google Drive<\/li>\n<li>Le permite acceder f\u00e1cilmente y usar sus archivos de Google Drive directamente desde su tablero de WordPress<\/li>\n<li>Admite varios tipos de archivos, incluidos documentos, hojas de c\u00e1lculo, presentaciones e im\u00e1genes<\/li>\n<li>Le brinda control total sobre sus archivos, lo que le permite editar, administrarlos y compartirlos con facilidad<\/li>\n<li>Le permite incrustar los archivos de Google Drive en sus p\u00e1ginas y publicaciones de WordPress con solo unos pocos clics<\/li>\n<li>Aumenta la productividad eliminando la necesidad de descargar, cargar o volver a cargar los archivos entre Google Drive y WordPress<\/li>\n<li>Ofrece una soluci\u00f3n segura y confiable para administrar y almacenar sus archivos en l\u00ednea<\/li>\n<li>Le ahorra tiempo y esfuerzo automatizando tareas de administraci\u00f3n de archivos y simplificando su flujo de trabajo<\/li>\n<li>Proporciona un rendimiento r\u00e1pido y receptivo, asegurando que sus archivos se cargan de manera r\u00e1pida y sin problemas en su sitio de WordPress<\/li>\n<li>Compatible con las \u00faltimas versiones de WordPress y Google Drive, y f\u00e1cil de instalar y configurar.<\/li>\n<\/ul>\n","protected":false},"excerpt":{"rendered":"<p>Al utilizar el notable complemento de Google Drive para WordPress, las personas est\u00e1n facultadas para incorporar sin esfuerzo su amplia gama de archivos y documentos de Google Drive directamente en el marco de su sitio web. Este sistema impecablemente integrado muestra sin problemas y difunde contenido, lo que permite a los usuarios acceder f\u00e1cilmente e interactuar con la gran cantidad de archivos presentados. Sin mencionar que el proceso de configuraci\u00f3n es notablemente sencillo, lo que hace que este complemento sea indispensable para aquellos que buscan optimizar las ventajas ofrecidas por Google Drive y WordPress.<\/p>\n","protected":false},"featured_media":167909,"comment_status":"open","ping_status":"closed","template":"","meta":[],"product_brand":[2339],"product_cat":[1214,1206,1211],"product_tag":[1256],"class_list":{"0":"post-110882","1":"product","2":"type-product","3":"status-publish","4":"has-post-thumbnail","6":"product_brand-codecanyon","7":"product_cat-personalizacion","8":"product_cat-plugins","9":"product_cat-wordpress-plugins","10":"product_tag-codecanyon","11":"member-discount","12":"discount-restricted","14":"first","15":"instock","16":"sale","17":"downloadable","18":"virtual","19":"sold-individually","20":"purchasable","21":"product-type-simple"},"_links":{"self":[{"href":"https:\/\/gpl-love.com\/es\/wp-json\/wp\/v2\/product\/110882","targetHints":{"allow":["GET"]}}],"collection":[{"href":"https:\/\/gpl-love.com\/es\/wp-json\/wp\/v2\/product"}],"about":[{"href":"https:\/\/gpl-love.com\/es\/wp-json\/wp\/v2\/types\/product"}],"replies":[{"embeddable":true,"href":"https:\/\/gpl-love.com\/es\/wp-json\/wp\/v2\/comments?post=110882"}],"wp:featuredmedia":[{"embeddable":true,"href":"https:\/\/gpl-love.com\/es\/wp-json\/wp\/v2\/media\/167909"}],"wp:attachment":[{"href":"https:\/\/gpl-love.com\/es\/wp-json\/wp\/v2\/media?parent=110882"}],"wp:term":[{"taxonomy":"product_brand","embeddable":true,"href":"https:\/\/gpl-love.com\/es\/wp-json\/wp\/v2\/product_brand?post=110882"},{"taxonomy":"product_cat","embeddable":true,"href":"https:\/\/gpl-love.com\/es\/wp-json\/wp\/v2\/product_cat?post=110882"},{"taxonomy":"product_tag","embeddable":true,"href":"https:\/\/gpl-love.com\/es\/wp-json\/wp\/v2\/product_tag?post=110882"}],"curies":[{"name":"wp","href":"https:\/\/api.w.org\/{rel}","templated":true}]}}