{"id":110880,"date":"2026-01-04T00:00:00","date_gmt":"2026-01-04T05:00:00","guid":{"rendered":"http:\/\/gpl-love.com\/es\/producto\/consultio-corporate-consulting-wordpress-theme\/"},"modified":"2026-03-13T17:17:59","modified_gmt":"2026-03-13T22:17:59","slug":"consultio-corporate-consulting-wordpress-theme","status":"publish","type":"product","link":"https:\/\/gpl-love.com\/es\/producto\/consultio-corporate-consulting-wordpress-theme\/","title":{"rendered":"Consultio Corporate Consulting WordPress Theme 3.2.8"},"content":{"rendered":"<h3>Consultio Corporate Consulting WordPress Theme Caracteristicas<\/h3>\n<p>El tema de WordPress de consultor\u00eda corporativa de Consultio se presenta como una soluci\u00f3n multifac\u00e9tica para las empresas que buscan establecer una presencia en l\u00ednea fuerte y cre\u00edble. Al ofrecer una amplia gama de dise\u00f1os personalizables y plantillas preconstruidas, este tema proporciona a los usuarios la capacidad de elaborar sitios web que no solo son distintivos, sino que tambi\u00e9n est\u00e1n est\u00e9ticamente agradables. Adem\u00e1s de estos beneficios basados \u200b\u200ben el dise\u00f1o, el tema de consultor\u00eda corporativa de consultio de WordPress cuenta con una extensa variedad de caracter\u00edsticas poderosas que van m\u00e1s all\u00e1 del nivel de la superficie. Estos incluyen opciones de personalizaci\u00f3n avanzada, asegurando que los usuarios tengan una amplia oportunidad para adaptar su sitio web a sus necesidades y preferencias espec\u00edficas. Adem\u00e1s, el dise\u00f1o receptivo del tema garantiza que el sitio web se adaptar\u00e1 perfectamente a cualquier dispositivo o tama\u00f1o de pantalla, optimizando la experiencia general del usuario. Adem\u00e1s, el tema Consultio Corporate Consulting WordPress integra perfectamente complementos esenciales para la optimizaci\u00f3n de SEO y la integraci\u00f3n de las redes sociales, lo que permite a las empresas maximizar su visibilidad y alcance en l\u00ednea. Independientemente de la naturaleza de su negocio, ya sea una empresa de consultor\u00eda, firma de abogados o una empresa de servicios financieros, el tema de consultor\u00eda de consultor\u00eda de WordPress consultora posee la capacidad de empoderarlo en la creaci\u00f3n de un sitio web que no solo se alinea con su marca, sino que tambi\u00e9n cautiva La atenci\u00f3n de los clientes potenciales.<\/p>\n<ul>\n<li>P\u00e1gina de inicio personalizable con m\u00faltiples opciones de dise\u00f1o<\/li>\n<li>Integraci\u00f3n con complementos populares como WooCommerce, Formulario de contacto 7 y WPML<\/li>\n<li>Dise\u00f1o profesional con est\u00e9tica elegante y moderna<\/li>\n<li>M\u00faltiples plantillas de p\u00e1gina para diferentes tipos de contenido, incluidos el equipo, los servicios y los testimonios.<\/li>\n<li>Dise\u00f1o receptivo para una visualizaci\u00f3n \u00f3ptima en todos los dispositivos<\/li>\n<li>F\u00e1cil de usar y personalizar usando el panel de opciones de tema incorporadas<\/li>\n<li>Instalaci\u00f3n de demostraci\u00f3n de un solo clic para una configuraci\u00f3n simple<\/li>\n<li>SEO optimizado para mejorar las clasificaciones de los motores de b\u00fasqueda<\/li>\n<li>Traducci\u00f3n lista para la localizaci\u00f3n en diferentes idiomas<\/li>\n<li>Equipo de atenci\u00f3n al cliente dedicado para asistencia con cualquier pregunta o problema<\/li>\n<\/ul>\n","protected":false},"excerpt":{"rendered":"<p>Explore las oportunidades ilimitadas con el tema de consultor\u00eda corporativa de consultio WordPress. Ideal para todos los sitios web de consultor\u00eda, corporativo y de negocios, este tema est\u00e1 dise\u00f1ado con precisi\u00f3n y atenci\u00f3n al detalle. Cuenta con una gama de caracter\u00edsticas robustas que incluyen dise\u00f1os totalmente personalizables, dise\u00f1o receptivo y opciones de temas avanzados. La integraci\u00f3n perfecta de Consultio con complementos populares como Elementor y Slider Revolution mejora su funcionalidad, proporcion\u00e1ndole una interfaz f\u00e1cil de usar y opciones ilimitadas para crear el sitio web que imagina. El tema tambi\u00e9n es compatible con los idiomas RTL y es compatible con WooCommerce, ampliando su alcance comercial a una audiencia global. Con Consultio, puede disfrutar de actualizaciones regulares, soporte dedicado y una amplia documentaci\u00f3n que lo gu\u00eda en cada paso del camino. Ofrezca a su identidad corporativa una plataforma digital con el tema Consultio WordPress: la combinaci\u00f3n perfecta de versatilidad, eficiencia y creatividad.<\/p>\n","protected":false},"featured_media":165653,"comment_status":"open","ping_status":"open","template":"","meta":[],"product_brand":[2337],"product_cat":[1307,1237,1238],"product_tag":[1391],"class_list":{"0":"post-110880","1":"product","2":"type-product","3":"status-publish","4":"has-post-thumbnail","6":"product_brand-themeforest","7":"product_cat-negocio-wordpress-temas","8":"product_cat-temas","9":"product_cat-wordpress-temas","10":"product_tag-themeforest","11":"member-discount","12":"discount-restricted","14":"first","15":"instock","16":"sale","17":"downloadable","18":"virtual","19":"sold-individually","20":"purchasable","21":"product-type-simple"},"_links":{"self":[{"href":"https:\/\/gpl-love.com\/es\/wp-json\/wp\/v2\/product\/110880","targetHints":{"allow":["GET"]}}],"collection":[{"href":"https:\/\/gpl-love.com\/es\/wp-json\/wp\/v2\/product"}],"about":[{"href":"https:\/\/gpl-love.com\/es\/wp-json\/wp\/v2\/types\/product"}],"replies":[{"embeddable":true,"href":"https:\/\/gpl-love.com\/es\/wp-json\/wp\/v2\/comments?post=110880"}],"wp:featuredmedia":[{"embeddable":true,"href":"https:\/\/gpl-love.com\/es\/wp-json\/wp\/v2\/media\/165653"}],"wp:attachment":[{"href":"https:\/\/gpl-love.com\/es\/wp-json\/wp\/v2\/media?parent=110880"}],"wp:term":[{"taxonomy":"product_brand","embeddable":true,"href":"https:\/\/gpl-love.com\/es\/wp-json\/wp\/v2\/product_brand?post=110880"},{"taxonomy":"product_cat","embeddable":true,"href":"https:\/\/gpl-love.com\/es\/wp-json\/wp\/v2\/product_cat?post=110880"},{"taxonomy":"product_tag","embeddable":true,"href":"https:\/\/gpl-love.com\/es\/wp-json\/wp\/v2\/product_tag?post=110880"}],"curies":[{"name":"wp","href":"https:\/\/api.w.org\/{rel}","templated":true}]}}