{"id":110876,"date":"2023-02-21T00:00:00","date_gmt":"2023-02-21T05:00:00","guid":{"rendered":"http:\/\/gpl-love.com\/es\/producto\/chef-multi-restaurant-saas-contact-less-digital-menu-admin-panel-with-react-native-app\/"},"modified":"2026-03-09T07:23:39","modified_gmt":"2026-03-09T12:23:39","slug":"chef-multi-restaurant-saas-contact-less-digital-menu-admin-panel-with-react-native-app","status":"publish","type":"product","link":"https:\/\/gpl-love.com\/es\/producto\/chef-multi-restaurant-saas-contact-less-digital-menu-admin-panel-with-react-native-app\/","title":{"rendered":"Chef Multi-restaurant Saas Contact less Digital Menu Admin Panel with React Native App 5.5.4"},"content":{"rendered":"<h3>Chef Multi-restaurant Saas Contact less Digital Menu Admin Panel with React Native App Caracteristicas<\/h3>\n<p>El Men\u00fa digital Chef Multi-Restaurant SaaS sin contacto se presenta como una soluci\u00f3n de vanguardia, que atiende a las necesidades de los restaurantes con el objetivo de renovar sus sistemas de pedidos con un toque de modernidad. Equipado con un panel administrativo f\u00e1cilmente navegable junto con una aplicaci\u00f3n nativa React dise\u00f1ada hacia los clientes, este men\u00fa digital sirve como medio para el pedido y el pago sin contacto, mitigando efectivamente el riesgo de transmisi\u00f3n germinal. A trav\u00e9s de esta soluci\u00f3n de vanguardia, los propietarios de restaurantes adquieren la capacidad de administrar una variedad de men\u00fas desde una ubicaci\u00f3n centralizada, otorg\u00e1ndoles el poder de implementar alteraciones y actualizaciones en tiempo real. Adem\u00e1s, la aplicaci\u00f3n facilita una experiencia de usuario perfecta al brindar a los clientes la oportunidad de leer el men\u00fa, realizar pedidos y ejecutar pagos directamente a trav\u00e9s de sus tel\u00e9fonos inteligentes, simplificando as\u00ed el proceso de pedido al tiempo que mejora la conveniencia. Con la incorporaci\u00f3n de esta tecnolog\u00eda pionera, los restaurantes pueden mejorar efectivamente su generaci\u00f3n de ingresos y establecer un entorno gastron\u00f3mico m\u00e1s seguro, fomentando una sensaci\u00f3n de seguridad entre sus clientes.<\/p>\n<ul>\n<li>Una soluci\u00f3n de men\u00fa digital multimontario de SaaS para la industria moderna de restaurantes<\/li>\n<li>Panel de administraci\u00f3n f\u00e1cil de usar para una gesti\u00f3n perfecta de elementos de men\u00fa, precios y disponibilidad<\/li>\n<li>Funcionalidad del men\u00fa digital sin contacto para mayor seguridad y conveniencia para clientes de restaurantes<\/li>\n<li>Construido con tecnolog\u00eda nativa React, asegurando una experiencia de usuario suave y eficiente<\/li>\n<li>Admite m\u00faltiples idiomas, lo que permite que los restaurantes se adapten a una base de clientes diversas<\/li>\n<li>F\u00e1cil integraci\u00f3n con los sistemas POS de restaurantes existentes para operaciones simplificadas<\/li>\n<li>Opciones de marca personalizables, permitiendo a los restaurantes mostrar su estilo e identidad \u00fanicos<\/li>\n<li>An\u00e1lisis e ideas en tiempo real para ayudar a los propietarios de restaurantes a tomar decisiones basadas en datos y optimizar sus men\u00fas<\/li>\n<li>Planes de precios asequibles adecuados para restaurantes peque\u00f1os y grandes, lo que lo hace accesible para todos.<\/li>\n<\/ul>\n","protected":false},"excerpt":{"rendered":"<p>Presentamos a nuestro chef SaaS de Multi-Restaurant, una soluci\u00f3n integral para todas las necesidades de sus restaurantes. Este sistema est\u00e1 dise\u00f1ado para transformar su negocio en una experiencia perfecta y sin contacto con un men\u00fa accesible digitalmente. Cuenta con un panel de administraci\u00f3n intuitivo que le permite administrar m\u00faltiples restaurantes, asegurando un flujo de trabajo eficiente y operaciones comerciales. Construido con la aplicaci\u00f3n React Native, esta plataforma garantiza un rendimiento de primer nivel e interfaz f\u00e1cil de usar para sus clientes. El men\u00fa digital ofrece una alternativa m\u00e1s segura y moderna a los men\u00fas tradicionales, minimizando el contacto y el aumento de la satisfacci\u00f3n del cliente. Ya sea que sea un solo restaurante o una cadena, nuestra soluci\u00f3n SaaS est\u00e1 dise\u00f1ada para escalar y adaptarse a sus requisitos \u00fanicos. Disfrute de los beneficios de un sistema organizado, f\u00e1cil de navegar y eficiente con nuestro chef SaaS multi-restaurante.<\/p>\n","protected":false},"featured_media":165619,"comment_status":"open","ping_status":"open","template":"","meta":[],"product_brand":[2339],"product_cat":[1214,1206,1211],"product_tag":[1256],"class_list":{"0":"post-110876","1":"product","2":"type-product","3":"status-publish","4":"has-post-thumbnail","6":"product_brand-codecanyon","7":"product_cat-personalizacion","8":"product_cat-plugins","9":"product_cat-wordpress-plugins","10":"product_tag-codecanyon","11":"member-discount","12":"discount-restricted","14":"first","15":"instock","16":"sale","17":"downloadable","18":"virtual","19":"sold-individually","20":"purchasable","21":"product-type-simple"},"_links":{"self":[{"href":"https:\/\/gpl-love.com\/es\/wp-json\/wp\/v2\/product\/110876","targetHints":{"allow":["GET"]}}],"collection":[{"href":"https:\/\/gpl-love.com\/es\/wp-json\/wp\/v2\/product"}],"about":[{"href":"https:\/\/gpl-love.com\/es\/wp-json\/wp\/v2\/types\/product"}],"replies":[{"embeddable":true,"href":"https:\/\/gpl-love.com\/es\/wp-json\/wp\/v2\/comments?post=110876"}],"wp:featuredmedia":[{"embeddable":true,"href":"https:\/\/gpl-love.com\/es\/wp-json\/wp\/v2\/media\/165619"}],"wp:attachment":[{"href":"https:\/\/gpl-love.com\/es\/wp-json\/wp\/v2\/media?parent=110876"}],"wp:term":[{"taxonomy":"product_brand","embeddable":true,"href":"https:\/\/gpl-love.com\/es\/wp-json\/wp\/v2\/product_brand?post=110876"},{"taxonomy":"product_cat","embeddable":true,"href":"https:\/\/gpl-love.com\/es\/wp-json\/wp\/v2\/product_cat?post=110876"},{"taxonomy":"product_tag","embeddable":true,"href":"https:\/\/gpl-love.com\/es\/wp-json\/wp\/v2\/product_tag?post=110876"}],"curies":[{"name":"wp","href":"https:\/\/api.w.org\/{rel}","templated":true}]}}