{"id":110874,"date":"2021-02-24T00:00:00","date_gmt":"2021-02-24T05:00:00","guid":{"rendered":"http:\/\/gpl-love.com\/es\/producto\/quizier-multipurpose-viral-application-capture-leads\/"},"modified":"2026-04-10T11:22:45","modified_gmt":"2026-04-10T16:22:45","slug":"quizier-multipurpose-viral-application-capture-leads","status":"publish","type":"product","link":"https:\/\/gpl-love.com\/es\/producto\/quizier-multipurpose-viral-application-capture-leads\/","title":{"rendered":"Quizier Multipurpose Viral Application y Capture Leads 3.6.0"},"content":{"rendered":"<h3>Quizier Multipurpose Viral Application y Capture Leads Caracteristicas<\/h3>\n<p>Quizier es una aplicaci\u00f3n viral incre\u00edblemente vers\u00e1til y altamente efectiva que ha sido dise\u00f1ada espec\u00edficamente para ayudar a las empresas a capturar clientes potenciales valiosos. Esto se logra mediante la utilizaci\u00f3n de cuestionarios y encuestas interactivas, que han demostrado ser incre\u00edblemente atractivas para los usuarios. La interfaz f\u00e1cil de usar que ofrece Quizier garantiza que las empresas puedan crear cuestionarios y encuestas sin esfuerzo que no solo sean est\u00e9ticamente agradables, sino que tambi\u00e9n tengan la capacidad de atraer la atenci\u00f3n y fomentar el intercambio en numerosas plataformas de redes sociales.<\/p>\n<p>Una de las ventajas clave del interrogador es la capacidad de las empresas para capturar clientes potenciales mediante el uso de formularios de respuesta. Esto significa que al aprovechar el poder de los interrogantes, las empresas pueden construir una extensa lista de correo electr\u00f3nico, que luego se puede utilizar para mejorar la participaci\u00f3n del cliente y las ventas de impulso. Adem\u00e1s, Quizier ofrece una amplia gama de caracter\u00edsticas que mejoran a\u00fan m\u00e1s su efectividad. Por ejemplo, la funci\u00f3n de resultados en vivo proporciona a las empresas datos en tiempo real, lo que les permite obtener informaci\u00f3n valiosa sobre las preferencias y comportamientos del usuario.<\/p>\n<p>Adem\u00e1s, Quizier tambi\u00e9n permite a las empresas personalizar la marca de sus cuestionarios y encuestas. Esto significa que las empresas tienen la oportunidad de crear una experiencia de marca totalmente inmersiva y cohesiva para sus usuarios. Al alinear los cuestionarios y las encuestas con su marca existente, las empresas pueden fortalecer su presencia en l\u00ednea y cultivar una sensaci\u00f3n de familiaridad y confianza con su audiencia.<\/p>\n<p>Por \u00faltimo, Quizier proporciona an\u00e1lisis integrales que permiten a las empresas rastrear y medir el rendimiento de sus cuestionarios y encuestas. Estos datos invaluables permiten a las empresas refinar sus estrategias y optimizar su contenido para resonar mejor con su p\u00fablico objetivo. Al monitorear y analizar continuamente el an\u00e1lisis, las empresas pueden tomar decisiones informadas que finalmente dar\u00e1n como resultado conversiones m\u00e1s altas y el desarrollo de la lealtad del cliente a largo plazo.<\/p>\n<p>En conclusi\u00f3n, Quizier es una herramienta excepcional que permite a las empresas no solo capturar clientes potenciales y mejorar la participaci\u00f3n del cliente, sino tambi\u00e9n para impulsar su presencia en l\u00ednea y convertir a los visitantes en clientes leales. Con su versatilidad, interfaz f\u00e1cil de usar, opciones de marca personalizables y an\u00e1lisis integral, Quizier es realmente un cambio de juego en el mundo de los cuestionarios y encuestas interactivas.<\/p>\n<ul>\n<li>Cree pruebas atractivas para que su audiencia aumente la interacci\u00f3n y la viralidad<\/li>\n<li>Capturar clientes potenciales requeriendo direcci\u00f3n de correo electr\u00f3nico o inicio de sesi\u00f3n en las redes sociales para acceder a los resultados del cuestionario<\/li>\n<li>Personalice el dise\u00f1o y las preguntas de las preguntas para que se ajuste a su marca y al p\u00fablico objetivo<\/li>\n<li>Analice los resultados y los datos de las cuestiones para obtener informaci\u00f3n sobre su audiencia y mejorar las estrategias de marketing<\/li>\n<li>Compartir cuestionarios en m\u00faltiples plataformas que incluyen redes sociales, correo electr\u00f3nico y sitios web<\/li>\n<li>Integrarse con el popular marketing por correo electr\u00f3nico y las herramientas CRM para optimizar la gesti\u00f3n de clientes potenciales<\/li>\n<li>Acceda a plantillas de cuestionarios prefabricadas y bancos de preguntas para una f\u00e1cil creaci\u00f3n de cuestionarios<\/li>\n<li>Proteger el contenido de cuestionario con medidas anti-trato para garantizar una recopilaci\u00f3n de datos precisa<\/li>\n<li>Monitorear el rendimiento del cuestionario con seguimiento y an\u00e1lisis en tiempo real<\/li>\n<li>Aumente el tr\u00e1fico y la participaci\u00f3n del sitio web integrando cuestionarios en su sitio web.<\/li>\n<\/ul>\n","protected":false},"excerpt":{"rendered":"<p>Quizier, la aplicaci\u00f3n incre\u00edblemente vers\u00e1til y din\u00e1micamente viral, posee la notable capacidad de cumplir una multitud de prop\u00f3sitos, abarcando la generaci\u00f3n de leads, la participaci\u00f3n del cliente y la alcance de la audiencia. Este software excepcional, que cuenta con una interfaz intuitiva y una gran cantidad de caracter\u00edsticas personalizables, empodera sin esfuerzo a las empresas para las pruebas y evaluaciones interactivas de moda que aprovechan efectivamente la atenci\u00f3n del usuario y estimulan el inter\u00e9s en sus respectivos productos o servicios. Ya sea que el objetivo es mejorar las redes sociales de uno seguimiento o facilitar la generaci\u00f3n de clientes potenciales para un equipo de ventas, Quizier se considera una soluci\u00f3n integral y que lo abarca todo lo que produce consistentemente resultados impresionantes. \u00bfPor qu\u00e9 procrastinar por m\u00e1s tiempo? \u00a1Emp\u00e1rate en tu viaje intermediario hoy y presencie de primera mano el impacto transformador que tendr\u00e1 en tu capacidad para capturar clientes potenciales e involucrar a los clientes de una manera que nunca antes has experimentado!<\/p>\n","protected":false},"featured_media":167305,"comment_status":"open","ping_status":"open","template":"","meta":[],"product_brand":[2339],"product_cat":[1232,1206,1211],"product_tag":[1256],"class_list":{"0":"post-110874","1":"product","2":"type-product","3":"status-publish","4":"has-post-thumbnail","6":"product_brand-codecanyon","7":"product_cat-marketing-wordpress-plugins","8":"product_cat-plugins","9":"product_cat-wordpress-plugins","10":"product_tag-codecanyon","11":"member-discount","12":"discount-restricted","14":"first","15":"instock","16":"sale","17":"downloadable","18":"virtual","19":"sold-individually","20":"purchasable","21":"product-type-simple"},"_links":{"self":[{"href":"https:\/\/gpl-love.com\/es\/wp-json\/wp\/v2\/product\/110874","targetHints":{"allow":["GET"]}}],"collection":[{"href":"https:\/\/gpl-love.com\/es\/wp-json\/wp\/v2\/product"}],"about":[{"href":"https:\/\/gpl-love.com\/es\/wp-json\/wp\/v2\/types\/product"}],"replies":[{"embeddable":true,"href":"https:\/\/gpl-love.com\/es\/wp-json\/wp\/v2\/comments?post=110874"}],"wp:featuredmedia":[{"embeddable":true,"href":"https:\/\/gpl-love.com\/es\/wp-json\/wp\/v2\/media\/167305"}],"wp:attachment":[{"href":"https:\/\/gpl-love.com\/es\/wp-json\/wp\/v2\/media?parent=110874"}],"wp:term":[{"taxonomy":"product_brand","embeddable":true,"href":"https:\/\/gpl-love.com\/es\/wp-json\/wp\/v2\/product_brand?post=110874"},{"taxonomy":"product_cat","embeddable":true,"href":"https:\/\/gpl-love.com\/es\/wp-json\/wp\/v2\/product_cat?post=110874"},{"taxonomy":"product_tag","embeddable":true,"href":"https:\/\/gpl-love.com\/es\/wp-json\/wp\/v2\/product_tag?post=110874"}],"curies":[{"name":"wp","href":"https:\/\/api.w.org\/{rel}","templated":true}]}}